{"id":5006,"date":"2011-10-10T21:02:45","date_gmt":"2011-10-11T00:02:45","guid":{"rendered":"http:\/\/ajupe.com.uy\/web\/?post_type=product&#038;p=5006"},"modified":"2011-10-25T18:47:39","modified_gmt":"2011-10-25T21:47:39","slug":"camel-club","status":"publish","type":"product","link":"https:\/\/ajupe.com.uy\/web\/biblioteca\/camel-club\/","title":{"rendered":"Camel Club"},"content":{"rendered":"<p>El Camel Club de Washington D.C. es el   lugar de encuentro de cuatro hombres exc\u00e9ntricos. All\u00ed analizan los  acontecimientos m\u00e1s destacados de la pol\u00edtica y econom\u00eda de su pa\u00eds,  discuten sobre las actuaciones de su gobierno, y especulan sobre  posibles conspiraciones. Un d\u00eda, una de estas especulaciones se  convierte en una amenaza real<a href=\"http:\/\/www.lecturalia.com\/libro\/14542\/camel-club\" rel=\"nofollow\" style=\"color: #005f00; text-decoration: underline; border-bottom: 1px dotted;\"><\/a>, en un acontecimiento que podr\u00eda cambiar el curso de la  historia.<\/p>\n","protected":false},"excerpt":{"rendered":"<p>El Camel Club de Washington D.C. es el lugar de encuentro de cuatro hombres exc\u00e9ntricos. All\u00ed analizan los acontecimientos m\u00e1s destacados de la pol\u00edtica y econom\u00eda de su pa\u00eds, discuten sobre las actuaciones de su gobierno, y especulan sobre posibles conspiraciones. Un d\u00eda, una de estas especulaciones se convierte en una amenaza real, en un [&hellip;]<\/p>\n","protected":false},"featured_media":5007,"template":"","meta":[],"product_brand":[414],"product_cat":[40,30],"product_tag":[],"class_list":{"0":"post-5006","1":"product","2":"type-product","3":"status-publish","4":"has-post-thumbnail","6":"product_brand-david-baldacci","7":"product_cat-policial","8":"product_cat-suspenso","10":"first","11":"instock","12":"purchasable","13":"product-type-simple"},"featured_image_urls_v2":{"full":["https:\/\/ajupe.com.uy\/web\/wp-content\/uploads\/2016\/04\/p-5006-Camel_Club_4e935d75886f5.gif",100,150,false],"thumbnail":["https:\/\/ajupe.com.uy\/web\/wp-content\/uploads\/2016\/04\/p-5006-Camel_Club_4e935d75886f5.gif",150,150,true],"medium":["https:\/\/ajupe.com.uy\/web\/wp-content\/uploads\/2016\/04\/p-5006-Camel_Club_4e935d75886f5.gif",300,214,true],"medium_large":["https:\/\/ajupe.com.uy\/web\/wp-content\/uploads\/2016\/04\/p-5006-Camel_Club_4e935d75886f5.gif",100,150,false],"large":["https:\/\/ajupe.com.uy\/web\/wp-content\/uploads\/2016\/04\/p-5006-Camel_Club_4e935d75886f5.gif",100,150,false],"1536x1536":["https:\/\/ajupe.com.uy\/web\/wp-content\/uploads\/2016\/04\/p-5006-Camel_Club_4e935d75886f5.gif",100,150,false],"2048x2048":["https:\/\/ajupe.com.uy\/web\/wp-content\/uploads\/2016\/04\/p-5006-Camel_Club_4e935d75886f5.gif",100,150,false],"woocommerce_archive_thumbnail":["https:\/\/ajupe.com.uy\/web\/wp-content\/uploads\/2016\/04\/p-5006-Camel_Club_4e935d75886f5.gif",100,150,false],"woocommerce_thumbnail":["https:\/\/ajupe.com.uy\/web\/wp-content\/uploads\/2016\/04\/p-5006-Camel_Club_4e935d75886f5.gif",100,150,false],"woocommerce_single":["https:\/\/ajupe.com.uy\/web\/wp-content\/uploads\/2016\/04\/p-5006-Camel_Club_4e935d75886f5.gif",100,150,false],"woocommerce_gallery_thumbnail":["https:\/\/ajupe.com.uy\/web\/wp-content\/uploads\/2016\/04\/p-5006-Camel_Club_4e935d75886f5-100x100.gif",100,100,true]},"post_excerpt_stackable_v2":"<p>El Camel Club de Washington D.C. es el lugar de encuentro de cuatro hombres exc\u00e9ntricos. All\u00ed analizan los acontecimientos m\u00e1s destacados de la pol\u00edtica y econom\u00eda de su pa\u00eds, discuten sobre las actuaciones de su gobierno, y especulan sobre posibles conspiraciones. Un d\u00eda, una de estas especulaciones se convierte en una amenaza real, en un acontecimiento que podr\u00eda cambiar el curso de la historia.<\/p>\n","category_list_v2":"","author_info_v2":{"name":"","url":""},"comments_num_v2":"0 comentarios","_links":{"self":[{"href":"https:\/\/ajupe.com.uy\/web\/wp-json\/wp\/v2\/product\/5006","targetHints":{"allow":["GET"]}}],"collection":[{"href":"https:\/\/ajupe.com.uy\/web\/wp-json\/wp\/v2\/product"}],"about":[{"href":"https:\/\/ajupe.com.uy\/web\/wp-json\/wp\/v2\/types\/product"}],"wp:featuredmedia":[{"embeddable":true,"href":"https:\/\/ajupe.com.uy\/web\/wp-json\/wp\/v2\/media\/5007"}],"wp:attachment":[{"href":"https:\/\/ajupe.com.uy\/web\/wp-json\/wp\/v2\/media?parent=5006"}],"wp:term":[{"taxonomy":"product_brand","embeddable":true,"href":"https:\/\/ajupe.com.uy\/web\/wp-json\/wp\/v2\/product_brand?post=5006"},{"taxonomy":"product_cat","embeddable":true,"href":"https:\/\/ajupe.com.uy\/web\/wp-json\/wp\/v2\/product_cat?post=5006"},{"taxonomy":"product_tag","embeddable":true,"href":"https:\/\/ajupe.com.uy\/web\/wp-json\/wp\/v2\/product_tag?post=5006"}],"curies":[{"name":"wp","href":"https:\/\/api.w.org\/{rel}","templated":true}]}}