{"id":5012,"date":"2011-10-10T21:08:19","date_gmt":"2011-10-11T00:08:19","guid":{"rendered":"http:\/\/ajupe.com.uy\/web\/?post_type=product&#038;p=5012"},"modified":"2011-10-25T18:34:39","modified_gmt":"2011-10-25T21:34:39","slug":"el-tercer-grado","status":"publish","type":"product","link":"https:\/\/ajupe.com.uy\/web\/biblioteca\/el-tercer-grado\/","title":{"rendered":"El tercer grado"},"content":{"rendered":"<p>La detective Lindsay Boxer sabe que la ola de cr\u00edmenes que sacude  San Francisco es algo m\u00e1s que la obra de un criminal desquiciado&#8230;  pero no puede imaginar que se trata del comienzo de una guerra de  consecuencias imprevisibles. Junto a sus amigas Jill, <a href=\"http:\/\/www.lecturalia.com\/libro\/2326\/el-tercer-grado\" style=\"color: #005f00; text-decoration: underline; border-bottom: 1px dotted;\">abogada<\/a>, Claire, forense, y Cindy, reportera, Lindsay intenta atar todos los cabos: bombas, venenos\u2026notas enigm\u00e1ticas&#8230;<br \/> Alguien ha decidido resucitar los viejos lemas contra los <a href=\"http:\/\/www.lecturalia.com\/libro\/2326\/el-tercer-grado\" style=\"color: #005f00; text-decoration: underline; border-bottom: 1px dotted;\">poderes<\/a> econ\u00f3micos del planeta y convertirlos en una aut\u00e9ntica guerra, y  Lindsay se encuentra en el centro del campo de batalla. Mientras la  detective y sus amigas intentan descifrar los verdaderos motivos de los  criminales, una de ellas est\u00e1 siendo v\u00edctima de su propio infierno de  violencia. Acci\u00f3n, intriga y giros inesperados son las se\u00f1as de  identidad de las novelas de Patterson, que ha seducido a millones de  lectores en sus libros protagonizados por el Club de las Mujeres contra  el Crimen.<\/p>\n","protected":false},"excerpt":{"rendered":"<p>La detective Lindsay Boxer sabe que la ola de cr\u00edmenes que sacude San Francisco es algo m\u00e1s que la obra de un criminal desquiciado&#8230; pero no puede imaginar que se trata del comienzo de una guerra de consecuencias imprevisibles. Junto a sus amigas Jill, abogada, Claire, forense, y Cindy, reportera, Lindsay intenta atar todos los [&hellip;]<\/p>\n","protected":false},"featured_media":5013,"template":"","meta":[],"product_brand":[720],"product_cat":[43,30],"product_tag":[],"class_list":{"0":"post-5012","1":"product","2":"type-product","3":"status-publish","4":"has-post-thumbnail","6":"product_brand-james-patterson","7":"product_cat-espionaje","8":"product_cat-suspenso","10":"first","11":"instock","12":"purchasable","13":"product-type-simple"},"featured_image_urls_v2":{"full":["https:\/\/ajupe.com.uy\/web\/wp-content\/uploads\/2016\/04\/p-5012-_El_tercer_grado_4e935ec30d0ef.jpg",293,450,false],"thumbnail":["https:\/\/ajupe.com.uy\/web\/wp-content\/uploads\/2016\/04\/p-5012-_El_tercer_grado_4e935ec30d0ef.jpg",98,150,false],"medium":["https:\/\/ajupe.com.uy\/web\/wp-content\/uploads\/2016\/04\/p-5012-_El_tercer_grado_4e935ec30d0ef.jpg",195,300,false],"medium_large":["https:\/\/ajupe.com.uy\/web\/wp-content\/uploads\/2016\/04\/p-5012-_El_tercer_grado_4e935ec30d0ef.jpg",293,450,false],"large":["https:\/\/ajupe.com.uy\/web\/wp-content\/uploads\/2016\/04\/p-5012-_El_tercer_grado_4e935ec30d0ef.jpg",293,450,false],"1536x1536":["https:\/\/ajupe.com.uy\/web\/wp-content\/uploads\/2016\/04\/p-5012-_El_tercer_grado_4e935ec30d0ef.jpg",293,450,false],"2048x2048":["https:\/\/ajupe.com.uy\/web\/wp-content\/uploads\/2016\/04\/p-5012-_El_tercer_grado_4e935ec30d0ef.jpg",293,450,false],"woocommerce_archive_thumbnail":["https:\/\/ajupe.com.uy\/web\/wp-content\/uploads\/2016\/04\/p-5012-_El_tercer_grado_4e935ec30d0ef.jpg",293,450,false],"woocommerce_thumbnail":["https:\/\/ajupe.com.uy\/web\/wp-content\/uploads\/2016\/04\/p-5012-_El_tercer_grado_4e935ec30d0ef-293x300.jpg",293,300,true],"woocommerce_single":["https:\/\/ajupe.com.uy\/web\/wp-content\/uploads\/2016\/04\/p-5012-_El_tercer_grado_4e935ec30d0ef.jpg",293,450,false],"woocommerce_gallery_thumbnail":["https:\/\/ajupe.com.uy\/web\/wp-content\/uploads\/2016\/04\/p-5012-_El_tercer_grado_4e935ec30d0ef-100x100.jpg",100,100,true]},"post_excerpt_stackable_v2":"<p>La detective Lindsay Boxer sabe que la ola de cr\u00edmenes que sacude San Francisco es algo m\u00e1s que la obra de un criminal desquiciado&#8230; pero no puede imaginar que se trata del comienzo de una guerra de consecuencias imprevisibles. Junto a sus amigas Jill, abogada, Claire, forense, y Cindy, reportera, Lindsay intenta atar todos los cabos: bombas, venenos\u2026notas enigm\u00e1ticas&#8230; Alguien ha decidido resucitar los viejos lemas contra los poderes econ\u00f3micos del planeta y convertirlos en una aut\u00e9ntica guerra, y Lindsay se encuentra en el centro del campo de batalla. Mientras la detective y sus amigas intentan descifrar los verdaderos motivos&hellip;<\/p>\n","category_list_v2":"","author_info_v2":{"name":"","url":""},"comments_num_v2":"0 comentarios","_links":{"self":[{"href":"https:\/\/ajupe.com.uy\/web\/wp-json\/wp\/v2\/product\/5012","targetHints":{"allow":["GET"]}}],"collection":[{"href":"https:\/\/ajupe.com.uy\/web\/wp-json\/wp\/v2\/product"}],"about":[{"href":"https:\/\/ajupe.com.uy\/web\/wp-json\/wp\/v2\/types\/product"}],"wp:featuredmedia":[{"embeddable":true,"href":"https:\/\/ajupe.com.uy\/web\/wp-json\/wp\/v2\/media\/5013"}],"wp:attachment":[{"href":"https:\/\/ajupe.com.uy\/web\/wp-json\/wp\/v2\/media?parent=5012"}],"wp:term":[{"taxonomy":"product_brand","embeddable":true,"href":"https:\/\/ajupe.com.uy\/web\/wp-json\/wp\/v2\/product_brand?post=5012"},{"taxonomy":"product_cat","embeddable":true,"href":"https:\/\/ajupe.com.uy\/web\/wp-json\/wp\/v2\/product_cat?post=5012"},{"taxonomy":"product_tag","embeddable":true,"href":"https:\/\/ajupe.com.uy\/web\/wp-json\/wp\/v2\/product_tag?post=5012"}],"curies":[{"name":"wp","href":"https:\/\/api.w.org\/{rel}","templated":true}]}}