{"id":5036,"date":"2011-10-10T21:46:22","date_gmt":"2011-10-11T00:46:22","guid":{"rendered":"http:\/\/ajupe.com.uy\/web\/?post_type=product&#038;p=5036"},"modified":"2011-10-10T21:46:22","modified_gmt":"2011-10-11T00:46:22","slug":"la-vision-de-un-colorado","status":"publish","type":"product","link":"https:\/\/ajupe.com.uy\/web\/biblioteca\/la-vision-de-un-colorado\/","title":{"rendered":"La Vision de un Colorado"},"content":{"rendered":"<p><span style=\"margin-top: 0pt; margin-bottom: 0pt;\">El  autor, tomando como hilo conductor su propia trayectoria, se introduce  en una cr\u00f3nica detallada de los m\u00e1s importantes acontecimientos  pol\u00edticos ocurridos en el Uruguay durante la segunda mitad del Siglo XX.  El relato minucioso cumple una misi\u00f3n informativa, sobre todo para las  j\u00f3venes generaciones que no conocieron directamente esos hechos.  Independientemente de ello, su visi\u00f3n, como colorado y batllista, deja  abierta impl\u00edcitamente una l\u00ednea de interpretaci\u00f3n sobre las causas que  condujeron a la gran derrota sufrida por el Partido Colorado a comienzos  del siglo XXI y su proyecci\u00f3n hacia el futuro.<\/span><\/p>\n","protected":false},"excerpt":{"rendered":"<p>El autor, tomando como hilo conductor su propia trayectoria, se introduce en una cr\u00f3nica detallada de los m\u00e1s importantes acontecimientos pol\u00edticos ocurridos en el Uruguay durante la segunda mitad del Siglo XX. El relato minucioso cumple una misi\u00f3n informativa, sobre todo para las j\u00f3venes generaciones que no conocieron directamente esos hechos. Independientemente de ello, su [&hellip;]<\/p>\n","protected":false},"featured_media":5037,"template":"","meta":[],"product_brand":[932],"product_cat":[34,45],"product_tag":[],"class_list":{"0":"post-5036","1":"product","2":"type-product","3":"status-publish","4":"has-post-thumbnail","6":"product_brand-washington-bado","7":"product_cat-otros","8":"product_cat-uruguayo","10":"first","11":"instock","12":"purchasable","13":"product-type-simple"},"featured_image_urls_v2":{"full":["https:\/\/ajupe.com.uy\/web\/wp-content\/uploads\/2016\/04\/p-5036-La_Vision_de_un__4e9367ae47f3d.jpg",668,899,false],"thumbnail":["https:\/\/ajupe.com.uy\/web\/wp-content\/uploads\/2016\/04\/p-5036-La_Vision_de_un__4e9367ae47f3d.jpg",150,150,true],"medium":["https:\/\/ajupe.com.uy\/web\/wp-content\/uploads\/2016\/04\/p-5036-La_Vision_de_un__4e9367ae47f3d.jpg",300,214,true],"medium_large":["https:\/\/ajupe.com.uy\/web\/wp-content\/uploads\/2016\/04\/p-5036-La_Vision_de_un__4e9367ae47f3d.jpg",668,899,false],"large":["https:\/\/ajupe.com.uy\/web\/wp-content\/uploads\/2016\/04\/p-5036-La_Vision_de_un__4e9367ae47f3d.jpg",668,899,false],"1536x1536":["https:\/\/ajupe.com.uy\/web\/wp-content\/uploads\/2016\/04\/p-5036-La_Vision_de_un__4e9367ae47f3d.jpg",668,899,false],"2048x2048":["https:\/\/ajupe.com.uy\/web\/wp-content\/uploads\/2016\/04\/p-5036-La_Vision_de_un__4e9367ae47f3d.jpg",668,899,false],"woocommerce_archive_thumbnail":["https:\/\/ajupe.com.uy\/web\/wp-content\/uploads\/2016\/04\/p-5036-La_Vision_de_un__4e9367ae47f3d-300x450.jpg",300,450,true],"woocommerce_thumbnail":["https:\/\/ajupe.com.uy\/web\/wp-content\/uploads\/2016\/04\/p-5036-La_Vision_de_un__4e9367ae47f3d-300x300.jpg",300,300,true],"woocommerce_single":["https:\/\/ajupe.com.uy\/web\/wp-content\/uploads\/2016\/04\/p-5036-La_Vision_de_un__4e9367ae47f3d-300x404.jpg",300,404,true],"woocommerce_gallery_thumbnail":["https:\/\/ajupe.com.uy\/web\/wp-content\/uploads\/2016\/04\/p-5036-La_Vision_de_un__4e9367ae47f3d-100x100.jpg",100,100,true]},"post_excerpt_stackable_v2":"<p>El autor, tomando como hilo conductor su propia trayectoria, se introduce en una cr\u00f3nica detallada de los m\u00e1s importantes acontecimientos pol\u00edticos ocurridos en el Uruguay durante la segunda mitad del Siglo XX. El relato minucioso cumple una misi\u00f3n informativa, sobre todo para las j\u00f3venes generaciones que no conocieron directamente esos hechos. Independientemente de ello, su visi\u00f3n, como colorado y batllista, deja abierta impl\u00edcitamente una l\u00ednea de interpretaci\u00f3n sobre las causas que condujeron a la gran derrota sufrida por el Partido Colorado a comienzos del siglo XXI y su proyecci\u00f3n hacia el futuro.<\/p>\n","category_list_v2":"","author_info_v2":{"name":"","url":""},"comments_num_v2":"0 comentarios","_links":{"self":[{"href":"https:\/\/ajupe.com.uy\/web\/wp-json\/wp\/v2\/product\/5036","targetHints":{"allow":["GET"]}}],"collection":[{"href":"https:\/\/ajupe.com.uy\/web\/wp-json\/wp\/v2\/product"}],"about":[{"href":"https:\/\/ajupe.com.uy\/web\/wp-json\/wp\/v2\/types\/product"}],"wp:featuredmedia":[{"embeddable":true,"href":"https:\/\/ajupe.com.uy\/web\/wp-json\/wp\/v2\/media\/5037"}],"wp:attachment":[{"href":"https:\/\/ajupe.com.uy\/web\/wp-json\/wp\/v2\/media?parent=5036"}],"wp:term":[{"taxonomy":"product_brand","embeddable":true,"href":"https:\/\/ajupe.com.uy\/web\/wp-json\/wp\/v2\/product_brand?post=5036"},{"taxonomy":"product_cat","embeddable":true,"href":"https:\/\/ajupe.com.uy\/web\/wp-json\/wp\/v2\/product_cat?post=5036"},{"taxonomy":"product_tag","embeddable":true,"href":"https:\/\/ajupe.com.uy\/web\/wp-json\/wp\/v2\/product_tag?post=5036"}],"curies":[{"name":"wp","href":"https:\/\/api.w.org\/{rel}","templated":true}]}}