{"id":5039,"date":"2011-10-10T21:49:18","date_gmt":"2011-10-11T00:49:18","guid":{"rendered":"http:\/\/ajupe.com.uy\/web\/?post_type=product&#038;p=5039"},"modified":"2011-10-25T18:37:47","modified_gmt":"2011-10-25T21:37:47","slug":"la-herejia","status":"publish","type":"product","link":"https:\/\/ajupe.com.uy\/web\/biblioteca\/la-herejia\/","title":{"rendered":"La herej\u00eda"},"content":{"rendered":"<p>Un <a href=\"http:\/\/www.lecturalia.com\/libro\/3503\/la-herejia\" style=\"color: #005f00; text-decoration: underline; border-bottom: 1px dotted;\"><\/a>thriller sorprendente, tenebroso, cuya acci\u00f3n transcurre en plena Edad Media.  Invierno de 1284; los habitantes de Draguan, una peque\u00f1a poblaci\u00f3n del  condado de Toulouse, viven aterrorizados desde que el d\u00eda arrastr\u00f3 hasta  ellos unos cuerpos descuartizados. El obispo Haquin env\u00eda a unos  hombres aguas arriba para investigar el crimen y estos vuelven con una  extra\u00f1a noticia: en mitad de unos nauseabundos pantanos han descubierto  un pueblo en ruinas, Harteloup. Nadie sabe qu\u00e9 les ocurri\u00f3 a los  habitantes. El descubrimiento despierta el inter\u00e9s de Roma, hasta que un  nuevo asesinato, esta vez sacr\u00edlego, reclama su atenci\u00f3n: ahora es el  obispo Haquin el que aparece muerto en extra\u00f1as circunstancias. Dos  investigaciones han quedado abiertas: la del monje Chuquet, a la caza  del asesino del obispo, y la del cura Henno Gui, sobre las  circunstancias que convirtieron Harteloup en un pueblo maldito. Ambas  son dos cabos de un mismo ovillo que acabar\u00e1n desvelando una serie de  tenebrosas maquinaciones en el seno de las altas esferas eclesi\u00e1sticas.  Ficci\u00f3n e historia conjugadas con gran ingenio y pulso narrativo en  torno a las supersticiones, al oscurantismo, al enfrentamiento entre la  Iglesia y la ciencia, y la sed de poder.<\/p>\n","protected":false},"excerpt":{"rendered":"<p>Un thriller sorprendente, tenebroso, cuya acci\u00f3n transcurre en plena Edad Media. Invierno de 1284; los habitantes de Draguan, una peque\u00f1a poblaci\u00f3n del condado de Toulouse, viven aterrorizados desde que el d\u00eda arrastr\u00f3 hasta ellos unos cuerpos descuartizados. El obispo Haquin env\u00eda a unos hombres aguas arriba para investigar el crimen y estos vuelven con una [&hellip;]<\/p>\n","protected":false},"featured_media":5040,"template":"","meta":[],"product_brand":[875],"product_cat":[30,48],"product_tag":[],"class_list":{"0":"post-5039","1":"product","2":"type-product","3":"status-publish","4":"has-post-thumbnail","6":"product_brand-romain-sardou","7":"product_cat-suspenso","8":"product_cat-thrillers","10":"first","11":"instock","12":"purchasable","13":"product-type-simple"},"featured_image_urls_v2":{"full":["https:\/\/ajupe.com.uy\/web\/wp-content\/uploads\/2016\/04\/p-5039-La_herej__a_4e93685e5b9d9.jpg",102,152,false],"thumbnail":["https:\/\/ajupe.com.uy\/web\/wp-content\/uploads\/2016\/04\/p-5039-La_herej__a_4e93685e5b9d9.jpg",150,150,true],"medium":["https:\/\/ajupe.com.uy\/web\/wp-content\/uploads\/2016\/04\/p-5039-La_herej__a_4e93685e5b9d9.jpg",300,214,true],"medium_large":["https:\/\/ajupe.com.uy\/web\/wp-content\/uploads\/2016\/04\/p-5039-La_herej__a_4e93685e5b9d9.jpg",102,152,false],"large":["https:\/\/ajupe.com.uy\/web\/wp-content\/uploads\/2016\/04\/p-5039-La_herej__a_4e93685e5b9d9.jpg",102,152,false],"1536x1536":["https:\/\/ajupe.com.uy\/web\/wp-content\/uploads\/2016\/04\/p-5039-La_herej__a_4e93685e5b9d9.jpg",102,152,false],"2048x2048":["https:\/\/ajupe.com.uy\/web\/wp-content\/uploads\/2016\/04\/p-5039-La_herej__a_4e93685e5b9d9.jpg",102,152,false],"woocommerce_archive_thumbnail":["https:\/\/ajupe.com.uy\/web\/wp-content\/uploads\/2016\/04\/p-5039-La_herej__a_4e93685e5b9d9.jpg",102,152,false],"woocommerce_thumbnail":["https:\/\/ajupe.com.uy\/web\/wp-content\/uploads\/2016\/04\/p-5039-La_herej__a_4e93685e5b9d9.jpg",102,152,false],"woocommerce_single":["https:\/\/ajupe.com.uy\/web\/wp-content\/uploads\/2016\/04\/p-5039-La_herej__a_4e93685e5b9d9.jpg",102,152,false],"woocommerce_gallery_thumbnail":["https:\/\/ajupe.com.uy\/web\/wp-content\/uploads\/2016\/04\/p-5039-La_herej__a_4e93685e5b9d9-100x100.jpg",100,100,true]},"post_excerpt_stackable_v2":"<p>Un thriller sorprendente, tenebroso, cuya acci\u00f3n transcurre en plena Edad Media. Invierno de 1284; los habitantes de Draguan, una peque\u00f1a poblaci\u00f3n del condado de Toulouse, viven aterrorizados desde que el d\u00eda arrastr\u00f3 hasta ellos unos cuerpos descuartizados. El obispo Haquin env\u00eda a unos hombres aguas arriba para investigar el crimen y estos vuelven con una extra\u00f1a noticia: en mitad de unos nauseabundos pantanos han descubierto un pueblo en ruinas, Harteloup. Nadie sabe qu\u00e9 les ocurri\u00f3 a los habitantes. El descubrimiento despierta el inter\u00e9s de Roma, hasta que un nuevo asesinato, esta vez sacr\u00edlego, reclama su atenci\u00f3n: ahora es el obispo&hellip;<\/p>\n","category_list_v2":"","author_info_v2":{"name":"","url":""},"comments_num_v2":"0 comentarios","_links":{"self":[{"href":"https:\/\/ajupe.com.uy\/web\/wp-json\/wp\/v2\/product\/5039","targetHints":{"allow":["GET"]}}],"collection":[{"href":"https:\/\/ajupe.com.uy\/web\/wp-json\/wp\/v2\/product"}],"about":[{"href":"https:\/\/ajupe.com.uy\/web\/wp-json\/wp\/v2\/types\/product"}],"wp:featuredmedia":[{"embeddable":true,"href":"https:\/\/ajupe.com.uy\/web\/wp-json\/wp\/v2\/media\/5040"}],"wp:attachment":[{"href":"https:\/\/ajupe.com.uy\/web\/wp-json\/wp\/v2\/media?parent=5039"}],"wp:term":[{"taxonomy":"product_brand","embeddable":true,"href":"https:\/\/ajupe.com.uy\/web\/wp-json\/wp\/v2\/product_brand?post=5039"},{"taxonomy":"product_cat","embeddable":true,"href":"https:\/\/ajupe.com.uy\/web\/wp-json\/wp\/v2\/product_cat?post=5039"},{"taxonomy":"product_tag","embeddable":true,"href":"https:\/\/ajupe.com.uy\/web\/wp-json\/wp\/v2\/product_tag?post=5039"}],"curies":[{"name":"wp","href":"https:\/\/api.w.org\/{rel}","templated":true}]}}