{"id":5042,"date":"2011-10-10T21:50:22","date_gmt":"2011-10-11T00:50:22","guid":{"rendered":"http:\/\/ajupe.com.uy\/web\/?post_type=product&#038;p=5042"},"modified":"2011-10-10T21:50:22","modified_gmt":"2011-10-11T00:50:22","slug":"la-caceria-del-caballero","status":"publish","type":"product","link":"https:\/\/ajupe.com.uy\/web\/biblioteca\/la-caceria-del-caballero\/","title":{"rendered":"La Cacer\u00eda del Caballero"},"content":{"rendered":"<p>Un d\u00eda un hombre deja un sobre en la mesa del restaurante donde almuerza Claudio Paolillo y se esfuma en segundos.<\/p>\n<p>El  periodista, sorprendido, lo abre, y a partir de su contenido comienza a  seguir las huellas del pr\u00f3fugo m\u00e1s buscado por la justicia uruguaya:  Juan Peirano Basso.<\/p>\n<p>Este  libro relata, como si fuera una novela, la b\u00fasqueda que jueces,  polic\u00edas, funcionarios de gobiernos de varios pa\u00edses e investigadores  privados han hecho de este hombre, acusado de usurpar los ahorros de  miles de familias para su propio beneficio y el de sus allegados.<\/p>\n<p>Pero, a diferencia de una novela y aunque parezca ficci\u00f3n, el libro cuenta la cacer\u00eda y la vida del fugitivo.<\/p>\n<p>\u00bfC\u00f3mo  viv\u00eda Juan Peirano Basso? \u00bfCon qui\u00e9n se vinculaba? \u00bfC\u00f3mo realizaba sus  movimientos financieros? \u00bfPor qu\u00e9 el gobierno de los Estados Unidos le  otorg\u00f3 la preciada \u00abgreen card\u00bb?<\/p>\n<p>Con  la rigurosidad que caracteriza a Claudio Paolillo, autor del  best-seller \u00abCon los d\u00edas contados\u00bb y Director-Editor General del  Semanario B\u00fasqueda, este libro cuenta muchas cosas que pr\u00e1cticamente  nadie sab\u00eda hasta que \u00e9l las revel\u00f3.<\/p>\n<p>Si esta historia no fuera real, \u00abLa cacer\u00eda del caballero\u00bb ser\u00eda una novela entretenida.<\/p>\n<p>Al estar fundada en hechos verdaderos, es un documento revelador y, por cierto, preocupante.\ufeff\ufeff<\/p>\n","protected":false},"excerpt":{"rendered":"<p>Un d\u00eda un hombre deja un sobre en la mesa del restaurante donde almuerza Claudio Paolillo y se esfuma en segundos. El periodista, sorprendido, lo abre, y a partir de su contenido comienza a seguir las huellas del pr\u00f3fugo m\u00e1s buscado por la justicia uruguaya: Juan Peirano Basso. Este libro relata, como si fuera una [&hellip;]<\/p>\n","protected":false},"featured_media":5043,"template":"","meta":[],"product_brand":[433],"product_cat":[34,45],"product_tag":[],"class_list":{"0":"post-5042","1":"product","2":"type-product","3":"status-publish","4":"has-post-thumbnail","6":"product_brand-claudio-paolillo","7":"product_cat-otros","8":"product_cat-uruguayo","10":"first","11":"instock","12":"purchasable","13":"product-type-simple"},"featured_image_urls_v2":{"full":["https:\/\/ajupe.com.uy\/web\/wp-content\/uploads\/2016\/04\/p-5042-La_Cacer__a_del__4e93689e80c01.jpg",300,300,false],"thumbnail":["https:\/\/ajupe.com.uy\/web\/wp-content\/uploads\/2016\/04\/p-5042-La_Cacer__a_del__4e93689e80c01.jpg",150,150,true],"medium":["https:\/\/ajupe.com.uy\/web\/wp-content\/uploads\/2016\/04\/p-5042-La_Cacer__a_del__4e93689e80c01.jpg",300,214,true],"medium_large":["https:\/\/ajupe.com.uy\/web\/wp-content\/uploads\/2016\/04\/p-5042-La_Cacer__a_del__4e93689e80c01.jpg",300,300,false],"large":["https:\/\/ajupe.com.uy\/web\/wp-content\/uploads\/2016\/04\/p-5042-La_Cacer__a_del__4e93689e80c01.jpg",300,300,false],"1536x1536":["https:\/\/ajupe.com.uy\/web\/wp-content\/uploads\/2016\/04\/p-5042-La_Cacer__a_del__4e93689e80c01.jpg",300,300,false],"2048x2048":["https:\/\/ajupe.com.uy\/web\/wp-content\/uploads\/2016\/04\/p-5042-La_Cacer__a_del__4e93689e80c01.jpg",300,300,false],"woocommerce_archive_thumbnail":["https:\/\/ajupe.com.uy\/web\/wp-content\/uploads\/2016\/04\/p-5042-La_Cacer__a_del__4e93689e80c01.jpg",300,300,false],"woocommerce_thumbnail":["https:\/\/ajupe.com.uy\/web\/wp-content\/uploads\/2016\/04\/p-5042-La_Cacer__a_del__4e93689e80c01.jpg",300,300,false],"woocommerce_single":["https:\/\/ajupe.com.uy\/web\/wp-content\/uploads\/2016\/04\/p-5042-La_Cacer__a_del__4e93689e80c01.jpg",300,300,false],"woocommerce_gallery_thumbnail":["https:\/\/ajupe.com.uy\/web\/wp-content\/uploads\/2016\/04\/p-5042-La_Cacer__a_del__4e93689e80c01-100x100.jpg",100,100,true]},"post_excerpt_stackable_v2":"<p>Un d\u00eda un hombre deja un sobre en la mesa del restaurante donde almuerza Claudio Paolillo y se esfuma en segundos. El periodista, sorprendido, lo abre, y a partir de su contenido comienza a seguir las huellas del pr\u00f3fugo m\u00e1s buscado por la justicia uruguaya: Juan Peirano Basso. Este libro relata, como si fuera una novela, la b\u00fasqueda que jueces, polic\u00edas, funcionarios de gobiernos de varios pa\u00edses e investigadores privados han hecho de este hombre, acusado de usurpar los ahorros de miles de familias para su propio beneficio y el de sus allegados. Pero, a diferencia de una novela y&hellip;<\/p>\n","category_list_v2":"","author_info_v2":{"name":"","url":""},"comments_num_v2":"0 comentarios","_links":{"self":[{"href":"https:\/\/ajupe.com.uy\/web\/wp-json\/wp\/v2\/product\/5042","targetHints":{"allow":["GET"]}}],"collection":[{"href":"https:\/\/ajupe.com.uy\/web\/wp-json\/wp\/v2\/product"}],"about":[{"href":"https:\/\/ajupe.com.uy\/web\/wp-json\/wp\/v2\/types\/product"}],"wp:featuredmedia":[{"embeddable":true,"href":"https:\/\/ajupe.com.uy\/web\/wp-json\/wp\/v2\/media\/5043"}],"wp:attachment":[{"href":"https:\/\/ajupe.com.uy\/web\/wp-json\/wp\/v2\/media?parent=5042"}],"wp:term":[{"taxonomy":"product_brand","embeddable":true,"href":"https:\/\/ajupe.com.uy\/web\/wp-json\/wp\/v2\/product_brand?post=5042"},{"taxonomy":"product_cat","embeddable":true,"href":"https:\/\/ajupe.com.uy\/web\/wp-json\/wp\/v2\/product_cat?post=5042"},{"taxonomy":"product_tag","embeddable":true,"href":"https:\/\/ajupe.com.uy\/web\/wp-json\/wp\/v2\/product_tag?post=5042"}],"curies":[{"name":"wp","href":"https:\/\/api.w.org\/{rel}","templated":true}]}}