{"id":5045,"date":"2011-10-10T21:54:01","date_gmt":"2011-10-11T00:54:01","guid":{"rendered":"http:\/\/ajupe.com.uy\/web\/?post_type=product&#038;p=5045"},"modified":"2011-10-25T18:43:48","modified_gmt":"2011-10-25T21:43:48","slug":"el-tercer-lado-de-los-ojos","status":"publish","type":"product","link":"https:\/\/ajupe.com.uy\/web\/biblioteca\/el-tercer-lado-de-los-ojos\/","title":{"rendered":"El Tercer Lado de los Ojos"},"content":{"rendered":"<p>Nombre: Jordan Marsalis Nombre: Maureen Martini Estatura: 1,86 Estatura:  1,72 Ojos: Azules Ojos: Negros Pelo: Canoso Pelo: Negro Edad: 37 a\u00f1os  Edad: 29 a\u00f1os Direcci\u00f3n: 54 West 16th Direcci\u00f3n: Via della Polveriera 44  Cargo: Ex teniente de Cargo:Comisario de polic\u00eda polic\u00eda Ciudad: Nueva  York Ciudad: Roma  Las vidas de Jordan y Maureen, que no se conocen  entre ellos, se ven sacudidas por el azote del crimen. En Roma, la mafia  albanesa acaba atrozmente con la vida del amante de Maureen y ella  queda sumida en una profunda ceguera. A miles de kil\u00f3metros, el  extravagante hijo del alcalde de Nueva York y sobrino de Jordan aparece  brutalmente asesinado en su estudio de la Gran Manzana. Se trata del  primero de una serie de cr\u00edmenes que van a sucederse vertiginosamente,  puntuados por enigm\u00e1ticos mensajes. \u00bfCu\u00e1l es la misteriosa pieza que  enlaza estas muertes? Unidos por las circunstancias, Maureen y Jordan  han de enfrentarse juntos a la mente perturbada de un despiadado asesino  que se divierte caracterizando de forma extra\u00f1a los cuerpos de sus  v\u00edctimas, despu\u00e9s de torturarlos. Las c\u00e1lidas calles romanas contrastan  con la elegancia sombr\u00eda de Nueva York: dos escenarios en los que  Giorgio Faletti confirma su capacidad para tejer apasionantes tramas de  novela negra.<\/p>\n","protected":false},"excerpt":{"rendered":"<p>Nombre: Jordan Marsalis Nombre: Maureen Martini Estatura: 1,86 Estatura: 1,72 Ojos: Azules Ojos: Negros Pelo: Canoso Pelo: Negro Edad: 37 a\u00f1os Edad: 29 a\u00f1os Direcci\u00f3n: 54 West 16th Direcci\u00f3n: Via della Polveriera 44 Cargo: Ex teniente de Cargo:Comisario de polic\u00eda polic\u00eda Ciudad: Nueva York Ciudad: Roma Las vidas de Jordan y Maureen, que no se [&hellip;]<\/p>\n","protected":false},"featured_media":5046,"template":"","meta":[],"product_brand":[672],"product_cat":[43,40,30],"product_tag":[],"class_list":{"0":"post-5045","1":"product","2":"type-product","3":"status-publish","4":"has-post-thumbnail","6":"product_brand-giorgio-faletti","7":"product_cat-espionaje","8":"product_cat-policial","9":"product_cat-suspenso","11":"first","12":"instock","13":"purchasable","14":"product-type-simple"},"featured_image_urls_v2":{"full":["https:\/\/ajupe.com.uy\/web\/wp-content\/uploads\/2016\/04\/p-5045-El_Tercer_Lado_d_4e936979d21ea.jpg",120,183,false],"thumbnail":["https:\/\/ajupe.com.uy\/web\/wp-content\/uploads\/2016\/04\/p-5045-El_Tercer_Lado_d_4e936979d21ea.jpg",150,150,true],"medium":["https:\/\/ajupe.com.uy\/web\/wp-content\/uploads\/2016\/04\/p-5045-El_Tercer_Lado_d_4e936979d21ea.jpg",300,214,true],"medium_large":["https:\/\/ajupe.com.uy\/web\/wp-content\/uploads\/2016\/04\/p-5045-El_Tercer_Lado_d_4e936979d21ea.jpg",120,183,false],"large":["https:\/\/ajupe.com.uy\/web\/wp-content\/uploads\/2016\/04\/p-5045-El_Tercer_Lado_d_4e936979d21ea.jpg",120,183,false],"1536x1536":["https:\/\/ajupe.com.uy\/web\/wp-content\/uploads\/2016\/04\/p-5045-El_Tercer_Lado_d_4e936979d21ea.jpg",120,183,false],"2048x2048":["https:\/\/ajupe.com.uy\/web\/wp-content\/uploads\/2016\/04\/p-5045-El_Tercer_Lado_d_4e936979d21ea.jpg",120,183,false],"woocommerce_archive_thumbnail":["https:\/\/ajupe.com.uy\/web\/wp-content\/uploads\/2016\/04\/p-5045-El_Tercer_Lado_d_4e936979d21ea.jpg",120,183,false],"woocommerce_thumbnail":["https:\/\/ajupe.com.uy\/web\/wp-content\/uploads\/2016\/04\/p-5045-El_Tercer_Lado_d_4e936979d21ea.jpg",120,183,false],"woocommerce_single":["https:\/\/ajupe.com.uy\/web\/wp-content\/uploads\/2016\/04\/p-5045-El_Tercer_Lado_d_4e936979d21ea.jpg",120,183,false],"woocommerce_gallery_thumbnail":["https:\/\/ajupe.com.uy\/web\/wp-content\/uploads\/2016\/04\/p-5045-El_Tercer_Lado_d_4e936979d21ea-100x100.jpg",100,100,true]},"post_excerpt_stackable_v2":"<p>Nombre: Jordan Marsalis Nombre: Maureen Martini Estatura: 1,86 Estatura: 1,72 Ojos: Azules Ojos: Negros Pelo: Canoso Pelo: Negro Edad: 37 a\u00f1os Edad: 29 a\u00f1os Direcci\u00f3n: 54 West 16th Direcci\u00f3n: Via della Polveriera 44 Cargo: Ex teniente de Cargo:Comisario de polic\u00eda polic\u00eda Ciudad: Nueva York Ciudad: Roma Las vidas de Jordan y Maureen, que no se conocen entre ellos, se ven sacudidas por el azote del crimen. En Roma, la mafia albanesa acaba atrozmente con la vida del amante de Maureen y ella queda sumida en una profunda ceguera. A miles de kil\u00f3metros, el extravagante hijo del alcalde de Nueva York&hellip;<\/p>\n","category_list_v2":"","author_info_v2":{"name":"","url":""},"comments_num_v2":"0 comentarios","_links":{"self":[{"href":"https:\/\/ajupe.com.uy\/web\/wp-json\/wp\/v2\/product\/5045","targetHints":{"allow":["GET"]}}],"collection":[{"href":"https:\/\/ajupe.com.uy\/web\/wp-json\/wp\/v2\/product"}],"about":[{"href":"https:\/\/ajupe.com.uy\/web\/wp-json\/wp\/v2\/types\/product"}],"wp:featuredmedia":[{"embeddable":true,"href":"https:\/\/ajupe.com.uy\/web\/wp-json\/wp\/v2\/media\/5046"}],"wp:attachment":[{"href":"https:\/\/ajupe.com.uy\/web\/wp-json\/wp\/v2\/media?parent=5045"}],"wp:term":[{"taxonomy":"product_brand","embeddable":true,"href":"https:\/\/ajupe.com.uy\/web\/wp-json\/wp\/v2\/product_brand?post=5045"},{"taxonomy":"product_cat","embeddable":true,"href":"https:\/\/ajupe.com.uy\/web\/wp-json\/wp\/v2\/product_cat?post=5045"},{"taxonomy":"product_tag","embeddable":true,"href":"https:\/\/ajupe.com.uy\/web\/wp-json\/wp\/v2\/product_tag?post=5045"}],"curies":[{"name":"wp","href":"https:\/\/api.w.org\/{rel}","templated":true}]}}