{"id":5054,"date":"2011-10-10T22:04:13","date_gmt":"2011-10-11T01:04:13","guid":{"rendered":"http:\/\/ajupe.com.uy\/web\/?post_type=product&#038;p=5054"},"modified":"2011-10-25T18:43:16","modified_gmt":"2011-10-25T21:43:16","slug":"malinche","status":"publish","type":"product","link":"https:\/\/ajupe.com.uy\/web\/biblioteca\/malinche\/","title":{"rendered":"Malinche"},"content":{"rendered":"<p>Un relato inolvidable sobre la admirada y  denostada amante de Hern\u00e1n Cort\u00e9s  De la autora de Como agua para  chocolate llega por fin su esperada novela sobre uno de los personajes m\u00e1s controvertidos y fundacionales de la historia de M\u00e9xico: Malinalli,  la Malinche, la admirada y denostada amante de Hern\u00e1n Cort\u00e9s, que  ofici\u00f3 de int\u00e9rprete entre espa\u00f1oles y aztecas durante la conquista para  luego ser acusada durante siglos de haber traicionado a su pueblo,  vendi\u00e9ndolo al invasor.  En este nuevo libro, fruto del di\u00e1logo entre el  trabajo de la imaginaci\u00f3n y el de reconstrucci\u00f3n hist\u00f3rica, Laura  Esquivel narra con su estilo intenso y c\u00e1lido la aventura vital de la  mujer que crey\u00f3 que el extranjero Hern\u00e1n Cort\u00e9s pondr\u00eda fin a los  terribles sacrificios humanos de la religi\u00f3n azteca, pero que acabar\u00eda  en cambio descubriendo la crueldad no menos sangrienta de los  conquistadores.  Un relato inolvidable, que penetra con la misma  profundidad en el atribulado coraz\u00f3n de su protagonista y en el complejo  coraz\u00f3n de M\u00e9xico. Malinche es tal vez la mirada m\u00e1s abarcadora de su  autora sobre dos de sus temas esenciales: la tierra mexicana y la  condici\u00f3n femenina.<\/p>\n","protected":false},"excerpt":{"rendered":"<p>Un relato inolvidable sobre la admirada y denostada amante de Hern\u00e1n Cort\u00e9s De la autora de Como agua para chocolate llega por fin su esperada novela sobre uno de los personajes m\u00e1s controvertidos y fundacionales de la historia de M\u00e9xico: Malinalli, la Malinche, la admirada y denostada amante de Hern\u00e1n Cort\u00e9s, que ofici\u00f3 de int\u00e9rprete [&hellip;]<\/p>\n","protected":false},"featured_media":5055,"template":"","meta":[],"product_brand":[771],"product_cat":[31,29],"product_tag":[],"class_list":{"0":"post-5054","1":"product","2":"type-product","3":"status-publish","4":"has-post-thumbnail","6":"product_brand-laura-esquivel","7":"product_cat-historico","8":"product_cat-novela","10":"first","11":"instock","12":"purchasable","13":"product-type-simple"},"featured_image_urls_v2":{"full":["https:\/\/ajupe.com.uy\/web\/wp-content\/uploads\/2016\/04\/p-5054-Malinche_4e936bdd6140d.jpg",351,500,false],"thumbnail":["https:\/\/ajupe.com.uy\/web\/wp-content\/uploads\/2016\/04\/p-5054-Malinche_4e936bdd6140d.jpg",150,150,true],"medium":["https:\/\/ajupe.com.uy\/web\/wp-content\/uploads\/2016\/04\/p-5054-Malinche_4e936bdd6140d.jpg",300,214,true],"medium_large":["https:\/\/ajupe.com.uy\/web\/wp-content\/uploads\/2016\/04\/p-5054-Malinche_4e936bdd6140d.jpg",351,500,false],"large":["https:\/\/ajupe.com.uy\/web\/wp-content\/uploads\/2016\/04\/p-5054-Malinche_4e936bdd6140d.jpg",351,500,false],"1536x1536":["https:\/\/ajupe.com.uy\/web\/wp-content\/uploads\/2016\/04\/p-5054-Malinche_4e936bdd6140d.jpg",351,500,false],"2048x2048":["https:\/\/ajupe.com.uy\/web\/wp-content\/uploads\/2016\/04\/p-5054-Malinche_4e936bdd6140d.jpg",351,500,false],"woocommerce_archive_thumbnail":["https:\/\/ajupe.com.uy\/web\/wp-content\/uploads\/2016\/04\/p-5054-Malinche_4e936bdd6140d-300x450.jpg",300,450,true],"woocommerce_thumbnail":["https:\/\/ajupe.com.uy\/web\/wp-content\/uploads\/2016\/04\/p-5054-Malinche_4e936bdd6140d-300x300.jpg",300,300,true],"woocommerce_single":["https:\/\/ajupe.com.uy\/web\/wp-content\/uploads\/2016\/04\/p-5054-Malinche_4e936bdd6140d-300x427.jpg",300,427,true],"woocommerce_gallery_thumbnail":["https:\/\/ajupe.com.uy\/web\/wp-content\/uploads\/2016\/04\/p-5054-Malinche_4e936bdd6140d-100x100.jpg",100,100,true]},"post_excerpt_stackable_v2":"<p>Un relato inolvidable sobre la admirada y denostada amante de Hern\u00e1n Cort\u00e9s De la autora de Como agua para chocolate llega por fin su esperada novela sobre uno de los personajes m\u00e1s controvertidos y fundacionales de la historia de M\u00e9xico: Malinalli, la Malinche, la admirada y denostada amante de Hern\u00e1n Cort\u00e9s, que ofici\u00f3 de int\u00e9rprete entre espa\u00f1oles y aztecas durante la conquista para luego ser acusada durante siglos de haber traicionado a su pueblo, vendi\u00e9ndolo al invasor. En este nuevo libro, fruto del di\u00e1logo entre el trabajo de la imaginaci\u00f3n y el de reconstrucci\u00f3n hist\u00f3rica, Laura Esquivel narra con su&hellip;<\/p>\n","category_list_v2":"","author_info_v2":{"name":"","url":""},"comments_num_v2":"0 comentarios","_links":{"self":[{"href":"https:\/\/ajupe.com.uy\/web\/wp-json\/wp\/v2\/product\/5054","targetHints":{"allow":["GET"]}}],"collection":[{"href":"https:\/\/ajupe.com.uy\/web\/wp-json\/wp\/v2\/product"}],"about":[{"href":"https:\/\/ajupe.com.uy\/web\/wp-json\/wp\/v2\/types\/product"}],"wp:featuredmedia":[{"embeddable":true,"href":"https:\/\/ajupe.com.uy\/web\/wp-json\/wp\/v2\/media\/5055"}],"wp:attachment":[{"href":"https:\/\/ajupe.com.uy\/web\/wp-json\/wp\/v2\/media?parent=5054"}],"wp:term":[{"taxonomy":"product_brand","embeddable":true,"href":"https:\/\/ajupe.com.uy\/web\/wp-json\/wp\/v2\/product_brand?post=5054"},{"taxonomy":"product_cat","embeddable":true,"href":"https:\/\/ajupe.com.uy\/web\/wp-json\/wp\/v2\/product_cat?post=5054"},{"taxonomy":"product_tag","embeddable":true,"href":"https:\/\/ajupe.com.uy\/web\/wp-json\/wp\/v2\/product_tag?post=5054"}],"curies":[{"name":"wp","href":"https:\/\/api.w.org\/{rel}","templated":true}]}}