{"id":5057,"date":"2011-10-10T22:05:39","date_gmt":"2011-10-11T01:05:39","guid":{"rendered":"http:\/\/ajupe.com.uy\/web\/?post_type=product&#038;p=5057"},"modified":"2011-10-10T22:05:39","modified_gmt":"2011-10-11T01:05:39","slug":"juego-de-ninos","status":"publish","type":"product","link":"https:\/\/ajupe.com.uy\/web\/biblioteca\/juego-de-ninos\/","title":{"rendered":"Juego de ni\u00f1os"},"content":{"rendered":"<p>\u00abLa historia comienza con una escritora de thrillers que est\u00e1  escribiendo una novela en la que se investiga la muerte de un ni\u00f1o. Poco  a poco, Luisa, que as\u00ed se llama la protagonista,  comienza a darse cuenta que lo que est\u00e1 escribiendo tiene mucho que  ver, no s\u00f3lo con un episodio oscuro que tuvo lugar en su pasado, sino  que ese mismo episodio oscuro parece estarse repitiendo en la vida de su  hija. La novela tambi\u00e9n puede leerse en otra clave completamente  distinta: una explicaci\u00f3n del modo en que se escribe una novela paso a  paso y cu\u00e1les son las diferencias entre realidad y ficci\u00f3n. Novela de  cr\u00edmenes pues pero m\u00e1s all\u00e1 de eso, una novela sobre los peligros de  traspasar la siempre tenue frontera que separa la verdad de la mentira.\u00bb<\/p>\n","protected":false},"excerpt":{"rendered":"<p>\u00abLa historia comienza con una escritora de thrillers que est\u00e1 escribiendo una novela en la que se investiga la muerte de un ni\u00f1o. Poco a poco, Luisa, que as\u00ed se llama la protagonista, comienza a darse cuenta que lo que est\u00e1 escribiendo tiene mucho que ver, no s\u00f3lo con un episodio oscuro que tuvo lugar [&hellip;]<\/p>\n","protected":false},"featured_media":5058,"template":"","meta":[],"product_brand":[130],"product_cat":[29],"product_tag":[],"class_list":{"0":"post-5057","1":"product","2":"type-product","3":"status-publish","4":"has-post-thumbnail","6":"product_brand-carmen-posadas","7":"product_cat-novela","9":"first","10":"instock","11":"purchasable","12":"product-type-simple"},"featured_image_urls_v2":{"full":["https:\/\/ajupe.com.uy\/web\/wp-content\/uploads\/2016\/04\/p-5057-Juego_de_ni__os_4e936c338305c.jpg",105,161,false],"thumbnail":["https:\/\/ajupe.com.uy\/web\/wp-content\/uploads\/2016\/04\/p-5057-Juego_de_ni__os_4e936c338305c.jpg",150,150,true],"medium":["https:\/\/ajupe.com.uy\/web\/wp-content\/uploads\/2016\/04\/p-5057-Juego_de_ni__os_4e936c338305c.jpg",300,214,true],"medium_large":["https:\/\/ajupe.com.uy\/web\/wp-content\/uploads\/2016\/04\/p-5057-Juego_de_ni__os_4e936c338305c.jpg",105,161,false],"large":["https:\/\/ajupe.com.uy\/web\/wp-content\/uploads\/2016\/04\/p-5057-Juego_de_ni__os_4e936c338305c.jpg",105,161,false],"1536x1536":["https:\/\/ajupe.com.uy\/web\/wp-content\/uploads\/2016\/04\/p-5057-Juego_de_ni__os_4e936c338305c.jpg",105,161,false],"2048x2048":["https:\/\/ajupe.com.uy\/web\/wp-content\/uploads\/2016\/04\/p-5057-Juego_de_ni__os_4e936c338305c.jpg",105,161,false],"woocommerce_archive_thumbnail":["https:\/\/ajupe.com.uy\/web\/wp-content\/uploads\/2016\/04\/p-5057-Juego_de_ni__os_4e936c338305c.jpg",105,161,false],"woocommerce_thumbnail":["https:\/\/ajupe.com.uy\/web\/wp-content\/uploads\/2016\/04\/p-5057-Juego_de_ni__os_4e936c338305c.jpg",105,161,false],"woocommerce_single":["https:\/\/ajupe.com.uy\/web\/wp-content\/uploads\/2016\/04\/p-5057-Juego_de_ni__os_4e936c338305c.jpg",105,161,false],"woocommerce_gallery_thumbnail":["https:\/\/ajupe.com.uy\/web\/wp-content\/uploads\/2016\/04\/p-5057-Juego_de_ni__os_4e936c338305c-100x100.jpg",100,100,true]},"post_excerpt_stackable_v2":"<p>\u00abLa historia comienza con una escritora de thrillers que est\u00e1 escribiendo una novela en la que se investiga la muerte de un ni\u00f1o. Poco a poco, Luisa, que as\u00ed se llama la protagonista, comienza a darse cuenta que lo que est\u00e1 escribiendo tiene mucho que ver, no s\u00f3lo con un episodio oscuro que tuvo lugar en su pasado, sino que ese mismo episodio oscuro parece estarse repitiendo en la vida de su hija. La novela tambi\u00e9n puede leerse en otra clave completamente distinta: una explicaci\u00f3n del modo en que se escribe una novela paso a paso y cu\u00e1les son las&hellip;<\/p>\n","category_list_v2":"","author_info_v2":{"name":"","url":""},"comments_num_v2":"0 comentarios","_links":{"self":[{"href":"https:\/\/ajupe.com.uy\/web\/wp-json\/wp\/v2\/product\/5057","targetHints":{"allow":["GET"]}}],"collection":[{"href":"https:\/\/ajupe.com.uy\/web\/wp-json\/wp\/v2\/product"}],"about":[{"href":"https:\/\/ajupe.com.uy\/web\/wp-json\/wp\/v2\/types\/product"}],"wp:featuredmedia":[{"embeddable":true,"href":"https:\/\/ajupe.com.uy\/web\/wp-json\/wp\/v2\/media\/5058"}],"wp:attachment":[{"href":"https:\/\/ajupe.com.uy\/web\/wp-json\/wp\/v2\/media?parent=5057"}],"wp:term":[{"taxonomy":"product_brand","embeddable":true,"href":"https:\/\/ajupe.com.uy\/web\/wp-json\/wp\/v2\/product_brand?post=5057"},{"taxonomy":"product_cat","embeddable":true,"href":"https:\/\/ajupe.com.uy\/web\/wp-json\/wp\/v2\/product_cat?post=5057"},{"taxonomy":"product_tag","embeddable":true,"href":"https:\/\/ajupe.com.uy\/web\/wp-json\/wp\/v2\/product_tag?post=5057"}],"curies":[{"name":"wp","href":"https:\/\/api.w.org\/{rel}","templated":true}]}}