{"id":5063,"date":"2011-10-10T22:09:04","date_gmt":"2011-10-11T01:09:04","guid":{"rendered":"http:\/\/ajupe.com.uy\/web\/?post_type=product&#038;p=5063"},"modified":"2011-10-10T22:09:04","modified_gmt":"2011-10-11T01:09:04","slug":"cronicas-de-un-fin-de-siglo","status":"publish","type":"product","link":"https:\/\/ajupe.com.uy\/web\/biblioteca\/cronicas-de-un-fin-de-siglo\/","title":{"rendered":"Cr\u00f3nicas de un fin de siglo"},"content":{"rendered":"<p>Sans\u00f3n Carrasco (seud\u00f3nimo literario de Daniel Mu\u00f1oz, quien fue el  primer Intendente de Montevideo, all\u00e1 por 1909-1911) ocup\u00f3 con sus  cr\u00f3nicas period\u00edsticas la atenci\u00f3n de los montevideanos de las dos  d\u00e9cadas finales del siglo XIX y alcanz\u00f3 con ellas una bien ganada fama.  Breves, agudas, ir\u00f3nicas, la sociedad montevideana de la \u00e9poca se vio  reflejada en esas cr\u00f3nicas en sus m\u00e1s diversos estamentos, en sus  actividades m\u00e1s t\u00edpica, en sus emprendimientos modernizadores y sus  personajes singulares: los sitios caracter\u00edsticos de la ciudad que  reci\u00e9n hab\u00eda empezado a alejarse en sus murallas, la feria, el mercado,  los tramways a caballo, las locomotoras a vapor que cruzaban sus calles a  paso de hombre, los balnearios emergentes, las grandes quintas, el  Prado, y en medio de ello todo un fresco de los m\u00e1s diversos  espect\u00e1culos y tipo humanos. Los inmigrantes, las corridas de toros, los  viajeros negros con sus ceremonias del candombe de Reyes, las ri\u00f1as de  gallos, los carnavales, las payadas en las canchas de pelota vasca, las  severas costumbres mortuorias, las fiestas y juegos infantiles, el  teatro, la m\u00fasica, los viajes en diligencia por territorios casi  desiertos, las recientes y pujantes industrias, poetas, artistas  populares, periodistas, son vistos por Sans\u00f3n Carrasco y dibujados con  su pluma \u00e1gil en un estilo de una sencillez y una eficacia ajenas a casi  todo lo que se hab\u00eda escrito y publicado hasta ese entonces en la joven  rep\u00fablica. La presente selecci\u00f3n, al cuidado de Heber Raviolo, es, de  lejos, la m\u00e1s amplia que se ha realizado de la obra de Sans\u00f3n Carrasco.  Contiene un total de 73 art\u00edculos, de los cuales 45 eran, hasta hoy,  in\u00e9ditos en libro.<\/p>\n","protected":false},"excerpt":{"rendered":"<p>Sans\u00f3n Carrasco (seud\u00f3nimo literario de Daniel Mu\u00f1oz, quien fue el primer Intendente de Montevideo, all\u00e1 por 1909-1911) ocup\u00f3 con sus cr\u00f3nicas period\u00edsticas la atenci\u00f3n de los montevideanos de las dos d\u00e9cadas finales del siglo XIX y alcanz\u00f3 con ellas una bien ganada fama. Breves, agudas, ir\u00f3nicas, la sociedad montevideana de la \u00e9poca se vio reflejada [&hellip;]<\/p>\n","protected":false},"featured_media":5064,"template":"","meta":[],"product_brand":[881],"product_cat":[31],"product_tag":[],"class_list":{"0":"post-5063","1":"product","2":"type-product","3":"status-publish","4":"has-post-thumbnail","6":"product_brand-sanson-carrasco","7":"product_cat-historico","9":"first","10":"instock","11":"purchasable","12":"product-type-simple"},"featured_image_urls_v2":{"full":["https:\/\/ajupe.com.uy\/web\/wp-content\/uploads\/2016\/04\/p-5063-Cr__nicas_de_un__4e936d00975a5.jpg",100,133,false],"thumbnail":["https:\/\/ajupe.com.uy\/web\/wp-content\/uploads\/2016\/04\/p-5063-Cr__nicas_de_un__4e936d00975a5.jpg",150,150,true],"medium":["https:\/\/ajupe.com.uy\/web\/wp-content\/uploads\/2016\/04\/p-5063-Cr__nicas_de_un__4e936d00975a5.jpg",300,214,true],"medium_large":["https:\/\/ajupe.com.uy\/web\/wp-content\/uploads\/2016\/04\/p-5063-Cr__nicas_de_un__4e936d00975a5.jpg",100,133,false],"large":["https:\/\/ajupe.com.uy\/web\/wp-content\/uploads\/2016\/04\/p-5063-Cr__nicas_de_un__4e936d00975a5.jpg",100,133,false],"1536x1536":["https:\/\/ajupe.com.uy\/web\/wp-content\/uploads\/2016\/04\/p-5063-Cr__nicas_de_un__4e936d00975a5.jpg",100,133,false],"2048x2048":["https:\/\/ajupe.com.uy\/web\/wp-content\/uploads\/2016\/04\/p-5063-Cr__nicas_de_un__4e936d00975a5.jpg",100,133,false],"woocommerce_archive_thumbnail":["https:\/\/ajupe.com.uy\/web\/wp-content\/uploads\/2016\/04\/p-5063-Cr__nicas_de_un__4e936d00975a5.jpg",100,133,false],"woocommerce_thumbnail":["https:\/\/ajupe.com.uy\/web\/wp-content\/uploads\/2016\/04\/p-5063-Cr__nicas_de_un__4e936d00975a5.jpg",100,133,false],"woocommerce_single":["https:\/\/ajupe.com.uy\/web\/wp-content\/uploads\/2016\/04\/p-5063-Cr__nicas_de_un__4e936d00975a5.jpg",100,133,false],"woocommerce_gallery_thumbnail":["https:\/\/ajupe.com.uy\/web\/wp-content\/uploads\/2016\/04\/p-5063-Cr__nicas_de_un__4e936d00975a5-100x100.jpg",100,100,true]},"post_excerpt_stackable_v2":"<p>Sans\u00f3n Carrasco (seud\u00f3nimo literario de Daniel Mu\u00f1oz, quien fue el primer Intendente de Montevideo, all\u00e1 por 1909-1911) ocup\u00f3 con sus cr\u00f3nicas period\u00edsticas la atenci\u00f3n de los montevideanos de las dos d\u00e9cadas finales del siglo XIX y alcanz\u00f3 con ellas una bien ganada fama. Breves, agudas, ir\u00f3nicas, la sociedad montevideana de la \u00e9poca se vio reflejada en esas cr\u00f3nicas en sus m\u00e1s diversos estamentos, en sus actividades m\u00e1s t\u00edpica, en sus emprendimientos modernizadores y sus personajes singulares: los sitios caracter\u00edsticos de la ciudad que reci\u00e9n hab\u00eda empezado a alejarse en sus murallas, la feria, el mercado, los tramways a caballo, las&hellip;<\/p>\n","category_list_v2":"","author_info_v2":{"name":"","url":""},"comments_num_v2":"0 comentarios","_links":{"self":[{"href":"https:\/\/ajupe.com.uy\/web\/wp-json\/wp\/v2\/product\/5063","targetHints":{"allow":["GET"]}}],"collection":[{"href":"https:\/\/ajupe.com.uy\/web\/wp-json\/wp\/v2\/product"}],"about":[{"href":"https:\/\/ajupe.com.uy\/web\/wp-json\/wp\/v2\/types\/product"}],"wp:featuredmedia":[{"embeddable":true,"href":"https:\/\/ajupe.com.uy\/web\/wp-json\/wp\/v2\/media\/5064"}],"wp:attachment":[{"href":"https:\/\/ajupe.com.uy\/web\/wp-json\/wp\/v2\/media?parent=5063"}],"wp:term":[{"taxonomy":"product_brand","embeddable":true,"href":"https:\/\/ajupe.com.uy\/web\/wp-json\/wp\/v2\/product_brand?post=5063"},{"taxonomy":"product_cat","embeddable":true,"href":"https:\/\/ajupe.com.uy\/web\/wp-json\/wp\/v2\/product_cat?post=5063"},{"taxonomy":"product_tag","embeddable":true,"href":"https:\/\/ajupe.com.uy\/web\/wp-json\/wp\/v2\/product_tag?post=5063"}],"curies":[{"name":"wp","href":"https:\/\/api.w.org\/{rel}","templated":true}]}}