{"id":5069,"date":"2011-10-10T22:15:59","date_gmt":"2011-10-11T01:15:59","guid":{"rendered":"http:\/\/ajupe.com.uy\/web\/?post_type=product&#038;p=5069"},"modified":"2011-10-25T18:40:05","modified_gmt":"2011-10-25T21:40:05","slug":"abril-rojo","status":"publish","type":"product","link":"https:\/\/ajupe.com.uy\/web\/biblioteca\/abril-rojo\/","title":{"rendered":"Abril Rojo"},"content":{"rendered":"<p>Siempre quise escribir un thriller,  es decir, un policial sangriento con asesinos en serie y cr\u00edmenes  monstruosos. Y encontr\u00e9 los elementos necesarios en la historia de mi  pa\u00eds: una zona de guerra, una celebraci\u00f3n de la muerte como la Semana  Santa, una ciudad poblada de fantasmas. \u00bfSe puede pedir m\u00e1s?<\/p>\n<p> El investigador de los asesinatos es el fiscal distrital adjunto F\u00e9lix  Chacaltana Sald\u00edvar. A \u00e9l le gusta que lo llamen as\u00ed, con su t\u00edtulo y  todo. El fiscal Chacaltana nunca ha hecho nada malo, nunca ha hecho nada  bueno, nunca ha hecho nada que no estuviese claramente estipulado en  los reglamentos de su instituci\u00f3n. Pero ahora va a conocer el horror. Y  el horror no se ha le\u00eddo el c\u00f3digo civil.<\/p>\n<p> Siempre quise escribir una novela sobre lo que ocurre cuando la muerte se convierte en la \u00fanica forma de vida. Y aqu\u00ed est\u00e1.<\/p>\n","protected":false},"excerpt":{"rendered":"<p>Siempre quise escribir un thriller, es decir, un policial sangriento con asesinos en serie y cr\u00edmenes monstruosos. Y encontr\u00e9 los elementos necesarios en la historia de mi pa\u00eds: una zona de guerra, una celebraci\u00f3n de la muerte como la Semana Santa, una ciudad poblada de fantasmas. \u00bfSe puede pedir m\u00e1s? El investigador de los asesinatos [&hellip;]<\/p>\n","protected":false},"featured_media":5070,"template":"","meta":[],"product_brand":[884],"product_cat":[30,48],"product_tag":[],"class_list":{"0":"post-5069","1":"product","2":"type-product","3":"status-publish","4":"has-post-thumbnail","6":"product_brand-santiago-roncagliolo","7":"product_cat-suspenso","8":"product_cat-thrillers","10":"first","11":"instock","12":"purchasable","13":"product-type-simple"},"featured_image_urls_v2":{"full":["https:\/\/ajupe.com.uy\/web\/wp-content\/uploads\/2016\/04\/p-5069-Abril_Rojo_4e936e9fce92a.jpg",460,734,false],"thumbnail":["https:\/\/ajupe.com.uy\/web\/wp-content\/uploads\/2016\/04\/p-5069-Abril_Rojo_4e936e9fce92a.jpg",150,150,true],"medium":["https:\/\/ajupe.com.uy\/web\/wp-content\/uploads\/2016\/04\/p-5069-Abril_Rojo_4e936e9fce92a.jpg",300,214,true],"medium_large":["https:\/\/ajupe.com.uy\/web\/wp-content\/uploads\/2016\/04\/p-5069-Abril_Rojo_4e936e9fce92a.jpg",460,734,false],"large":["https:\/\/ajupe.com.uy\/web\/wp-content\/uploads\/2016\/04\/p-5069-Abril_Rojo_4e936e9fce92a.jpg",460,734,false],"1536x1536":["https:\/\/ajupe.com.uy\/web\/wp-content\/uploads\/2016\/04\/p-5069-Abril_Rojo_4e936e9fce92a.jpg",460,734,false],"2048x2048":["https:\/\/ajupe.com.uy\/web\/wp-content\/uploads\/2016\/04\/p-5069-Abril_Rojo_4e936e9fce92a.jpg",460,734,false],"woocommerce_archive_thumbnail":["https:\/\/ajupe.com.uy\/web\/wp-content\/uploads\/2016\/04\/p-5069-Abril_Rojo_4e936e9fce92a-300x450.jpg",300,450,true],"woocommerce_thumbnail":["https:\/\/ajupe.com.uy\/web\/wp-content\/uploads\/2016\/04\/p-5069-Abril_Rojo_4e936e9fce92a-300x300.jpg",300,300,true],"woocommerce_single":["https:\/\/ajupe.com.uy\/web\/wp-content\/uploads\/2016\/04\/p-5069-Abril_Rojo_4e936e9fce92a-300x479.jpg",300,479,true],"woocommerce_gallery_thumbnail":["https:\/\/ajupe.com.uy\/web\/wp-content\/uploads\/2016\/04\/p-5069-Abril_Rojo_4e936e9fce92a-100x100.jpg",100,100,true]},"post_excerpt_stackable_v2":"<p>Siempre quise escribir un thriller, es decir, un policial sangriento con asesinos en serie y cr\u00edmenes monstruosos. Y encontr\u00e9 los elementos necesarios en la historia de mi pa\u00eds: una zona de guerra, una celebraci\u00f3n de la muerte como la Semana Santa, una ciudad poblada de fantasmas. \u00bfSe puede pedir m\u00e1s? El investigador de los asesinatos es el fiscal distrital adjunto F\u00e9lix Chacaltana Sald\u00edvar. A \u00e9l le gusta que lo llamen as\u00ed, con su t\u00edtulo y todo. El fiscal Chacaltana nunca ha hecho nada malo, nunca ha hecho nada bueno, nunca ha hecho nada que no estuviese claramente estipulado en los&hellip;<\/p>\n","category_list_v2":"","author_info_v2":{"name":"","url":""},"comments_num_v2":"0 comentarios","_links":{"self":[{"href":"https:\/\/ajupe.com.uy\/web\/wp-json\/wp\/v2\/product\/5069","targetHints":{"allow":["GET"]}}],"collection":[{"href":"https:\/\/ajupe.com.uy\/web\/wp-json\/wp\/v2\/product"}],"about":[{"href":"https:\/\/ajupe.com.uy\/web\/wp-json\/wp\/v2\/types\/product"}],"wp:featuredmedia":[{"embeddable":true,"href":"https:\/\/ajupe.com.uy\/web\/wp-json\/wp\/v2\/media\/5070"}],"wp:attachment":[{"href":"https:\/\/ajupe.com.uy\/web\/wp-json\/wp\/v2\/media?parent=5069"}],"wp:term":[{"taxonomy":"product_brand","embeddable":true,"href":"https:\/\/ajupe.com.uy\/web\/wp-json\/wp\/v2\/product_brand?post=5069"},{"taxonomy":"product_cat","embeddable":true,"href":"https:\/\/ajupe.com.uy\/web\/wp-json\/wp\/v2\/product_cat?post=5069"},{"taxonomy":"product_tag","embeddable":true,"href":"https:\/\/ajupe.com.uy\/web\/wp-json\/wp\/v2\/product_tag?post=5069"}],"curies":[{"name":"wp","href":"https:\/\/api.w.org\/{rel}","templated":true}]}}