{"id":5072,"date":"2011-10-10T22:20:23","date_gmt":"2011-10-11T01:20:23","guid":{"rendered":"http:\/\/ajupe.com.uy\/web\/?post_type=product&#038;p=5072"},"modified":"2011-10-10T22:20:23","modified_gmt":"2011-10-11T01:20:23","slug":"el-pintor-de-batallas","status":"publish","type":"product","link":"https:\/\/ajupe.com.uy\/web\/biblioteca\/el-pintor-de-batallas\/","title":{"rendered":"El Pintor de Batallas"},"content":{"rendered":"<p>En una torre junto al Mediterr\u00e1neo, en busca de la foto que nunca pudo  hacer, un antiguo fot\u00f3grafo pinta un gran fresco circular en la pared:  el paisaje intemporal de una batalla. Lo acompa\u00f1an en la tarea un rostro  que regresa del pasado para cobrar una deuda mortal, y la sombra de una  mujer desaparecida diez a\u00f1os atr\u00e1s. En torno a esos tres <a href=\"http:\/\/www.lecturalia.com\/libro\/72\/el-pintor-de-batallas\" rel=\"nofollow\" style=\"color: #005f00; text-decoration: underline; border-bottom: 1px dotted;\">personajes<\/a>,  Arturo P\u00e9rez-Reverte ha escrito la m\u00e1s intensa y turbadora historia de  su larga carrera de novelista. Deslumbrante de principio a fin, El  pintor de batallas arrastra al lector, subyugado, a trav\u00e9s de la  compleja geometr\u00eda del caos del siglo XXI: el arte, la ciencia, la  guerra, el amor, la lucidez y la soledad, se combinan en el vasto mural  de un mundo que agoniza.<\/p>\n","protected":false},"excerpt":{"rendered":"<p>En una torre junto al Mediterr\u00e1neo, en busca de la foto que nunca pudo hacer, un antiguo fot\u00f3grafo pinta un gran fresco circular en la pared: el paisaje intemporal de una batalla. Lo acompa\u00f1an en la tarea un rostro que regresa del pasado para cobrar una deuda mortal, y la sombra de una mujer desaparecida [&hellip;]<\/p>\n","protected":false},"featured_media":5073,"template":"","meta":[],"product_brand":[262],"product_cat":[29],"product_tag":[],"class_list":{"0":"post-5072","1":"product","2":"type-product","3":"status-publish","4":"has-post-thumbnail","6":"product_brand-arturo-perez-reverte","7":"product_cat-novela","9":"first","10":"instock","11":"purchasable","12":"product-type-simple"},"featured_image_urls_v2":{"full":["https:\/\/ajupe.com.uy\/web\/wp-content\/uploads\/2016\/04\/p-5072-El_Pintor_de_Bat_4e936fa6dc450.jpg",500,839,false],"thumbnail":["https:\/\/ajupe.com.uy\/web\/wp-content\/uploads\/2016\/04\/p-5072-El_Pintor_de_Bat_4e936fa6dc450.jpg",150,150,true],"medium":["https:\/\/ajupe.com.uy\/web\/wp-content\/uploads\/2016\/04\/p-5072-El_Pintor_de_Bat_4e936fa6dc450.jpg",300,214,true],"medium_large":["https:\/\/ajupe.com.uy\/web\/wp-content\/uploads\/2016\/04\/p-5072-El_Pintor_de_Bat_4e936fa6dc450.jpg",500,839,false],"large":["https:\/\/ajupe.com.uy\/web\/wp-content\/uploads\/2016\/04\/p-5072-El_Pintor_de_Bat_4e936fa6dc450.jpg",500,839,false],"1536x1536":["https:\/\/ajupe.com.uy\/web\/wp-content\/uploads\/2016\/04\/p-5072-El_Pintor_de_Bat_4e936fa6dc450.jpg",500,839,false],"2048x2048":["https:\/\/ajupe.com.uy\/web\/wp-content\/uploads\/2016\/04\/p-5072-El_Pintor_de_Bat_4e936fa6dc450.jpg",500,839,false],"woocommerce_archive_thumbnail":["https:\/\/ajupe.com.uy\/web\/wp-content\/uploads\/2016\/04\/p-5072-El_Pintor_de_Bat_4e936fa6dc450-300x450.jpg",300,450,true],"woocommerce_thumbnail":["https:\/\/ajupe.com.uy\/web\/wp-content\/uploads\/2016\/04\/p-5072-El_Pintor_de_Bat_4e936fa6dc450-300x300.jpg",300,300,true],"woocommerce_single":["https:\/\/ajupe.com.uy\/web\/wp-content\/uploads\/2016\/04\/p-5072-El_Pintor_de_Bat_4e936fa6dc450-300x503.jpg",300,503,true],"woocommerce_gallery_thumbnail":["https:\/\/ajupe.com.uy\/web\/wp-content\/uploads\/2016\/04\/p-5072-El_Pintor_de_Bat_4e936fa6dc450-100x100.jpg",100,100,true]},"post_excerpt_stackable_v2":"<p>En una torre junto al Mediterr\u00e1neo, en busca de la foto que nunca pudo hacer, un antiguo fot\u00f3grafo pinta un gran fresco circular en la pared: el paisaje intemporal de una batalla. Lo acompa\u00f1an en la tarea un rostro que regresa del pasado para cobrar una deuda mortal, y la sombra de una mujer desaparecida diez a\u00f1os atr\u00e1s. En torno a esos tres personajes, Arturo P\u00e9rez-Reverte ha escrito la m\u00e1s intensa y turbadora historia de su larga carrera de novelista. Deslumbrante de principio a fin, El pintor de batallas arrastra al lector, subyugado, a trav\u00e9s de la compleja geometr\u00eda del&hellip;<\/p>\n","category_list_v2":"","author_info_v2":{"name":"","url":""},"comments_num_v2":"0 comentarios","_links":{"self":[{"href":"https:\/\/ajupe.com.uy\/web\/wp-json\/wp\/v2\/product\/5072","targetHints":{"allow":["GET"]}}],"collection":[{"href":"https:\/\/ajupe.com.uy\/web\/wp-json\/wp\/v2\/product"}],"about":[{"href":"https:\/\/ajupe.com.uy\/web\/wp-json\/wp\/v2\/types\/product"}],"wp:featuredmedia":[{"embeddable":true,"href":"https:\/\/ajupe.com.uy\/web\/wp-json\/wp\/v2\/media\/5073"}],"wp:attachment":[{"href":"https:\/\/ajupe.com.uy\/web\/wp-json\/wp\/v2\/media?parent=5072"}],"wp:term":[{"taxonomy":"product_brand","embeddable":true,"href":"https:\/\/ajupe.com.uy\/web\/wp-json\/wp\/v2\/product_brand?post=5072"},{"taxonomy":"product_cat","embeddable":true,"href":"https:\/\/ajupe.com.uy\/web\/wp-json\/wp\/v2\/product_cat?post=5072"},{"taxonomy":"product_tag","embeddable":true,"href":"https:\/\/ajupe.com.uy\/web\/wp-json\/wp\/v2\/product_tag?post=5072"}],"curies":[{"name":"wp","href":"https:\/\/api.w.org\/{rel}","templated":true}]}}