{"id":5075,"date":"2011-10-10T22:21:15","date_gmt":"2011-10-11T01:21:15","guid":{"rendered":"http:\/\/ajupe.com.uy\/web\/?post_type=product&#038;p=5075"},"modified":"2011-10-10T22:21:15","modified_gmt":"2011-10-11T01:21:15","slug":"dulce-compania","status":"publish","type":"product","link":"https:\/\/ajupe.com.uy\/web\/biblioteca\/dulce-compania\/","title":{"rendered":"Dulce compa\u00f1ia"},"content":{"rendered":"<p>Traducida a m\u00e1s de 20 idiomas, Dulce Compa\u00f1\u00eda ha tenido amplia difusi\u00f3n  en todo el mundo. Gan\u00f3 el premio Sor Juana In\u00e9s de la Cruz en  Guadalajara y el Prix France Culture, uno de los reconocimientos  literarios m\u00e1s prestigiosos, otorgado por la cr\u00edtica francesa a la mejor  novela extranjera.<\/p>\n<p> La reportera de una revista de frivolidades es enviada por su jefe a  cubrir la aparici\u00f3n de un \u00e1ngel en una de las barriadas m\u00e1s pobres de la  ciudad. Emprende la tarea a rega\u00f1adientes porque la tienen sin cuidado  los asuntos religiosos y la aburre sobremanera un tema tan manido, y ni  siquiera sospecha hasta qu\u00e9 punto se va a ver involucrada en una brutal  cadena de acontecimientos que escapar\u00e1n a su control y a su  racionalidad.<\/p>\n<p> \u00bfQui\u00e9n es y de d\u00f3nde viene el supuesto \u00e1ngel, ese muchacho perplejo y de  asombrosa belleza a quien la fe de los habitantes del barrio mantiene  encerrado entre una cueva? \u00bfQu\u00e9 lo une a esa reportera que de \u00e9l se  enamora, a la madre que lo busca en agon\u00eda, al sacerdote que intenta destruirlo, a la m\u00e9dica que pretende hospitalizarlo, a las  mujeres que lo ba\u00f1an, lo alimentan y lo convierten en supremo objeto de  veneraci\u00f3n?<\/p>\n<p> Sin caer en el socorrido realismo m\u00e1gico, Restrepo explora los abismos  de la religiosidad popular y a compa\u00f1a los pasos de una mujer que se  atreve a adentrarse en el luminoso y a la vez pavoroso territorio de lo  sagrado.<\/p>\n","protected":false},"excerpt":{"rendered":"<p>Traducida a m\u00e1s de 20 idiomas, Dulce Compa\u00f1\u00eda ha tenido amplia difusi\u00f3n en todo el mundo. Gan\u00f3 el premio Sor Juana In\u00e9s de la Cruz en Guadalajara y el Prix France Culture, uno de los reconocimientos literarios m\u00e1s prestigiosos, otorgado por la cr\u00edtica francesa a la mejor novela extranjera. La reportera de una revista de [&hellip;]<\/p>\n","protected":false},"featured_media":5076,"template":"","meta":[],"product_brand":[419],"product_cat":[29],"product_tag":[],"class_list":{"0":"post-5075","1":"product","2":"type-product","3":"status-publish","4":"has-post-thumbnail","6":"product_brand-laura-restrepo","7":"product_cat-novela","9":"first","10":"instock","11":"purchasable","12":"product-type-simple"},"featured_image_urls_v2":{"full":["https:\/\/ajupe.com.uy\/web\/wp-content\/uploads\/2016\/04\/p-5075-Dulce_compa__ia_4e936fdba44bf.jpg",225,225,false],"thumbnail":["https:\/\/ajupe.com.uy\/web\/wp-content\/uploads\/2016\/04\/p-5075-Dulce_compa__ia_4e936fdba44bf.jpg",150,150,true],"medium":["https:\/\/ajupe.com.uy\/web\/wp-content\/uploads\/2016\/04\/p-5075-Dulce_compa__ia_4e936fdba44bf.jpg",300,214,true],"medium_large":["https:\/\/ajupe.com.uy\/web\/wp-content\/uploads\/2016\/04\/p-5075-Dulce_compa__ia_4e936fdba44bf.jpg",225,225,false],"large":["https:\/\/ajupe.com.uy\/web\/wp-content\/uploads\/2016\/04\/p-5075-Dulce_compa__ia_4e936fdba44bf.jpg",225,225,false],"1536x1536":["https:\/\/ajupe.com.uy\/web\/wp-content\/uploads\/2016\/04\/p-5075-Dulce_compa__ia_4e936fdba44bf.jpg",225,225,false],"2048x2048":["https:\/\/ajupe.com.uy\/web\/wp-content\/uploads\/2016\/04\/p-5075-Dulce_compa__ia_4e936fdba44bf.jpg",225,225,false],"woocommerce_archive_thumbnail":["https:\/\/ajupe.com.uy\/web\/wp-content\/uploads\/2016\/04\/p-5075-Dulce_compa__ia_4e936fdba44bf.jpg",225,225,false],"woocommerce_thumbnail":["https:\/\/ajupe.com.uy\/web\/wp-content\/uploads\/2016\/04\/p-5075-Dulce_compa__ia_4e936fdba44bf.jpg",225,225,false],"woocommerce_single":["https:\/\/ajupe.com.uy\/web\/wp-content\/uploads\/2016\/04\/p-5075-Dulce_compa__ia_4e936fdba44bf.jpg",225,225,false],"woocommerce_gallery_thumbnail":["https:\/\/ajupe.com.uy\/web\/wp-content\/uploads\/2016\/04\/p-5075-Dulce_compa__ia_4e936fdba44bf-100x100.jpg",100,100,true]},"post_excerpt_stackable_v2":"<p>Traducida a m\u00e1s de 20 idiomas, Dulce Compa\u00f1\u00eda ha tenido amplia difusi\u00f3n en todo el mundo. Gan\u00f3 el premio Sor Juana In\u00e9s de la Cruz en Guadalajara y el Prix France Culture, uno de los reconocimientos literarios m\u00e1s prestigiosos, otorgado por la cr\u00edtica francesa a la mejor novela extranjera. La reportera de una revista de frivolidades es enviada por su jefe a cubrir la aparici\u00f3n de un \u00e1ngel en una de las barriadas m\u00e1s pobres de la ciudad. Emprende la tarea a rega\u00f1adientes porque la tienen sin cuidado los asuntos religiosos y la aburre sobremanera un tema tan manido, y&hellip;<\/p>\n","category_list_v2":"","author_info_v2":{"name":"","url":""},"comments_num_v2":"0 comentarios","_links":{"self":[{"href":"https:\/\/ajupe.com.uy\/web\/wp-json\/wp\/v2\/product\/5075","targetHints":{"allow":["GET"]}}],"collection":[{"href":"https:\/\/ajupe.com.uy\/web\/wp-json\/wp\/v2\/product"}],"about":[{"href":"https:\/\/ajupe.com.uy\/web\/wp-json\/wp\/v2\/types\/product"}],"wp:featuredmedia":[{"embeddable":true,"href":"https:\/\/ajupe.com.uy\/web\/wp-json\/wp\/v2\/media\/5076"}],"wp:attachment":[{"href":"https:\/\/ajupe.com.uy\/web\/wp-json\/wp\/v2\/media?parent=5075"}],"wp:term":[{"taxonomy":"product_brand","embeddable":true,"href":"https:\/\/ajupe.com.uy\/web\/wp-json\/wp\/v2\/product_brand?post=5075"},{"taxonomy":"product_cat","embeddable":true,"href":"https:\/\/ajupe.com.uy\/web\/wp-json\/wp\/v2\/product_cat?post=5075"},{"taxonomy":"product_tag","embeddable":true,"href":"https:\/\/ajupe.com.uy\/web\/wp-json\/wp\/v2\/product_tag?post=5075"}],"curies":[{"name":"wp","href":"https:\/\/api.w.org\/{rel}","templated":true}]}}