{"id":5078,"date":"2011-10-10T22:25:47","date_gmt":"2011-10-11T01:25:47","guid":{"rendered":"http:\/\/ajupe.com.uy\/web\/?post_type=product&#038;p=5078"},"modified":"2011-10-25T18:40:53","modified_gmt":"2011-10-25T21:40:53","slug":"la-torre-oscura-i-la-hierba-del-diablo","status":"publish","type":"product","link":"https:\/\/ajupe.com.uy\/web\/biblioteca\/la-torre-oscura-i-la-hierba-del-diablo\/","title":{"rendered":"La torre oscura I: La hierba del diablo"},"content":{"rendered":"<p>Roland de Gilead, uno de los h\u00e9roes m\u00e1s enigm\u00e1ticos del autor, debe  perseguir al Hombre Negro por el desierto para que le revele los  secretos de la Torre Oscura, un edificio m\u00edtico que se encuentra en el  nexo de todos los universos. Tras correr innumerables peligros, &#8216;el  pistolero&#8217; comienza a formar el equipo con el que viajar\u00e1 por distintos  mundos.<\/p>\n","protected":false},"excerpt":{"rendered":"<p>Roland de Gilead, uno de los h\u00e9roes m\u00e1s enigm\u00e1ticos del autor, debe perseguir al Hombre Negro por el desierto para que le revele los secretos de la Torre Oscura, un edificio m\u00edtico que se encuentra en el nexo de todos los universos. Tras correr innumerables peligros, &#8216;el pistolero&#8217; comienza a formar el equipo con el [&hellip;]<\/p>\n","protected":false},"featured_media":5079,"template":"","meta":[],"product_brand":[115],"product_cat":[37,30],"product_tag":[],"class_list":{"0":"post-5078","1":"product","2":"type-product","3":"status-publish","4":"has-post-thumbnail","6":"product_brand-stephen-king","7":"product_cat-ficcion","8":"product_cat-suspenso","10":"first","11":"instock","12":"purchasable","13":"product-type-simple"},"featured_image_urls_v2":{"full":["https:\/\/ajupe.com.uy\/web\/wp-content\/uploads\/2016\/04\/p-5078-La_torre_oscura__4e9370eb11d84.jpg",120,183,false],"thumbnail":["https:\/\/ajupe.com.uy\/web\/wp-content\/uploads\/2016\/04\/p-5078-La_torre_oscura__4e9370eb11d84.jpg",150,150,true],"medium":["https:\/\/ajupe.com.uy\/web\/wp-content\/uploads\/2016\/04\/p-5078-La_torre_oscura__4e9370eb11d84.jpg",300,214,true],"medium_large":["https:\/\/ajupe.com.uy\/web\/wp-content\/uploads\/2016\/04\/p-5078-La_torre_oscura__4e9370eb11d84.jpg",120,183,false],"large":["https:\/\/ajupe.com.uy\/web\/wp-content\/uploads\/2016\/04\/p-5078-La_torre_oscura__4e9370eb11d84.jpg",120,183,false],"1536x1536":["https:\/\/ajupe.com.uy\/web\/wp-content\/uploads\/2016\/04\/p-5078-La_torre_oscura__4e9370eb11d84.jpg",120,183,false],"2048x2048":["https:\/\/ajupe.com.uy\/web\/wp-content\/uploads\/2016\/04\/p-5078-La_torre_oscura__4e9370eb11d84.jpg",120,183,false],"woocommerce_archive_thumbnail":["https:\/\/ajupe.com.uy\/web\/wp-content\/uploads\/2016\/04\/p-5078-La_torre_oscura__4e9370eb11d84.jpg",120,183,false],"woocommerce_thumbnail":["https:\/\/ajupe.com.uy\/web\/wp-content\/uploads\/2016\/04\/p-5078-La_torre_oscura__4e9370eb11d84.jpg",120,183,false],"woocommerce_single":["https:\/\/ajupe.com.uy\/web\/wp-content\/uploads\/2016\/04\/p-5078-La_torre_oscura__4e9370eb11d84.jpg",120,183,false],"woocommerce_gallery_thumbnail":["https:\/\/ajupe.com.uy\/web\/wp-content\/uploads\/2016\/04\/p-5078-La_torre_oscura__4e9370eb11d84-100x100.jpg",100,100,true]},"post_excerpt_stackable_v2":"<p>Roland de Gilead, uno de los h\u00e9roes m\u00e1s enigm\u00e1ticos del autor, debe perseguir al Hombre Negro por el desierto para que le revele los secretos de la Torre Oscura, un edificio m\u00edtico que se encuentra en el nexo de todos los universos. Tras correr innumerables peligros, &#8216;el pistolero&#8217; comienza a formar el equipo con el que viajar\u00e1 por distintos mundos.<\/p>\n","category_list_v2":"","author_info_v2":{"name":"","url":""},"comments_num_v2":"0 comentarios","_links":{"self":[{"href":"https:\/\/ajupe.com.uy\/web\/wp-json\/wp\/v2\/product\/5078","targetHints":{"allow":["GET"]}}],"collection":[{"href":"https:\/\/ajupe.com.uy\/web\/wp-json\/wp\/v2\/product"}],"about":[{"href":"https:\/\/ajupe.com.uy\/web\/wp-json\/wp\/v2\/types\/product"}],"wp:featuredmedia":[{"embeddable":true,"href":"https:\/\/ajupe.com.uy\/web\/wp-json\/wp\/v2\/media\/5079"}],"wp:attachment":[{"href":"https:\/\/ajupe.com.uy\/web\/wp-json\/wp\/v2\/media?parent=5078"}],"wp:term":[{"taxonomy":"product_brand","embeddable":true,"href":"https:\/\/ajupe.com.uy\/web\/wp-json\/wp\/v2\/product_brand?post=5078"},{"taxonomy":"product_cat","embeddable":true,"href":"https:\/\/ajupe.com.uy\/web\/wp-json\/wp\/v2\/product_cat?post=5078"},{"taxonomy":"product_tag","embeddable":true,"href":"https:\/\/ajupe.com.uy\/web\/wp-json\/wp\/v2\/product_tag?post=5078"}],"curies":[{"name":"wp","href":"https:\/\/api.w.org\/{rel}","templated":true}]}}