{"id":5093,"date":"2011-10-11T19:13:58","date_gmt":"2011-10-11T22:13:58","guid":{"rendered":"http:\/\/ajupe.com.uy\/web\/?post_type=product&#038;p=5093"},"modified":"2012-02-06T20:31:56","modified_gmt":"2012-02-06T23:31:56","slug":"castigo-2","status":"publish","type":"product","link":"https:\/\/ajupe.com.uy\/web\/biblioteca\/castigo-2\/","title":{"rendered":"Castigo"},"content":{"rendered":"<p>En un fr\u00edo s\u00f3tano en alg\u00fan lugar de Noruega se halla encerrada Emilie, una ni\u00f1a de nueve a\u00f1os. Desconoce donde est\u00e1 y el motivo de su encierro. Tampoco sabe qui\u00e9n es el hombre que regularmente le ofrece comida y bebida; sin embargo, su instinto le dice que se comporte bien con \u00e9l. Los d\u00edas se suceden y la intranquilidad se va apoderando del pa\u00eds.Yngvar Stubo, el comisario del servicio de criminolog\u00eda <a href=\"http:\/\/www.lecturalia.com\/libro\/2490\/castigo\">noruego<\/a> encargado del caso, decide solicitar la ayuda de Inger Johanne Vik, una psic\u00f3loga que en el pasado trabaj\u00f3 como profiler para el FBI. Anne Holt es una de las autoras escandinavas m\u00e1s populares del momento, con m\u00e1s de tres millones de ejemplares vendidos en Alemania y los pa\u00edses n\u00f3rdicos.<\/p>\n","protected":false},"excerpt":{"rendered":"<p>En un fr\u00edo s\u00f3tano en alg\u00fan lugar de Noruega se halla encerrada Emilie, una ni\u00f1a de nueve a\u00f1os. Desconoce donde est\u00e1 y el motivo de su encierro.<\/p>\n","protected":false},"featured_media":5094,"template":"","meta":[],"product_brand":[499],"product_cat":[29],"product_tag":[],"class_list":{"0":"post-5093","1":"product","2":"type-product","3":"status-publish","4":"has-post-thumbnail","6":"product_brand-anne-holt","7":"product_cat-novela","9":"first","10":"instock","11":"purchasable","12":"product-type-simple"},"featured_image_urls_v2":{"full":["https:\/\/ajupe.com.uy\/web\/wp-content\/uploads\/2016\/04\/p-5093-Castigo_4f3038bcab0db.jpg",219,332,false],"thumbnail":["https:\/\/ajupe.com.uy\/web\/wp-content\/uploads\/2016\/04\/p-5093-Castigo_4f3038bcab0db.jpg",150,150,true],"medium":["https:\/\/ajupe.com.uy\/web\/wp-content\/uploads\/2016\/04\/p-5093-Castigo_4f3038bcab0db.jpg",300,214,true],"medium_large":["https:\/\/ajupe.com.uy\/web\/wp-content\/uploads\/2016\/04\/p-5093-Castigo_4f3038bcab0db.jpg",219,332,false],"large":["https:\/\/ajupe.com.uy\/web\/wp-content\/uploads\/2016\/04\/p-5093-Castigo_4f3038bcab0db.jpg",219,332,false],"1536x1536":["https:\/\/ajupe.com.uy\/web\/wp-content\/uploads\/2016\/04\/p-5093-Castigo_4f3038bcab0db.jpg",219,332,false],"2048x2048":["https:\/\/ajupe.com.uy\/web\/wp-content\/uploads\/2016\/04\/p-5093-Castigo_4f3038bcab0db.jpg",219,332,false],"woocommerce_archive_thumbnail":["https:\/\/ajupe.com.uy\/web\/wp-content\/uploads\/2016\/04\/p-5093-Castigo_4f3038bcab0db-219x300.jpg",219,300,true],"woocommerce_thumbnail":["https:\/\/ajupe.com.uy\/web\/wp-content\/uploads\/2016\/04\/p-5093-Castigo_4f3038bcab0db-219x300.jpg",219,300,true],"woocommerce_single":["https:\/\/ajupe.com.uy\/web\/wp-content\/uploads\/2016\/04\/p-5093-Castigo_4f3038bcab0db.jpg",219,332,false],"woocommerce_gallery_thumbnail":["https:\/\/ajupe.com.uy\/web\/wp-content\/uploads\/2016\/04\/p-5093-Castigo_4f3038bcab0db-100x100.jpg",100,100,true]},"post_excerpt_stackable_v2":"<p>En un fr\u00edo s\u00f3tano en alg\u00fan lugar de Noruega se halla encerrada Emilie, una ni\u00f1a de nueve a\u00f1os. Desconoce donde est\u00e1 y el motivo de su encierro.<\/p>\n","category_list_v2":"","author_info_v2":{"name":"","url":""},"comments_num_v2":"0 comentarios","_links":{"self":[{"href":"https:\/\/ajupe.com.uy\/web\/wp-json\/wp\/v2\/product\/5093","targetHints":{"allow":["GET"]}}],"collection":[{"href":"https:\/\/ajupe.com.uy\/web\/wp-json\/wp\/v2\/product"}],"about":[{"href":"https:\/\/ajupe.com.uy\/web\/wp-json\/wp\/v2\/types\/product"}],"wp:featuredmedia":[{"embeddable":true,"href":"https:\/\/ajupe.com.uy\/web\/wp-json\/wp\/v2\/media\/5094"}],"wp:attachment":[{"href":"https:\/\/ajupe.com.uy\/web\/wp-json\/wp\/v2\/media?parent=5093"}],"wp:term":[{"taxonomy":"product_brand","embeddable":true,"href":"https:\/\/ajupe.com.uy\/web\/wp-json\/wp\/v2\/product_brand?post=5093"},{"taxonomy":"product_cat","embeddable":true,"href":"https:\/\/ajupe.com.uy\/web\/wp-json\/wp\/v2\/product_cat?post=5093"},{"taxonomy":"product_tag","embeddable":true,"href":"https:\/\/ajupe.com.uy\/web\/wp-json\/wp\/v2\/product_tag?post=5093"}],"curies":[{"name":"wp","href":"https:\/\/api.w.org\/{rel}","templated":true}]}}