{"id":5102,"date":"2011-10-11T19:49:46","date_gmt":"2011-10-11T22:49:46","guid":{"rendered":"http:\/\/ajupe.com.uy\/web\/?post_type=product&#038;p=5102"},"modified":"2012-02-06T20:43:21","modified_gmt":"2012-02-06T23:43:21","slug":"betibu","status":"publish","type":"product","link":"https:\/\/ajupe.com.uy\/web\/biblioteca\/betibu\/","title":{"rendered":"Betib\u00fa"},"content":{"rendered":"<p>Cuando parece que la tranquilidad ha vuelto a reinar en el country La Maravillosa, Pedro Chazarreta aparece degollado, sentado en su sill\u00f3n favorito, con una botella de whisky vac\u00eda a un costado y un cuchillo ensangrentado en la mano. Todo hace suponer que se trata de un suicidio. Pero pronto aparecen las dudas. \u00bfAcaso alg\u00fan justiciero habr\u00e1 querido vengar la muerte de la mujer del empresario, asesinada tres a\u00f1os antes en esa misma casa? \u00bfSer\u00e1 \u00e9sta la \u00faltima muerte? El Tribuno, uno de los diarios m\u00e1s importantes del pa\u00eds, deja de lado por unos d\u00edas su enfrentamiento con el gobierno para cubrir a fondo la noticia. Al <a href=\"http:\/\/www.lecturalia.com\/libro\/61649\/betibu\">escenario<\/a> del crimen, env\u00eda a Nurit Iscar, una escritora retirada, y a un periodista joven e inexperto. Y aunque el antiguo jefe de la secci\u00f3n Policiales, Jaime Brena, ha sido desplazado por sacar los pies del plato, decide involucrarse en el caso y ayudar a su reemplazante y a Nurit, a quien admira en secreto.<\/p>\n","protected":false},"excerpt":{"rendered":"<p>Cuando parece que la tranquilidad ha vuelto a reinar en el country La Maravillosa, Pedro Chazarreta aparece degollado, sentado en su sill\u00f3n favorito, con una botella de whisky vac\u00eda a un costado y un cuchillo ensangrentado en la mano.<\/p>\n","protected":false},"featured_media":5103,"template":"","meta":[],"product_brand":[1000],"product_cat":[30],"product_tag":[],"class_list":{"0":"post-5102","1":"product","2":"type-product","3":"status-publish","4":"has-post-thumbnail","6":"product_brand-claudia-pineiro","7":"product_cat-suspenso","9":"first","10":"instock","11":"purchasable","12":"product-type-simple"},"featured_image_urls_v2":{"full":["https:\/\/ajupe.com.uy\/web\/wp-content\/uploads\/2016\/04\/p-5102-Betib___4f303b6972796.jpg",220,347,false],"thumbnail":["https:\/\/ajupe.com.uy\/web\/wp-content\/uploads\/2016\/04\/p-5102-Betib___4f303b6972796.jpg",150,150,true],"medium":["https:\/\/ajupe.com.uy\/web\/wp-content\/uploads\/2016\/04\/p-5102-Betib___4f303b6972796.jpg",300,214,true],"medium_large":["https:\/\/ajupe.com.uy\/web\/wp-content\/uploads\/2016\/04\/p-5102-Betib___4f303b6972796.jpg",220,347,false],"large":["https:\/\/ajupe.com.uy\/web\/wp-content\/uploads\/2016\/04\/p-5102-Betib___4f303b6972796.jpg",220,347,false],"1536x1536":["https:\/\/ajupe.com.uy\/web\/wp-content\/uploads\/2016\/04\/p-5102-Betib___4f303b6972796.jpg",220,347,false],"2048x2048":["https:\/\/ajupe.com.uy\/web\/wp-content\/uploads\/2016\/04\/p-5102-Betib___4f303b6972796.jpg",220,347,false],"woocommerce_archive_thumbnail":["https:\/\/ajupe.com.uy\/web\/wp-content\/uploads\/2016\/04\/p-5102-Betib___4f303b6972796-220x300.jpg",220,300,true],"woocommerce_thumbnail":["https:\/\/ajupe.com.uy\/web\/wp-content\/uploads\/2016\/04\/p-5102-Betib___4f303b6972796-220x300.jpg",220,300,true],"woocommerce_single":["https:\/\/ajupe.com.uy\/web\/wp-content\/uploads\/2016\/04\/p-5102-Betib___4f303b6972796.jpg",220,347,false],"woocommerce_gallery_thumbnail":["https:\/\/ajupe.com.uy\/web\/wp-content\/uploads\/2016\/04\/p-5102-Betib___4f303b6972796-100x100.jpg",100,100,true]},"post_excerpt_stackable_v2":"<p>Cuando parece que la tranquilidad ha vuelto a reinar en el country La Maravillosa, Pedro Chazarreta aparece degollado, sentado en su sill\u00f3n favorito, con una botella de whisky vac\u00eda a un costado y un cuchillo ensangrentado en la mano.<\/p>\n","category_list_v2":"","author_info_v2":{"name":"","url":""},"comments_num_v2":"0 comentarios","_links":{"self":[{"href":"https:\/\/ajupe.com.uy\/web\/wp-json\/wp\/v2\/product\/5102","targetHints":{"allow":["GET"]}}],"collection":[{"href":"https:\/\/ajupe.com.uy\/web\/wp-json\/wp\/v2\/product"}],"about":[{"href":"https:\/\/ajupe.com.uy\/web\/wp-json\/wp\/v2\/types\/product"}],"wp:featuredmedia":[{"embeddable":true,"href":"https:\/\/ajupe.com.uy\/web\/wp-json\/wp\/v2\/media\/5103"}],"wp:attachment":[{"href":"https:\/\/ajupe.com.uy\/web\/wp-json\/wp\/v2\/media?parent=5102"}],"wp:term":[{"taxonomy":"product_brand","embeddable":true,"href":"https:\/\/ajupe.com.uy\/web\/wp-json\/wp\/v2\/product_brand?post=5102"},{"taxonomy":"product_cat","embeddable":true,"href":"https:\/\/ajupe.com.uy\/web\/wp-json\/wp\/v2\/product_cat?post=5102"},{"taxonomy":"product_tag","embeddable":true,"href":"https:\/\/ajupe.com.uy\/web\/wp-json\/wp\/v2\/product_tag?post=5102"}],"curies":[{"name":"wp","href":"https:\/\/api.w.org\/{rel}","templated":true}]}}