{"id":5114,"date":"2011-10-22T14:28:15","date_gmt":"2011-10-22T17:28:15","guid":{"rendered":"http:\/\/ajupe.com.uy\/web\/?post_type=product&#038;p=5114"},"modified":"2011-10-26T15:55:10","modified_gmt":"2011-10-26T18:55:10","slug":"la-leyenda-del-fabulisimo-cappi","status":"publish","type":"product","link":"https:\/\/ajupe.com.uy\/web\/biblioteca\/la-leyenda-del-fabulisimo-cappi\/","title":{"rendered":"La leyenda del fabul\u00edsimo Cappi"},"content":{"rendered":"<p>Todos est\u00e1n all\u00ed: duros combatientes en guerras civiles, pac\u00edficos y enamorados so\u00f1adores contempor\u00e1neos, contrabandistas, negros, blancos o mestizos, caudillos, homicidas, matrimonios quebrados, pol\u00edticos, polic\u00edas honestos y deshonestos, suicidas por honor, subversivos, amantes m\u00e1s all\u00e1 de la vida terrena\u2026.<\/p>\n<p>Mario Delgado Apara\u00edn convence a sus lectores de que no hay mejor aventura que acompa\u00f1arlo cuando pone en marcha el alambique con que destila la mejor literatura, como esta, que roza el umbral de lo legendario.<\/p>\n","protected":false},"excerpt":{"rendered":"<p>Todos est\u00e1n all\u00ed: duros combatientes en guerras civiles, pac\u00edficos y enamorados so\u00f1adores contempor\u00e1neos, contrabandistas, negros, blancos o mestizos, caudillos, homicidas, matrimonios quebrados, pol\u00edticos, polic\u00edas honestos y deshonestos, suicidas por honor, subversivos, amantes m\u00e1s all\u00e1 de la vida terrena\u2026. Mario Delgado Apara\u00edn convence a sus lectores de que no hay mejor aventura que acompa\u00f1arlo cuando pone [&hellip;]<\/p>\n","protected":false},"featured_media":5115,"template":"","meta":[],"product_brand":[194],"product_cat":[31,45],"product_tag":[],"class_list":{"0":"post-5114","1":"product","2":"type-product","3":"status-publish","4":"has-post-thumbnail","6":"product_brand-mario-delgado-aparain","7":"product_cat-historico","8":"product_cat-uruguayo","10":"first","11":"instock","12":"purchasable","13":"product-type-simple"},"featured_image_urls_v2":{"full":["https:\/\/ajupe.com.uy\/web\/wp-content\/uploads\/2016\/04\/p-5114-La_leyenda_del_f_4ea2d2ffe1cbc.jpg",1520,2478,false],"thumbnail":["https:\/\/ajupe.com.uy\/web\/wp-content\/uploads\/2016\/04\/p-5114-La_leyenda_del_f_4ea2d2ffe1cbc.jpg",150,150,true],"medium":["https:\/\/ajupe.com.uy\/web\/wp-content\/uploads\/2016\/04\/p-5114-La_leyenda_del_f_4ea2d2ffe1cbc.jpg",300,214,true],"medium_large":["https:\/\/ajupe.com.uy\/web\/wp-content\/uploads\/2016\/04\/p-5114-La_leyenda_del_f_4ea2d2ffe1cbc.jpg",768,1252,false],"large":["https:\/\/ajupe.com.uy\/web\/wp-content\/uploads\/2016\/04\/p-5114-La_leyenda_del_f_4ea2d2ffe1cbc.jpg",628,1024,false],"1536x1536":["https:\/\/ajupe.com.uy\/web\/wp-content\/uploads\/2016\/04\/p-5114-La_leyenda_del_f_4ea2d2ffe1cbc.jpg",942,1536,false],"2048x2048":["https:\/\/ajupe.com.uy\/web\/wp-content\/uploads\/2016\/04\/p-5114-La_leyenda_del_f_4ea2d2ffe1cbc.jpg",1256,2048,false],"woocommerce_archive_thumbnail":["https:\/\/ajupe.com.uy\/web\/wp-content\/uploads\/2016\/04\/p-5114-La_leyenda_del_f_4ea2d2ffe1cbc-300x450.jpg",300,450,true],"woocommerce_thumbnail":["https:\/\/ajupe.com.uy\/web\/wp-content\/uploads\/2016\/04\/p-5114-La_leyenda_del_f_4ea2d2ffe1cbc-300x300.jpg",300,300,true],"woocommerce_single":["https:\/\/ajupe.com.uy\/web\/wp-content\/uploads\/2016\/04\/p-5114-La_leyenda_del_f_4ea2d2ffe1cbc-300x489.jpg",300,489,true],"woocommerce_gallery_thumbnail":["https:\/\/ajupe.com.uy\/web\/wp-content\/uploads\/2016\/04\/p-5114-La_leyenda_del_f_4ea2d2ffe1cbc-100x100.jpg",100,100,true]},"post_excerpt_stackable_v2":"<p>Todos est\u00e1n all\u00ed: duros combatientes en guerras civiles, pac\u00edficos y enamorados so\u00f1adores contempor\u00e1neos, contrabandistas, negros, blancos o mestizos, caudillos, homicidas, matrimonios quebrados, pol\u00edticos, polic\u00edas honestos y deshonestos, suicidas por honor, subversivos, amantes m\u00e1s all\u00e1 de la vida terrena\u2026. Mario Delgado Apara\u00edn convence a sus lectores de que no hay mejor aventura que acompa\u00f1arlo cuando pone en marcha el alambique con que destila la mejor literatura, como esta, que roza el umbral de lo legendario.<\/p>\n","category_list_v2":"","author_info_v2":{"name":"","url":""},"comments_num_v2":"0 comentarios","_links":{"self":[{"href":"https:\/\/ajupe.com.uy\/web\/wp-json\/wp\/v2\/product\/5114","targetHints":{"allow":["GET"]}}],"collection":[{"href":"https:\/\/ajupe.com.uy\/web\/wp-json\/wp\/v2\/product"}],"about":[{"href":"https:\/\/ajupe.com.uy\/web\/wp-json\/wp\/v2\/types\/product"}],"wp:featuredmedia":[{"embeddable":true,"href":"https:\/\/ajupe.com.uy\/web\/wp-json\/wp\/v2\/media\/5115"}],"wp:attachment":[{"href":"https:\/\/ajupe.com.uy\/web\/wp-json\/wp\/v2\/media?parent=5114"}],"wp:term":[{"taxonomy":"product_brand","embeddable":true,"href":"https:\/\/ajupe.com.uy\/web\/wp-json\/wp\/v2\/product_brand?post=5114"},{"taxonomy":"product_cat","embeddable":true,"href":"https:\/\/ajupe.com.uy\/web\/wp-json\/wp\/v2\/product_cat?post=5114"},{"taxonomy":"product_tag","embeddable":true,"href":"https:\/\/ajupe.com.uy\/web\/wp-json\/wp\/v2\/product_tag?post=5114"}],"curies":[{"name":"wp","href":"https:\/\/api.w.org\/{rel}","templated":true}]}}