{"id":5132,"date":"2011-10-22T18:22:26","date_gmt":"2011-10-22T21:22:26","guid":{"rendered":"http:\/\/ajupe.com.uy\/web\/?post_type=product&#038;p=5132"},"modified":"2011-10-22T18:22:26","modified_gmt":"2011-10-22T21:22:26","slug":"yo-no-se-si-es-poesia","status":"publish","type":"product","link":"https:\/\/ajupe.com.uy\/web\/biblioteca\/yo-no-se-si-es-poesia\/","title":{"rendered":"Yo no s\u00e9 si es poes\u00eda"},"content":{"rendered":"<p>Si con este libro logr\u00e9 alimentar tu esp\u00edritu por media hora\u2026\u2026\u2026\u2026\u2026.<\/p>\n<p>Si alcanc\u00e9 a emocionarte, aunque m\u00e1s no sea, tres segundos\u2026\u2026.<\/p>\n<p>Si puede hacerte olvidar, por un instante, los problemas cotidianos.<\/p>\n<p>\u00a1La comunicaci\u00f3n se ha logrado!<\/p>\n<p>He cumplido mi prop\u00f3sito.<\/p>\n","protected":false},"excerpt":{"rendered":"<p>Si con este libro logr\u00e9 alimentar tu esp\u00edritu por media hora\u2026\u2026\u2026\u2026\u2026. Si alcanc\u00e9 a emocionarte, aunque m\u00e1s no sea, tres segundos\u2026\u2026. Si puede hacerte olvidar, por un instante, los problemas cotidianos. \u00a1La comunicaci\u00f3n se ha logrado! He cumplido mi prop\u00f3sito.<\/p>\n","protected":false},"featured_media":5133,"template":"","meta":[],"product_brand":[1012],"product_cat":[46],"product_tag":[],"class_list":{"0":"post-5132","1":"product","2":"type-product","3":"status-publish","4":"has-post-thumbnail","6":"product_brand-carlos-motta-niz","7":"product_cat-poesia","9":"first","10":"instock","11":"purchasable","12":"product-type-simple"},"featured_image_urls_v2":{"full":["https:\/\/ajupe.com.uy\/web\/wp-content\/uploads\/2016\/04\/p-5132-Yo_no_s___si_es__4ea309e232c9c.jpg",1329,2069,false],"thumbnail":["https:\/\/ajupe.com.uy\/web\/wp-content\/uploads\/2016\/04\/p-5132-Yo_no_s___si_es__4ea309e232c9c.jpg",150,150,true],"medium":["https:\/\/ajupe.com.uy\/web\/wp-content\/uploads\/2016\/04\/p-5132-Yo_no_s___si_es__4ea309e232c9c.jpg",300,214,true],"medium_large":["https:\/\/ajupe.com.uy\/web\/wp-content\/uploads\/2016\/04\/p-5132-Yo_no_s___si_es__4ea309e232c9c.jpg",768,1196,false],"large":["https:\/\/ajupe.com.uy\/web\/wp-content\/uploads\/2016\/04\/p-5132-Yo_no_s___si_es__4ea309e232c9c.jpg",658,1024,false],"1536x1536":["https:\/\/ajupe.com.uy\/web\/wp-content\/uploads\/2016\/04\/p-5132-Yo_no_s___si_es__4ea309e232c9c.jpg",987,1536,false],"2048x2048":["https:\/\/ajupe.com.uy\/web\/wp-content\/uploads\/2016\/04\/p-5132-Yo_no_s___si_es__4ea309e232c9c.jpg",1316,2048,false],"woocommerce_archive_thumbnail":["https:\/\/ajupe.com.uy\/web\/wp-content\/uploads\/2016\/04\/p-5132-Yo_no_s___si_es__4ea309e232c9c-300x450.jpg",300,450,true],"woocommerce_thumbnail":["https:\/\/ajupe.com.uy\/web\/wp-content\/uploads\/2016\/04\/p-5132-Yo_no_s___si_es__4ea309e232c9c-300x300.jpg",300,300,true],"woocommerce_single":["https:\/\/ajupe.com.uy\/web\/wp-content\/uploads\/2016\/04\/p-5132-Yo_no_s___si_es__4ea309e232c9c-300x467.jpg",300,467,true],"woocommerce_gallery_thumbnail":["https:\/\/ajupe.com.uy\/web\/wp-content\/uploads\/2016\/04\/p-5132-Yo_no_s___si_es__4ea309e232c9c-100x100.jpg",100,100,true]},"post_excerpt_stackable_v2":"<p>Si con este libro logr\u00e9 alimentar tu esp\u00edritu por media hora\u2026\u2026\u2026\u2026\u2026. Si alcanc\u00e9 a emocionarte, aunque m\u00e1s no sea, tres segundos\u2026\u2026. Si puede hacerte olvidar, por un instante, los problemas cotidianos. \u00a1La comunicaci\u00f3n se ha logrado! He cumplido mi prop\u00f3sito.<\/p>\n","category_list_v2":"","author_info_v2":{"name":"","url":""},"comments_num_v2":"0 comentarios","_links":{"self":[{"href":"https:\/\/ajupe.com.uy\/web\/wp-json\/wp\/v2\/product\/5132","targetHints":{"allow":["GET"]}}],"collection":[{"href":"https:\/\/ajupe.com.uy\/web\/wp-json\/wp\/v2\/product"}],"about":[{"href":"https:\/\/ajupe.com.uy\/web\/wp-json\/wp\/v2\/types\/product"}],"wp:featuredmedia":[{"embeddable":true,"href":"https:\/\/ajupe.com.uy\/web\/wp-json\/wp\/v2\/media\/5133"}],"wp:attachment":[{"href":"https:\/\/ajupe.com.uy\/web\/wp-json\/wp\/v2\/media?parent=5132"}],"wp:term":[{"taxonomy":"product_brand","embeddable":true,"href":"https:\/\/ajupe.com.uy\/web\/wp-json\/wp\/v2\/product_brand?post=5132"},{"taxonomy":"product_cat","embeddable":true,"href":"https:\/\/ajupe.com.uy\/web\/wp-json\/wp\/v2\/product_cat?post=5132"},{"taxonomy":"product_tag","embeddable":true,"href":"https:\/\/ajupe.com.uy\/web\/wp-json\/wp\/v2\/product_tag?post=5132"}],"curies":[{"name":"wp","href":"https:\/\/api.w.org\/{rel}","templated":true}]}}