{"id":5147,"date":"2011-10-23T23:17:08","date_gmt":"2011-10-24T02:17:08","guid":{"rendered":"http:\/\/ajupe.com.uy\/web\/?post_type=product&#038;p=5147"},"modified":"2011-10-23T23:17:08","modified_gmt":"2011-10-24T02:17:08","slug":"historia-del-iava","status":"publish","type":"product","link":"https:\/\/ajupe.com.uy\/web\/biblioteca\/historia-del-iava\/","title":{"rendered":"Historia del IAVA"},"content":{"rendered":"<p>\u201cLos h\u00e1bitos que se adquieren en las bancas de la escuela de Ense\u00f1anza Secundaria, persisten toda la vida, y es claro que todo aquello que se haga para levantar el nivel de esa ense\u00f1anza, para dar una orientaci\u00f3n pr\u00e1ctica a los esp\u00edritus estudiosos, tiene que ejercer y ejerce influencia decisiva y considerable sobre las carreras profesionales a las que se provee de elementos\u00a0 aptos, y sobre la sociedad a la que se suministra hombres dotados de criterio propio y de amplio bagaje intelectual para impulsar las distintas obras a que arrastran las tendencias y aflicciones de cada uno\u201d<\/p>\n","protected":false},"excerpt":{"rendered":"<p>\u201cLos h\u00e1bitos que se adquieren en las bancas de la escuela de Ense\u00f1anza Secundaria, persisten toda la vida, y es claro que todo aquello que se haga para levantar el nivel de esa ense\u00f1anza, para dar una orientaci\u00f3n pr\u00e1ctica a los esp\u00edritus estudiosos, tiene que ejercer y ejerce influencia decisiva y considerable sobre las carreras [&hellip;]<\/p>\n","protected":false},"featured_media":5148,"template":"","meta":[],"product_brand":[677],"product_cat":[45],"product_tag":[],"class_list":{"0":"post-5147","1":"product","2":"type-product","3":"status-publish","4":"has-post-thumbnail","6":"product_brand-guillermo-cielo","7":"product_cat-uruguayo","9":"first","10":"instock","11":"purchasable","12":"product-type-simple"},"featured_image_urls_v2":{"full":["https:\/\/ajupe.com.uy\/web\/wp-content\/uploads\/2016\/04\/p-5147-Historia_del_IAV_4ea4a0742c065.jpg",1629,2328,false],"thumbnail":["https:\/\/ajupe.com.uy\/web\/wp-content\/uploads\/2016\/04\/p-5147-Historia_del_IAV_4ea4a0742c065.jpg",150,150,true],"medium":["https:\/\/ajupe.com.uy\/web\/wp-content\/uploads\/2016\/04\/p-5147-Historia_del_IAV_4ea4a0742c065.jpg",300,214,true],"medium_large":["https:\/\/ajupe.com.uy\/web\/wp-content\/uploads\/2016\/04\/p-5147-Historia_del_IAV_4ea4a0742c065.jpg",768,1098,false],"large":["https:\/\/ajupe.com.uy\/web\/wp-content\/uploads\/2016\/04\/p-5147-Historia_del_IAV_4ea4a0742c065.jpg",717,1024,false],"1536x1536":["https:\/\/ajupe.com.uy\/web\/wp-content\/uploads\/2016\/04\/p-5147-Historia_del_IAV_4ea4a0742c065.jpg",1075,1536,false],"2048x2048":["https:\/\/ajupe.com.uy\/web\/wp-content\/uploads\/2016\/04\/p-5147-Historia_del_IAV_4ea4a0742c065.jpg",1433,2048,false],"woocommerce_archive_thumbnail":["https:\/\/ajupe.com.uy\/web\/wp-content\/uploads\/2016\/04\/p-5147-Historia_del_IAV_4ea4a0742c065-300x450.jpg",300,450,true],"woocommerce_thumbnail":["https:\/\/ajupe.com.uy\/web\/wp-content\/uploads\/2016\/04\/p-5147-Historia_del_IAV_4ea4a0742c065-300x300.jpg",300,300,true],"woocommerce_single":["https:\/\/ajupe.com.uy\/web\/wp-content\/uploads\/2016\/04\/p-5147-Historia_del_IAV_4ea4a0742c065-300x429.jpg",300,429,true],"woocommerce_gallery_thumbnail":["https:\/\/ajupe.com.uy\/web\/wp-content\/uploads\/2016\/04\/p-5147-Historia_del_IAV_4ea4a0742c065-100x100.jpg",100,100,true]},"post_excerpt_stackable_v2":"<p>\u201cLos h\u00e1bitos que se adquieren en las bancas de la escuela de Ense\u00f1anza Secundaria, persisten toda la vida, y es claro que todo aquello que se haga para levantar el nivel de esa ense\u00f1anza, para dar una orientaci\u00f3n pr\u00e1ctica a los esp\u00edritus estudiosos, tiene que ejercer y ejerce influencia decisiva y considerable sobre las carreras profesionales a las que se provee de elementos\u00a0 aptos, y sobre la sociedad a la que se suministra hombres dotados de criterio propio y de amplio bagaje intelectual para impulsar las distintas obras a que arrastran las tendencias y aflicciones de cada uno\u201d<\/p>\n","category_list_v2":"","author_info_v2":{"name":"","url":""},"comments_num_v2":"0 comentarios","_links":{"self":[{"href":"https:\/\/ajupe.com.uy\/web\/wp-json\/wp\/v2\/product\/5147","targetHints":{"allow":["GET"]}}],"collection":[{"href":"https:\/\/ajupe.com.uy\/web\/wp-json\/wp\/v2\/product"}],"about":[{"href":"https:\/\/ajupe.com.uy\/web\/wp-json\/wp\/v2\/types\/product"}],"wp:featuredmedia":[{"embeddable":true,"href":"https:\/\/ajupe.com.uy\/web\/wp-json\/wp\/v2\/media\/5148"}],"wp:attachment":[{"href":"https:\/\/ajupe.com.uy\/web\/wp-json\/wp\/v2\/media?parent=5147"}],"wp:term":[{"taxonomy":"product_brand","embeddable":true,"href":"https:\/\/ajupe.com.uy\/web\/wp-json\/wp\/v2\/product_brand?post=5147"},{"taxonomy":"product_cat","embeddable":true,"href":"https:\/\/ajupe.com.uy\/web\/wp-json\/wp\/v2\/product_cat?post=5147"},{"taxonomy":"product_tag","embeddable":true,"href":"https:\/\/ajupe.com.uy\/web\/wp-json\/wp\/v2\/product_tag?post=5147"}],"curies":[{"name":"wp","href":"https:\/\/api.w.org\/{rel}","templated":true}]}}