{"id":5150,"date":"2011-10-23T23:26:42","date_gmt":"2011-10-24T02:26:42","guid":{"rendered":"http:\/\/ajupe.com.uy\/web\/?post_type=product&#038;p=5150"},"modified":"2011-10-23T23:26:42","modified_gmt":"2011-10-24T02:26:42","slug":"para-triunfar-sonar","status":"publish","type":"product","link":"https:\/\/ajupe.com.uy\/web\/biblioteca\/para-triunfar-sonar\/","title":{"rendered":"Para triunfar, sonar"},"content":{"rendered":"<p><strong>:<\/strong>\u00bfSab\u00edas tu\u2026\u2026 que la televisi\u00f3n en el Uruguay naci\u00f3 hace 50 a\u00f1os con un solo Canal y una sola c\u00e1mara? Durante los primeros cinco a\u00f1os, quienes fuimos \u201clos pioneros\u201d dejamos huellas imborrables de lo que fue aquella historia\u2026..\u00a1aquel \u201cmilagro\u201d! que realizamos bien \u201ca la uruguaya\u201d, como ilustra el cap\u00edtulo correspondiente de este libro.<\/p>\n<p>\u2026\u2026..que en 1970 tuvimos en el Uruguay las primeras transmisiones satelitales, que nos permitieron \u2013durante 20 a\u00f1os- televisar en cadena todos los Campeones Mundiales, las Olimpiadas, los Torneos Juveniles, y la Copa de Oro? \u2026..que, en 1971, todos fuimos a la Curva porque, esa noche, hablaba Wilson?&#8230;&#8230;El relato con todos los detalles de esta campa\u00f1a que reci\u00e9n vas a conocer ahora, te van a emocionar much\u00edsimo.<\/p>\n","protected":false},"excerpt":{"rendered":"<p>:\u00bfSab\u00edas tu\u2026\u2026 que la televisi\u00f3n en el Uruguay naci\u00f3 hace 50 a\u00f1os con un solo Canal y una sola c\u00e1mara? Durante los primeros cinco a\u00f1os, quienes fuimos \u201clos pioneros\u201d dejamos huellas imborrables de lo que fue aquella historia\u2026..\u00a1aquel \u201cmilagro\u201d! que realizamos bien \u201ca la uruguaya\u201d, como ilustra el cap\u00edtulo correspondiente de este libro. \u2026\u2026..que en [&hellip;]<\/p>\n","protected":false},"featured_media":5151,"template":"","meta":[],"product_brand":[817],"product_cat":[44],"product_tag":[],"class_list":{"0":"post-5150","1":"product","2":"type-product","3":"status-publish","4":"has-post-thumbnail","6":"product_brand-miguel-angel-campodonico","7":"product_cat-biografico","9":"first","10":"instock","11":"purchasable","12":"product-type-simple"},"featured_image_urls_v2":{"full":["https:\/\/ajupe.com.uy\/web\/wp-content\/uploads\/2016\/04\/p-5150-Para_triunfar__s_4ea4a2b2bfc4d-scaled.jpg",1758,2560,false],"thumbnail":["https:\/\/ajupe.com.uy\/web\/wp-content\/uploads\/2016\/04\/p-5150-Para_triunfar__s_4ea4a2b2bfc4d.jpg",150,150,true],"medium":["https:\/\/ajupe.com.uy\/web\/wp-content\/uploads\/2016\/04\/p-5150-Para_triunfar__s_4ea4a2b2bfc4d.jpg",300,214,true],"medium_large":["https:\/\/ajupe.com.uy\/web\/wp-content\/uploads\/2016\/04\/p-5150-Para_triunfar__s_4ea4a2b2bfc4d-scaled.jpg",768,1118,false],"large":["https:\/\/ajupe.com.uy\/web\/wp-content\/uploads\/2016\/04\/p-5150-Para_triunfar__s_4ea4a2b2bfc4d-scaled.jpg",703,1024,false],"1536x1536":["https:\/\/ajupe.com.uy\/web\/wp-content\/uploads\/2016\/04\/p-5150-Para_triunfar__s_4ea4a2b2bfc4d-scaled.jpg",1055,1536,false],"2048x2048":["https:\/\/ajupe.com.uy\/web\/wp-content\/uploads\/2016\/04\/p-5150-Para_triunfar__s_4ea4a2b2bfc4d-scaled.jpg",1406,2048,false],"woocommerce_archive_thumbnail":["https:\/\/ajupe.com.uy\/web\/wp-content\/uploads\/2016\/04\/p-5150-Para_triunfar__s_4ea4a2b2bfc4d-scaled-300x450.jpg",300,450,true],"woocommerce_thumbnail":["https:\/\/ajupe.com.uy\/web\/wp-content\/uploads\/2016\/04\/p-5150-Para_triunfar__s_4ea4a2b2bfc4d-scaled-300x300.jpg",300,300,true],"woocommerce_single":["https:\/\/ajupe.com.uy\/web\/wp-content\/uploads\/2016\/04\/p-5150-Para_triunfar__s_4ea4a2b2bfc4d-scaled-300x437.jpg",300,437,true],"woocommerce_gallery_thumbnail":["https:\/\/ajupe.com.uy\/web\/wp-content\/uploads\/2016\/04\/p-5150-Para_triunfar__s_4ea4a2b2bfc4d-scaled-100x100.jpg",100,100,true]},"post_excerpt_stackable_v2":"<p>:\u00bfSab\u00edas tu\u2026\u2026 que la televisi\u00f3n en el Uruguay naci\u00f3 hace 50 a\u00f1os con un solo Canal y una sola c\u00e1mara? Durante los primeros cinco a\u00f1os, quienes fuimos \u201clos pioneros\u201d dejamos huellas imborrables de lo que fue aquella historia\u2026..\u00a1aquel \u201cmilagro\u201d! que realizamos bien \u201ca la uruguaya\u201d, como ilustra el cap\u00edtulo correspondiente de este libro. \u2026\u2026..que en 1970 tuvimos en el Uruguay las primeras transmisiones satelitales, que nos permitieron \u2013durante 20 a\u00f1os- televisar en cadena todos los Campeones Mundiales, las Olimpiadas, los Torneos Juveniles, y la Copa de Oro? \u2026..que, en 1971, todos fuimos a la Curva porque, esa noche, hablaba Wilson?&#8230;&#8230;El&hellip;<\/p>\n","category_list_v2":"","author_info_v2":{"name":"","url":""},"comments_num_v2":"0 comentarios","_links":{"self":[{"href":"https:\/\/ajupe.com.uy\/web\/wp-json\/wp\/v2\/product\/5150","targetHints":{"allow":["GET"]}}],"collection":[{"href":"https:\/\/ajupe.com.uy\/web\/wp-json\/wp\/v2\/product"}],"about":[{"href":"https:\/\/ajupe.com.uy\/web\/wp-json\/wp\/v2\/types\/product"}],"wp:featuredmedia":[{"embeddable":true,"href":"https:\/\/ajupe.com.uy\/web\/wp-json\/wp\/v2\/media\/5151"}],"wp:attachment":[{"href":"https:\/\/ajupe.com.uy\/web\/wp-json\/wp\/v2\/media?parent=5150"}],"wp:term":[{"taxonomy":"product_brand","embeddable":true,"href":"https:\/\/ajupe.com.uy\/web\/wp-json\/wp\/v2\/product_brand?post=5150"},{"taxonomy":"product_cat","embeddable":true,"href":"https:\/\/ajupe.com.uy\/web\/wp-json\/wp\/v2\/product_cat?post=5150"},{"taxonomy":"product_tag","embeddable":true,"href":"https:\/\/ajupe.com.uy\/web\/wp-json\/wp\/v2\/product_tag?post=5150"}],"curies":[{"name":"wp","href":"https:\/\/api.w.org\/{rel}","templated":true}]}}