{"id":5153,"date":"2011-10-23T23:39:05","date_gmt":"2011-10-24T02:39:05","guid":{"rendered":"http:\/\/ajupe.com.uy\/web\/?post_type=product&#038;p=5153"},"modified":"2011-10-23T23:39:05","modified_gmt":"2011-10-24T02:39:05","slug":"un-dedo-sobre-los-labios","status":"publish","type":"product","link":"https:\/\/ajupe.com.uy\/web\/biblioteca\/un-dedo-sobre-los-labios\/","title":{"rendered":"Un dedo sobre los labios"},"content":{"rendered":"<p>\u201cUn dedo sobre los labios\u201d es la segunda novela publicada por una autora cuya carrera dentro de las letras comprendi\u00f3 especialmente y en un principio, el ensayo, la cr\u00edtica literaria, el cuento breve y la \u201cnouvelle\u201d. Su primer novela \u201cEntre dos inviernos\u201d la inici\u00f3 en este \u00faltimo g\u00e9nero y hoy nos presenta \u201cUn dedo sobre los labios\u201d donde explora la vida de quienes ejercen la medicina, no tanto desde el punto de vista de su profesi\u00f3n, sino m\u00e1s bien entrevistos por su lado humano. La novela es pues un panorama donde la Medicina se constituye en un tel\u00f3n de fondo, pero los protagonistas, casi todos m\u00e9dicos, producto de la fantas\u00eda aunque con visos de realidad, son considerados con sus virtudes y defectos como hombres y mujeres que luchan, aman, sufren, son abnegados o ambiciosos, tienen debilidades, orgullo, vocaci\u00f3n, fatiga, aciertos y errores, sumado un entorno familiar y social y las situaciones a resolver por ellos planteadas. Para el personaje principal, la nostalgia y una borrascosa pasi\u00f3n predominando sobre su condici\u00f3n de m\u00e9dico, son factores determinantes de un destino a diluirse en forma un tanto m\u00e1gica.<\/p>\n","protected":false},"excerpt":{"rendered":"<p>\u201cUn dedo sobre los labios\u201d es la segunda novela publicada por una autora cuya carrera dentro de las letras comprendi\u00f3 especialmente y en un principio, el ensayo, la cr\u00edtica literaria, el cuento breve y la \u201cnouvelle\u201d. Su primer novela \u201cEntre dos inviernos\u201d la inici\u00f3 en este \u00faltimo g\u00e9nero y hoy nos presenta \u201cUn dedo sobre [&hellip;]<\/p>\n","protected":false},"featured_media":5154,"template":"","meta":[],"product_brand":[352],"product_cat":[29],"product_tag":[],"class_list":{"0":"post-5153","1":"product","2":"type-product","3":"status-publish","4":"has-post-thumbnail","6":"product_brand-angelica-bianchi","7":"product_cat-novela","9":"first","10":"instock","11":"purchasable","12":"product-type-simple"},"featured_image_urls_v2":{"full":["https:\/\/ajupe.com.uy\/web\/wp-content\/uploads\/2016\/04\/p-5153-Un_dedo_sobre_lo_4ea4a599edf08.jpg",1950,2403,false],"thumbnail":["https:\/\/ajupe.com.uy\/web\/wp-content\/uploads\/2016\/04\/p-5153-Un_dedo_sobre_lo_4ea4a599edf08.jpg",150,150,true],"medium":["https:\/\/ajupe.com.uy\/web\/wp-content\/uploads\/2016\/04\/p-5153-Un_dedo_sobre_lo_4ea4a599edf08.jpg",300,214,true],"medium_large":["https:\/\/ajupe.com.uy\/web\/wp-content\/uploads\/2016\/04\/p-5153-Un_dedo_sobre_lo_4ea4a599edf08.jpg",768,946,false],"large":["https:\/\/ajupe.com.uy\/web\/wp-content\/uploads\/2016\/04\/p-5153-Un_dedo_sobre_lo_4ea4a599edf08.jpg",831,1024,false],"1536x1536":["https:\/\/ajupe.com.uy\/web\/wp-content\/uploads\/2016\/04\/p-5153-Un_dedo_sobre_lo_4ea4a599edf08.jpg",1246,1536,false],"2048x2048":["https:\/\/ajupe.com.uy\/web\/wp-content\/uploads\/2016\/04\/p-5153-Un_dedo_sobre_lo_4ea4a599edf08.jpg",1662,2048,false],"woocommerce_archive_thumbnail":["https:\/\/ajupe.com.uy\/web\/wp-content\/uploads\/2016\/04\/p-5153-Un_dedo_sobre_lo_4ea4a599edf08-300x450.jpg",300,450,true],"woocommerce_thumbnail":["https:\/\/ajupe.com.uy\/web\/wp-content\/uploads\/2016\/04\/p-5153-Un_dedo_sobre_lo_4ea4a599edf08-300x300.jpg",300,300,true],"woocommerce_single":["https:\/\/ajupe.com.uy\/web\/wp-content\/uploads\/2016\/04\/p-5153-Un_dedo_sobre_lo_4ea4a599edf08-300x370.jpg",300,370,true],"woocommerce_gallery_thumbnail":["https:\/\/ajupe.com.uy\/web\/wp-content\/uploads\/2016\/04\/p-5153-Un_dedo_sobre_lo_4ea4a599edf08-100x100.jpg",100,100,true]},"post_excerpt_stackable_v2":"<p>\u201cUn dedo sobre los labios\u201d es la segunda novela publicada por una autora cuya carrera dentro de las letras comprendi\u00f3 especialmente y en un principio, el ensayo, la cr\u00edtica literaria, el cuento breve y la \u201cnouvelle\u201d. Su primer novela \u201cEntre dos inviernos\u201d la inici\u00f3 en este \u00faltimo g\u00e9nero y hoy nos presenta \u201cUn dedo sobre los labios\u201d donde explora la vida de quienes ejercen la medicina, no tanto desde el punto de vista de su profesi\u00f3n, sino m\u00e1s bien entrevistos por su lado humano. La novela es pues un panorama donde la Medicina se constituye en un tel\u00f3n de fondo,&hellip;<\/p>\n","category_list_v2":"","author_info_v2":{"name":"","url":""},"comments_num_v2":"0 comentarios","_links":{"self":[{"href":"https:\/\/ajupe.com.uy\/web\/wp-json\/wp\/v2\/product\/5153","targetHints":{"allow":["GET"]}}],"collection":[{"href":"https:\/\/ajupe.com.uy\/web\/wp-json\/wp\/v2\/product"}],"about":[{"href":"https:\/\/ajupe.com.uy\/web\/wp-json\/wp\/v2\/types\/product"}],"wp:featuredmedia":[{"embeddable":true,"href":"https:\/\/ajupe.com.uy\/web\/wp-json\/wp\/v2\/media\/5154"}],"wp:attachment":[{"href":"https:\/\/ajupe.com.uy\/web\/wp-json\/wp\/v2\/media?parent=5153"}],"wp:term":[{"taxonomy":"product_brand","embeddable":true,"href":"https:\/\/ajupe.com.uy\/web\/wp-json\/wp\/v2\/product_brand?post=5153"},{"taxonomy":"product_cat","embeddable":true,"href":"https:\/\/ajupe.com.uy\/web\/wp-json\/wp\/v2\/product_cat?post=5153"},{"taxonomy":"product_tag","embeddable":true,"href":"https:\/\/ajupe.com.uy\/web\/wp-json\/wp\/v2\/product_tag?post=5153"}],"curies":[{"name":"wp","href":"https:\/\/api.w.org\/{rel}","templated":true}]}}