{"id":5171,"date":"2011-10-25T17:21:26","date_gmt":"2011-10-25T20:21:26","guid":{"rendered":"http:\/\/ajupe.com.uy\/web\/?post_type=product&#038;p=5171"},"modified":"2011-10-25T17:21:26","modified_gmt":"2011-10-25T20:21:26","slug":"ebria-de-pasion-y-sangre","status":"publish","type":"product","link":"https:\/\/ajupe.com.uy\/web\/biblioteca\/ebria-de-pasion-y-sangre\/","title":{"rendered":"Ebria de pasi\u00f3n y sangre"},"content":{"rendered":"<p>Colecci\u00f3n Bit\u00e1cora. Narradores Latinoamericanos. <em> BOTELLA AL MAR<\/em><\/p>\n","protected":false},"excerpt":{"rendered":"<p>Colecci\u00f3n Bit\u00e1cora. Narradores Latinoamericanos. BOTELLA AL MAR<\/p>\n","protected":false},"featured_media":5172,"template":"","meta":[],"product_brand":[646],"product_cat":[33,29],"product_tag":[],"class_list":{"0":"post-5171","1":"product","2":"type-product","3":"status-publish","4":"has-post-thumbnail","6":"product_brand-esperanza-tejera-viera","7":"product_cat-cuentos","8":"product_cat-novela","10":"first","11":"instock","12":"purchasable","13":"product-type-simple"},"featured_image_urls_v2":{"full":["https:\/\/ajupe.com.uy\/web\/wp-content\/uploads\/2016\/04\/p-5171-Ebria_de_pasi__n_4ea6f016a725d.jpg",1281,2014,false],"thumbnail":["https:\/\/ajupe.com.uy\/web\/wp-content\/uploads\/2016\/04\/p-5171-Ebria_de_pasi__n_4ea6f016a725d.jpg",150,150,true],"medium":["https:\/\/ajupe.com.uy\/web\/wp-content\/uploads\/2016\/04\/p-5171-Ebria_de_pasi__n_4ea6f016a725d.jpg",300,214,true],"medium_large":["https:\/\/ajupe.com.uy\/web\/wp-content\/uploads\/2016\/04\/p-5171-Ebria_de_pasi__n_4ea6f016a725d.jpg",768,1207,false],"large":["https:\/\/ajupe.com.uy\/web\/wp-content\/uploads\/2016\/04\/p-5171-Ebria_de_pasi__n_4ea6f016a725d.jpg",651,1024,false],"1536x1536":["https:\/\/ajupe.com.uy\/web\/wp-content\/uploads\/2016\/04\/p-5171-Ebria_de_pasi__n_4ea6f016a725d.jpg",977,1536,false],"2048x2048":["https:\/\/ajupe.com.uy\/web\/wp-content\/uploads\/2016\/04\/p-5171-Ebria_de_pasi__n_4ea6f016a725d.jpg",1281,2014,false],"woocommerce_archive_thumbnail":["https:\/\/ajupe.com.uy\/web\/wp-content\/uploads\/2016\/04\/p-5171-Ebria_de_pasi__n_4ea6f016a725d-300x450.jpg",300,450,true],"woocommerce_thumbnail":["https:\/\/ajupe.com.uy\/web\/wp-content\/uploads\/2016\/04\/p-5171-Ebria_de_pasi__n_4ea6f016a725d-300x300.jpg",300,300,true],"woocommerce_single":["https:\/\/ajupe.com.uy\/web\/wp-content\/uploads\/2016\/04\/p-5171-Ebria_de_pasi__n_4ea6f016a725d-300x472.jpg",300,472,true],"woocommerce_gallery_thumbnail":["https:\/\/ajupe.com.uy\/web\/wp-content\/uploads\/2016\/04\/p-5171-Ebria_de_pasi__n_4ea6f016a725d-100x100.jpg",100,100,true]},"post_excerpt_stackable_v2":"<p>Colecci\u00f3n Bit\u00e1cora. Narradores Latinoamericanos. BOTELLA AL MAR<\/p>\n","category_list_v2":"","author_info_v2":{"name":"","url":""},"comments_num_v2":"0 comentarios","_links":{"self":[{"href":"https:\/\/ajupe.com.uy\/web\/wp-json\/wp\/v2\/product\/5171","targetHints":{"allow":["GET"]}}],"collection":[{"href":"https:\/\/ajupe.com.uy\/web\/wp-json\/wp\/v2\/product"}],"about":[{"href":"https:\/\/ajupe.com.uy\/web\/wp-json\/wp\/v2\/types\/product"}],"wp:featuredmedia":[{"embeddable":true,"href":"https:\/\/ajupe.com.uy\/web\/wp-json\/wp\/v2\/media\/5172"}],"wp:attachment":[{"href":"https:\/\/ajupe.com.uy\/web\/wp-json\/wp\/v2\/media?parent=5171"}],"wp:term":[{"taxonomy":"product_brand","embeddable":true,"href":"https:\/\/ajupe.com.uy\/web\/wp-json\/wp\/v2\/product_brand?post=5171"},{"taxonomy":"product_cat","embeddable":true,"href":"https:\/\/ajupe.com.uy\/web\/wp-json\/wp\/v2\/product_cat?post=5171"},{"taxonomy":"product_tag","embeddable":true,"href":"https:\/\/ajupe.com.uy\/web\/wp-json\/wp\/v2\/product_tag?post=5171"}],"curies":[{"name":"wp","href":"https:\/\/api.w.org\/{rel}","templated":true}]}}