{"id":5174,"date":"2011-10-25T17:41:55","date_gmt":"2011-10-25T20:41:55","guid":{"rendered":"http:\/\/ajupe.com.uy\/web\/?post_type=product&#038;p=5174"},"modified":"2011-10-27T16:50:11","modified_gmt":"2011-10-27T19:50:11","slug":"voces-anonimas","status":"publish","type":"product","link":"https:\/\/ajupe.com.uy\/web\/biblioteca\/voces-anonimas\/","title":{"rendered":"Voces an\u00f3nimas"},"content":{"rendered":"<p>Este libro contiene una serie de historias y leyendas m\u00e1gicas pertenecientes a los tres ciclos televisivos del programa Voces An\u00f3nimas, emitido a trav\u00e9s de la pantalla de la Tele (Canal 12, Montevideo, Uruguay).<\/p>\n<p>En sus p\u00e1ginas, los lectores podr\u00e1n encontrar algunos cap\u00edtulos emblem\u00e1ticos de este exitoso programa de la televisi\u00f3n uruguaya, como \u201cEl fot\u00f3grafo morboso\u201d, \u201cLa llamada imposible\u201d, \u201cEl regreso de la Llorona\u201d, \u201cLos mellizos\u201d, \u201cEl \u00e1guila de piedra\u201d, \u201cLa ni\u00f1a del ascensor\u201d, \u201cEl cuadro de Clarita\u201d, \u201cEl testamento falso\u201d y \u201cJack el destripador\u201d, entre otros.<\/p>\n<p>Historias de misterio, aventura, suspenso, terror y emoci\u00f3n recogidas del universo m\u00e1gico dela tradici\u00f3n oral de diversos pa\u00edses del mundo integran las p\u00e1ginas de este libro cargado de sorpresas, segundo volumen de la trilog\u00eda literaria de Voces An\u00f3nimas.<\/p>\n","protected":false},"excerpt":{"rendered":"<p>Este libro contiene una serie de historias y leyendas m\u00e1gicas pertenecientes a los tres ciclos televisivos del programa Voces An\u00f3nimas, emitido a trav\u00e9s de la pantalla de la Tele (Canal 12, Montevideo, Uruguay). En sus p\u00e1ginas, los lectores podr\u00e1n encontrar algunos cap\u00edtulos emblem\u00e1ticos de este exitoso programa de la televisi\u00f3n uruguaya, como \u201cEl fot\u00f3grafo morboso\u201d, [&hellip;]<\/p>\n","protected":false},"featured_media":5175,"template":"","meta":[],"product_brand":[678],"product_cat":[33,41,45],"product_tag":[],"class_list":{"0":"post-5174","1":"product","2":"type-product","3":"status-publish","4":"has-post-thumbnail","6":"product_brand-guillermo-lockhart","7":"product_cat-cuentos","8":"product_cat-terror","9":"product_cat-uruguayo","11":"first","12":"instock","13":"purchasable","14":"product-type-simple"},"featured_image_urls_v2":{"full":["https:\/\/ajupe.com.uy\/web\/wp-content\/uploads\/2016\/04\/p-5174-Voces_an__nimas_4ea6f4e3977a6-scaled.jpg",1658,2560,false],"thumbnail":["https:\/\/ajupe.com.uy\/web\/wp-content\/uploads\/2016\/04\/p-5174-Voces_an__nimas_4ea6f4e3977a6.jpg",150,150,true],"medium":["https:\/\/ajupe.com.uy\/web\/wp-content\/uploads\/2016\/04\/p-5174-Voces_an__nimas_4ea6f4e3977a6.jpg",300,214,true],"medium_large":["https:\/\/ajupe.com.uy\/web\/wp-content\/uploads\/2016\/04\/p-5174-Voces_an__nimas_4ea6f4e3977a6-scaled.jpg",768,1186,false],"large":["https:\/\/ajupe.com.uy\/web\/wp-content\/uploads\/2016\/04\/p-5174-Voces_an__nimas_4ea6f4e3977a6-scaled.jpg",663,1024,false],"1536x1536":["https:\/\/ajupe.com.uy\/web\/wp-content\/uploads\/2016\/04\/p-5174-Voces_an__nimas_4ea6f4e3977a6-scaled.jpg",995,1536,false],"2048x2048":["https:\/\/ajupe.com.uy\/web\/wp-content\/uploads\/2016\/04\/p-5174-Voces_an__nimas_4ea6f4e3977a6-scaled.jpg",1326,2048,false],"woocommerce_archive_thumbnail":["https:\/\/ajupe.com.uy\/web\/wp-content\/uploads\/2016\/04\/p-5174-Voces_an__nimas_4ea6f4e3977a6-scaled-300x450.jpg",300,450,true],"woocommerce_thumbnail":["https:\/\/ajupe.com.uy\/web\/wp-content\/uploads\/2016\/04\/p-5174-Voces_an__nimas_4ea6f4e3977a6-scaled-300x300.jpg",300,300,true],"woocommerce_single":["https:\/\/ajupe.com.uy\/web\/wp-content\/uploads\/2016\/04\/p-5174-Voces_an__nimas_4ea6f4e3977a6-scaled-300x463.jpg",300,463,true],"woocommerce_gallery_thumbnail":["https:\/\/ajupe.com.uy\/web\/wp-content\/uploads\/2016\/04\/p-5174-Voces_an__nimas_4ea6f4e3977a6-scaled-100x100.jpg",100,100,true]},"post_excerpt_stackable_v2":"<p>Este libro contiene una serie de historias y leyendas m\u00e1gicas pertenecientes a los tres ciclos televisivos del programa Voces An\u00f3nimas, emitido a trav\u00e9s de la pantalla de la Tele (Canal 12, Montevideo, Uruguay). En sus p\u00e1ginas, los lectores podr\u00e1n encontrar algunos cap\u00edtulos emblem\u00e1ticos de este exitoso programa de la televisi\u00f3n uruguaya, como \u201cEl fot\u00f3grafo morboso\u201d, \u201cLa llamada imposible\u201d, \u201cEl regreso de la Llorona\u201d, \u201cLos mellizos\u201d, \u201cEl \u00e1guila de piedra\u201d, \u201cLa ni\u00f1a del ascensor\u201d, \u201cEl cuadro de Clarita\u201d, \u201cEl testamento falso\u201d y \u201cJack el destripador\u201d, entre otros. Historias de misterio, aventura, suspenso, terror y emoci\u00f3n recogidas del universo m\u00e1gico dela tradici\u00f3n&hellip;<\/p>\n","category_list_v2":"","author_info_v2":{"name":"","url":""},"comments_num_v2":"0 comentarios","_links":{"self":[{"href":"https:\/\/ajupe.com.uy\/web\/wp-json\/wp\/v2\/product\/5174","targetHints":{"allow":["GET"]}}],"collection":[{"href":"https:\/\/ajupe.com.uy\/web\/wp-json\/wp\/v2\/product"}],"about":[{"href":"https:\/\/ajupe.com.uy\/web\/wp-json\/wp\/v2\/types\/product"}],"wp:featuredmedia":[{"embeddable":true,"href":"https:\/\/ajupe.com.uy\/web\/wp-json\/wp\/v2\/media\/5175"}],"wp:attachment":[{"href":"https:\/\/ajupe.com.uy\/web\/wp-json\/wp\/v2\/media?parent=5174"}],"wp:term":[{"taxonomy":"product_brand","embeddable":true,"href":"https:\/\/ajupe.com.uy\/web\/wp-json\/wp\/v2\/product_brand?post=5174"},{"taxonomy":"product_cat","embeddable":true,"href":"https:\/\/ajupe.com.uy\/web\/wp-json\/wp\/v2\/product_cat?post=5174"},{"taxonomy":"product_tag","embeddable":true,"href":"https:\/\/ajupe.com.uy\/web\/wp-json\/wp\/v2\/product_tag?post=5174"}],"curies":[{"name":"wp","href":"https:\/\/api.w.org\/{rel}","templated":true}]}}