{"id":5192,"date":"2011-10-25T18:25:02","date_gmt":"2011-10-25T21:25:02","guid":{"rendered":"http:\/\/ajupe.com.uy\/web\/?post_type=product&#038;p=5192"},"modified":"2011-10-25T18:25:02","modified_gmt":"2011-10-25T21:25:02","slug":"las-damas-de-hitchcock","status":"publish","type":"product","link":"https:\/\/ajupe.com.uy\/web\/biblioteca\/las-damas-de-hitchcock\/","title":{"rendered":"Las damas de Hitchcock"},"content":{"rendered":"<p>Hace casi 30 a\u00f1os que Alfred Hitchcock nos dej\u00f3, pero sus admiradores no lo han olvidado. Al contrario, algunos lo veneran como parte de una leyenda y otros ven en \u00e9l a un afectuoso caballero, muy parecido a uno de esos exc\u00e9ntricos abuelos que cuentan historias a los nietos antes de dormir. Pocos conocieron su verdadera naturaleza, y casi nadie se atrevi\u00f3 nunca a hacerle preguntas incomodas: los actores y las actrices que actuaron en sus pel\u00edculas bastante ten\u00edan con haber sido elegidos por el gran maestro.<\/p>\n<p>Ahora Donald Spoto nos propone un paseo por la obra del director brit\u00e1nico a partir de la relaci\u00f3n que estableci\u00f3 con las mujeres que trabajaron con \u00e9l, y lo que aflora es el retrato de un hombre capaz de perseguir a TippiHedren y declarar al mismo tiempo que en su matrimonio con Alma Reville no hab\u00eda pr\u00e1cticamente sexo. Un director obsesionado por las mujeres rubias y fr\u00edas, empezando por Madeleine Carroll y siguiendo con Ingrid Bergman, Grace Kelly y Kim Novak. Un profesional que probablemente hoy ser\u00eda denunciado por acoso sexual en el trabajo, ya que se val\u00eda de su autoridad para maltratar a sus actrices si consideraba que lo hab\u00edan traicionado, como Vera Miles al quedar embarazada durante el rodaje, o Doris Day, que por lo visto no se entreg\u00f3 a su papel como el director le exig\u00eda. Y, finalmente, un hombre brillante, excepcional en muchos sentidos, pero que con el paso de los a\u00f1os se quedo sumido en una profunda soledad y una vejez pat\u00e9tica.<\/p>\n<p>Las damas de Hitchcock anda con elegancia por la cara de la vida de un genio y es un magnifico tributo a las mujeres que pusieron todo su talento al servicio de un hombre dif\u00edcil de complacer<\/p>\n","protected":false},"excerpt":{"rendered":"<p>Hace casi 30 a\u00f1os que Alfred Hitchcock nos dej\u00f3, pero sus admiradores no lo han olvidado. Al contrario, algunos lo veneran como parte de una leyenda y otros ven en \u00e9l a un afectuoso caballero, muy parecido a uno de esos exc\u00e9ntricos abuelos que cuentan historias a los nietos antes de dormir. Pocos conocieron su [&hellip;]<\/p>\n","protected":false},"featured_media":5193,"template":"","meta":[],"product_brand":[617],"product_cat":[44,49],"product_tag":[],"class_list":{"0":"post-5192","1":"product","2":"type-product","3":"status-publish","4":"has-post-thumbnail","6":"product_brand-daniel-spoto","7":"product_cat-biografico","8":"product_cat-documental","10":"first","11":"instock","12":"purchasable","13":"product-type-simple"},"featured_image_urls_v2":{"full":["https:\/\/ajupe.com.uy\/web\/wp-content\/uploads\/2016\/04\/p-5192-Las_damas_de_Hit_4ea6fefecb2b9-scaled.jpg",1656,2560,false],"thumbnail":["https:\/\/ajupe.com.uy\/web\/wp-content\/uploads\/2016\/04\/p-5192-Las_damas_de_Hit_4ea6fefecb2b9.jpg",150,150,true],"medium":["https:\/\/ajupe.com.uy\/web\/wp-content\/uploads\/2016\/04\/p-5192-Las_damas_de_Hit_4ea6fefecb2b9.jpg",300,214,true],"medium_large":["https:\/\/ajupe.com.uy\/web\/wp-content\/uploads\/2016\/04\/p-5192-Las_damas_de_Hit_4ea6fefecb2b9-scaled.jpg",768,1187,false],"large":["https:\/\/ajupe.com.uy\/web\/wp-content\/uploads\/2016\/04\/p-5192-Las_damas_de_Hit_4ea6fefecb2b9-scaled.jpg",662,1024,false],"1536x1536":["https:\/\/ajupe.com.uy\/web\/wp-content\/uploads\/2016\/04\/p-5192-Las_damas_de_Hit_4ea6fefecb2b9-scaled.jpg",994,1536,false],"2048x2048":["https:\/\/ajupe.com.uy\/web\/wp-content\/uploads\/2016\/04\/p-5192-Las_damas_de_Hit_4ea6fefecb2b9-scaled.jpg",1325,2048,false],"woocommerce_archive_thumbnail":["https:\/\/ajupe.com.uy\/web\/wp-content\/uploads\/2016\/04\/p-5192-Las_damas_de_Hit_4ea6fefecb2b9-scaled-300x450.jpg",300,450,true],"woocommerce_thumbnail":["https:\/\/ajupe.com.uy\/web\/wp-content\/uploads\/2016\/04\/p-5192-Las_damas_de_Hit_4ea6fefecb2b9-scaled-300x300.jpg",300,300,true],"woocommerce_single":["https:\/\/ajupe.com.uy\/web\/wp-content\/uploads\/2016\/04\/p-5192-Las_damas_de_Hit_4ea6fefecb2b9-scaled-300x464.jpg",300,464,true],"woocommerce_gallery_thumbnail":["https:\/\/ajupe.com.uy\/web\/wp-content\/uploads\/2016\/04\/p-5192-Las_damas_de_Hit_4ea6fefecb2b9-scaled-100x100.jpg",100,100,true]},"post_excerpt_stackable_v2":"<p>Hace casi 30 a\u00f1os que Alfred Hitchcock nos dej\u00f3, pero sus admiradores no lo han olvidado. Al contrario, algunos lo veneran como parte de una leyenda y otros ven en \u00e9l a un afectuoso caballero, muy parecido a uno de esos exc\u00e9ntricos abuelos que cuentan historias a los nietos antes de dormir. Pocos conocieron su verdadera naturaleza, y casi nadie se atrevi\u00f3 nunca a hacerle preguntas incomodas: los actores y las actrices que actuaron en sus pel\u00edculas bastante ten\u00edan con haber sido elegidos por el gran maestro. Ahora Donald Spoto nos propone un paseo por la obra del director brit\u00e1nico&hellip;<\/p>\n","category_list_v2":"","author_info_v2":{"name":"","url":""},"comments_num_v2":"0 comentarios","_links":{"self":[{"href":"https:\/\/ajupe.com.uy\/web\/wp-json\/wp\/v2\/product\/5192","targetHints":{"allow":["GET"]}}],"collection":[{"href":"https:\/\/ajupe.com.uy\/web\/wp-json\/wp\/v2\/product"}],"about":[{"href":"https:\/\/ajupe.com.uy\/web\/wp-json\/wp\/v2\/types\/product"}],"wp:featuredmedia":[{"embeddable":true,"href":"https:\/\/ajupe.com.uy\/web\/wp-json\/wp\/v2\/media\/5193"}],"wp:attachment":[{"href":"https:\/\/ajupe.com.uy\/web\/wp-json\/wp\/v2\/media?parent=5192"}],"wp:term":[{"taxonomy":"product_brand","embeddable":true,"href":"https:\/\/ajupe.com.uy\/web\/wp-json\/wp\/v2\/product_brand?post=5192"},{"taxonomy":"product_cat","embeddable":true,"href":"https:\/\/ajupe.com.uy\/web\/wp-json\/wp\/v2\/product_cat?post=5192"},{"taxonomy":"product_tag","embeddable":true,"href":"https:\/\/ajupe.com.uy\/web\/wp-json\/wp\/v2\/product_tag?post=5192"}],"curies":[{"name":"wp","href":"https:\/\/api.w.org\/{rel}","templated":true}]}}