{"id":5195,"date":"2011-10-25T18:30:28","date_gmt":"2011-10-25T21:30:28","guid":{"rendered":"http:\/\/ajupe.com.uy\/web\/?post_type=product&#038;p=5195"},"modified":"2011-10-25T18:30:28","modified_gmt":"2011-10-25T21:30:28","slug":"dias-de-ocio-en-la-patagonia","status":"publish","type":"product","link":"https:\/\/ajupe.com.uy\/web\/biblioteca\/dias-de-ocio-en-la-patagonia\/","title":{"rendered":"D\u00edas de ocio en la Patagonia"},"content":{"rendered":"<p>Inconseguible desde hace muchos a\u00f1os, este libro de W. H. Hudson (1841-1922), publicado en 1893 en Inglaterra, forma parte, junto con <em>La tierra purp\u00farea, All\u00e1 lejos y Hace tiempo, El naturalista en el Plata, Aves del Plata y El omb\u00fa, <\/em>del conjunto de obras en las que el autor se nutre de los treinta y tres a\u00f1os (1841-1874) vividos en su comarca natal del R\u00edo de la Plata.<\/p>\n<p>No es una obra de ficci\u00f3n, ni un libro de viajes, ni un conjunto de ensayos y reflexiones, aunque pueda tener algo de todo eso. En \u00e9l conviven la observaci\u00f3n maravillada del ambiente, la fauna y la flora, con peque\u00f1os relatos en torno a personajes esbozados magistralmente en pocas l\u00edneas y las reflexiones sobre los grandes temas que, ya por 1871, fecha de su viaje a la Patagonia, preocupaban al autor.<\/p>\n","protected":false},"excerpt":{"rendered":"<p>Inconseguible desde hace muchos a\u00f1os, este libro de W. H. Hudson (1841-1922), publicado en 1893 en Inglaterra, forma parte, junto con La tierra purp\u00farea, All\u00e1 lejos y Hace tiempo, El naturalista en el Plata, Aves del Plata y El omb\u00fa, del conjunto de obras en las que el autor se nutre de los treinta y [&hellip;]<\/p>\n","protected":false},"featured_media":5196,"template":"","meta":[],"product_brand":[929],"product_cat":[29],"product_tag":[],"class_list":{"0":"post-5195","1":"product","2":"type-product","3":"status-publish","4":"has-post-thumbnail","6":"product_brand-w-h-hudson","7":"product_cat-novela","9":"first","10":"instock","11":"purchasable","12":"product-type-simple"},"featured_image_urls_v2":{"full":["https:\/\/ajupe.com.uy\/web\/wp-content\/uploads\/2016\/04\/p-5195-D__as_de_ocio_en_4ea700448d182.jpg",1513,2506,false],"thumbnail":["https:\/\/ajupe.com.uy\/web\/wp-content\/uploads\/2016\/04\/p-5195-D__as_de_ocio_en_4ea700448d182.jpg",150,150,true],"medium":["https:\/\/ajupe.com.uy\/web\/wp-content\/uploads\/2016\/04\/p-5195-D__as_de_ocio_en_4ea700448d182.jpg",300,214,true],"medium_large":["https:\/\/ajupe.com.uy\/web\/wp-content\/uploads\/2016\/04\/p-5195-D__as_de_ocio_en_4ea700448d182.jpg",768,1272,false],"large":["https:\/\/ajupe.com.uy\/web\/wp-content\/uploads\/2016\/04\/p-5195-D__as_de_ocio_en_4ea700448d182.jpg",618,1024,false],"1536x1536":["https:\/\/ajupe.com.uy\/web\/wp-content\/uploads\/2016\/04\/p-5195-D__as_de_ocio_en_4ea700448d182.jpg",927,1536,false],"2048x2048":["https:\/\/ajupe.com.uy\/web\/wp-content\/uploads\/2016\/04\/p-5195-D__as_de_ocio_en_4ea700448d182.jpg",1236,2048,false],"woocommerce_archive_thumbnail":["https:\/\/ajupe.com.uy\/web\/wp-content\/uploads\/2016\/04\/p-5195-D__as_de_ocio_en_4ea700448d182-300x450.jpg",300,450,true],"woocommerce_thumbnail":["https:\/\/ajupe.com.uy\/web\/wp-content\/uploads\/2016\/04\/p-5195-D__as_de_ocio_en_4ea700448d182-300x300.jpg",300,300,true],"woocommerce_single":["https:\/\/ajupe.com.uy\/web\/wp-content\/uploads\/2016\/04\/p-5195-D__as_de_ocio_en_4ea700448d182-300x497.jpg",300,497,true],"woocommerce_gallery_thumbnail":["https:\/\/ajupe.com.uy\/web\/wp-content\/uploads\/2016\/04\/p-5195-D__as_de_ocio_en_4ea700448d182-100x100.jpg",100,100,true]},"post_excerpt_stackable_v2":"<p>Inconseguible desde hace muchos a\u00f1os, este libro de W. H. Hudson (1841-1922), publicado en 1893 en Inglaterra, forma parte, junto con La tierra purp\u00farea, All\u00e1 lejos y Hace tiempo, El naturalista en el Plata, Aves del Plata y El omb\u00fa, del conjunto de obras en las que el autor se nutre de los treinta y tres a\u00f1os (1841-1874) vividos en su comarca natal del R\u00edo de la Plata. No es una obra de ficci\u00f3n, ni un libro de viajes, ni un conjunto de ensayos y reflexiones, aunque pueda tener algo de todo eso. En \u00e9l conviven la observaci\u00f3n maravillada del&hellip;<\/p>\n","category_list_v2":"","author_info_v2":{"name":"","url":""},"comments_num_v2":"0 comentarios","_links":{"self":[{"href":"https:\/\/ajupe.com.uy\/web\/wp-json\/wp\/v2\/product\/5195","targetHints":{"allow":["GET"]}}],"collection":[{"href":"https:\/\/ajupe.com.uy\/web\/wp-json\/wp\/v2\/product"}],"about":[{"href":"https:\/\/ajupe.com.uy\/web\/wp-json\/wp\/v2\/types\/product"}],"wp:featuredmedia":[{"embeddable":true,"href":"https:\/\/ajupe.com.uy\/web\/wp-json\/wp\/v2\/media\/5196"}],"wp:attachment":[{"href":"https:\/\/ajupe.com.uy\/web\/wp-json\/wp\/v2\/media?parent=5195"}],"wp:term":[{"taxonomy":"product_brand","embeddable":true,"href":"https:\/\/ajupe.com.uy\/web\/wp-json\/wp\/v2\/product_brand?post=5195"},{"taxonomy":"product_cat","embeddable":true,"href":"https:\/\/ajupe.com.uy\/web\/wp-json\/wp\/v2\/product_cat?post=5195"},{"taxonomy":"product_tag","embeddable":true,"href":"https:\/\/ajupe.com.uy\/web\/wp-json\/wp\/v2\/product_tag?post=5195"}],"curies":[{"name":"wp","href":"https:\/\/api.w.org\/{rel}","templated":true}]}}