{"id":5204,"date":"2011-10-25T18:39:46","date_gmt":"2011-10-25T21:39:46","guid":{"rendered":"http:\/\/ajupe.com.uy\/web\/?post_type=product&#038;p=5204"},"modified":"2011-10-26T15:48:45","modified_gmt":"2011-10-26T18:48:45","slug":"aparicio-saravia-las-ultimas-patriadas","status":"publish","type":"product","link":"https:\/\/ajupe.com.uy\/web\/biblioteca\/aparicio-saravia-las-ultimas-patriadas\/","title":{"rendered":"Aparicio Saravia Las Ultimas Patriadas"},"content":{"rendered":"<p>El profesor Celiar Fernando Enrique Mena Segarra ejerce la docencia en Historia desde 1959. Ha publicado trabajos sobre la evoluci\u00f3n de los l\u00edmites del Uruguay y sobre temas de Historia Universal: \u201cLa Civilizaci\u00f3n Romana\u201d y \u201cEl Estado en la Edad Media\u201d. El presente volumen ubica al \u00faltimo gran caudillo de las masas criollas en su lucha por la libertad y\u00a0 los derechos de todos los orientales, describi\u00e9ndolo a trav\u00e9s de sus propias acciones que, proyect\u00e1ndose en el tiempo, lo convirtieron en una de las figuras representativas de la nacionalidad.<\/p>\n","protected":false},"excerpt":{"rendered":"<p>El profesor Celiar Fernando Enrique Mena Segarra ejerce la docencia en Historia desde 1959. Ha publicado trabajos sobre la evoluci\u00f3n de los l\u00edmites del Uruguay y sobre temas de Historia Universal: \u201cLa Civilizaci\u00f3n Romana\u201d y \u201cEl Estado en la Edad Media\u201d. El presente volumen ubica al \u00faltimo gran caudillo de las masas criollas en su [&hellip;]<\/p>\n","protected":false},"featured_media":5205,"template":"","meta":[],"product_brand":[641],"product_cat":[31,45],"product_tag":[],"class_list":{"0":"post-5204","1":"product","2":"type-product","3":"status-publish","4":"has-post-thumbnail","6":"product_brand-enrique-mena-segarra","7":"product_cat-historico","8":"product_cat-uruguayo","10":"first","11":"instock","12":"purchasable","13":"product-type-simple"},"featured_image_urls_v2":{"full":["https:\/\/ajupe.com.uy\/web\/wp-content\/uploads\/2016\/04\/p-5204-Aparicio_Saravia_4ea702726deeb.jpg",1486,2219,false],"thumbnail":["https:\/\/ajupe.com.uy\/web\/wp-content\/uploads\/2016\/04\/p-5204-Aparicio_Saravia_4ea702726deeb.jpg",150,150,true],"medium":["https:\/\/ajupe.com.uy\/web\/wp-content\/uploads\/2016\/04\/p-5204-Aparicio_Saravia_4ea702726deeb.jpg",300,214,true],"medium_large":["https:\/\/ajupe.com.uy\/web\/wp-content\/uploads\/2016\/04\/p-5204-Aparicio_Saravia_4ea702726deeb.jpg",768,1147,false],"large":["https:\/\/ajupe.com.uy\/web\/wp-content\/uploads\/2016\/04\/p-5204-Aparicio_Saravia_4ea702726deeb.jpg",686,1024,false],"1536x1536":["https:\/\/ajupe.com.uy\/web\/wp-content\/uploads\/2016\/04\/p-5204-Aparicio_Saravia_4ea702726deeb.jpg",1029,1536,false],"2048x2048":["https:\/\/ajupe.com.uy\/web\/wp-content\/uploads\/2016\/04\/p-5204-Aparicio_Saravia_4ea702726deeb.jpg",1371,2048,false],"woocommerce_archive_thumbnail":["https:\/\/ajupe.com.uy\/web\/wp-content\/uploads\/2016\/04\/p-5204-Aparicio_Saravia_4ea702726deeb-300x450.jpg",300,450,true],"woocommerce_thumbnail":["https:\/\/ajupe.com.uy\/web\/wp-content\/uploads\/2016\/04\/p-5204-Aparicio_Saravia_4ea702726deeb-300x300.jpg",300,300,true],"woocommerce_single":["https:\/\/ajupe.com.uy\/web\/wp-content\/uploads\/2016\/04\/p-5204-Aparicio_Saravia_4ea702726deeb-300x448.jpg",300,448,true],"woocommerce_gallery_thumbnail":["https:\/\/ajupe.com.uy\/web\/wp-content\/uploads\/2016\/04\/p-5204-Aparicio_Saravia_4ea702726deeb-100x100.jpg",100,100,true]},"post_excerpt_stackable_v2":"<p>El profesor Celiar Fernando Enrique Mena Segarra ejerce la docencia en Historia desde 1959. Ha publicado trabajos sobre la evoluci\u00f3n de los l\u00edmites del Uruguay y sobre temas de Historia Universal: \u201cLa Civilizaci\u00f3n Romana\u201d y \u201cEl Estado en la Edad Media\u201d. El presente volumen ubica al \u00faltimo gran caudillo de las masas criollas en su lucha por la libertad y\u00a0 los derechos de todos los orientales, describi\u00e9ndolo a trav\u00e9s de sus propias acciones que, proyect\u00e1ndose en el tiempo, lo convirtieron en una de las figuras representativas de la nacionalidad.<\/p>\n","category_list_v2":"","author_info_v2":{"name":"","url":""},"comments_num_v2":"0 comentarios","_links":{"self":[{"href":"https:\/\/ajupe.com.uy\/web\/wp-json\/wp\/v2\/product\/5204","targetHints":{"allow":["GET"]}}],"collection":[{"href":"https:\/\/ajupe.com.uy\/web\/wp-json\/wp\/v2\/product"}],"about":[{"href":"https:\/\/ajupe.com.uy\/web\/wp-json\/wp\/v2\/types\/product"}],"wp:featuredmedia":[{"embeddable":true,"href":"https:\/\/ajupe.com.uy\/web\/wp-json\/wp\/v2\/media\/5205"}],"wp:attachment":[{"href":"https:\/\/ajupe.com.uy\/web\/wp-json\/wp\/v2\/media?parent=5204"}],"wp:term":[{"taxonomy":"product_brand","embeddable":true,"href":"https:\/\/ajupe.com.uy\/web\/wp-json\/wp\/v2\/product_brand?post=5204"},{"taxonomy":"product_cat","embeddable":true,"href":"https:\/\/ajupe.com.uy\/web\/wp-json\/wp\/v2\/product_cat?post=5204"},{"taxonomy":"product_tag","embeddable":true,"href":"https:\/\/ajupe.com.uy\/web\/wp-json\/wp\/v2\/product_tag?post=5204"}],"curies":[{"name":"wp","href":"https:\/\/api.w.org\/{rel}","templated":true}]}}