{"id":5210,"date":"2011-10-25T18:43:35","date_gmt":"2011-10-25T21:43:35","guid":{"rendered":"http:\/\/ajupe.com.uy\/web\/?post_type=product&#038;p=5210"},"modified":"2011-10-25T18:43:35","modified_gmt":"2011-10-25T21:43:35","slug":"sobre-heroes-y-tumbas-i","status":"publish","type":"product","link":"https:\/\/ajupe.com.uy\/web\/biblioteca\/sobre-heroes-y-tumbas-i\/","title":{"rendered":"Sobre Heroes y Tumbas I"},"content":{"rendered":"<p>Existe cierto tipo de ficciones mediante las cuales el autor intenta liberarse de una obsesi\u00f3n que no resulta clara ni para \u00e9l mismo. Para bien y para mal, son las \u00fanicas que puedo escribir. M\u00e1s, todav\u00eda, son las incomprensibles historias que me vi forzado a escribir desde que era un adolescente. Por ventura fui parco en su publicaci\u00f3n, y reci\u00e9n en 1948 me decid\u00ed a publicar una de ellas: <em>El t\u00fanel.<\/em> En los trece a\u00f1os que transcurrieron luego, segu\u00ed explorando ese oscuro laberinto que conduce al secreto central de nuestra vida. Una y otra vez trat\u00e9 de expresar el resultado de mis b\u00fasquedas, hasta que desalentado por los pobres resultados terminaba por destruir los manuscritos. Ahora, algunos amigos que los leyeron me han inducido a su publicaci\u00f3n. A todos ellos quiero expresarles aqu\u00ed mi reconocimiento por esa fe y esa confianza que, por desdicha, yo nunca he tenido.<\/p>\n<p>Dedico esta novela a la mujer que tenazmente me alent\u00f3 en los momentos de descreimiento, que son los m\u00e1s. Sin ella, nunca habr\u00eda tenido fuerzas para llevarla a cabo. Y aunque habr\u00eda merecido algo mejor, a\u00fan as\u00ed, con todas sus imperfecciones, a ella le pertenece.<\/p>\n","protected":false},"excerpt":{"rendered":"<p>Existe cierto tipo de ficciones mediante las cuales el autor intenta liberarse de una obsesi\u00f3n que no resulta clara ni para \u00e9l mismo. Para bien y para mal, son las \u00fanicas que puedo escribir. M\u00e1s, todav\u00eda, son las incomprensibles historias que me vi forzado a escribir desde que era un adolescente. Por ventura fui parco [&hellip;]<\/p>\n","protected":false},"featured_media":5211,"template":"","meta":[],"product_brand":[186],"product_cat":[29],"product_tag":[],"class_list":{"0":"post-5210","1":"product","2":"type-product","3":"status-publish","4":"has-post-thumbnail","6":"product_brand-ernesto-sabato","7":"product_cat-novela","9":"first","10":"instock","11":"purchasable","12":"product-type-simple"},"featured_image_urls_v2":{"full":["https:\/\/ajupe.com.uy\/web\/wp-content\/uploads\/2016\/04\/p-5210-Sobre_Heroes_y_T_4ea70357e597f.jpg",1418,2212,false],"thumbnail":["https:\/\/ajupe.com.uy\/web\/wp-content\/uploads\/2016\/04\/p-5210-Sobre_Heroes_y_T_4ea70357e597f.jpg",150,150,true],"medium":["https:\/\/ajupe.com.uy\/web\/wp-content\/uploads\/2016\/04\/p-5210-Sobre_Heroes_y_T_4ea70357e597f.jpg",300,214,true],"medium_large":["https:\/\/ajupe.com.uy\/web\/wp-content\/uploads\/2016\/04\/p-5210-Sobre_Heroes_y_T_4ea70357e597f.jpg",768,1198,false],"large":["https:\/\/ajupe.com.uy\/web\/wp-content\/uploads\/2016\/04\/p-5210-Sobre_Heroes_y_T_4ea70357e597f.jpg",656,1024,false],"1536x1536":["https:\/\/ajupe.com.uy\/web\/wp-content\/uploads\/2016\/04\/p-5210-Sobre_Heroes_y_T_4ea70357e597f.jpg",985,1536,false],"2048x2048":["https:\/\/ajupe.com.uy\/web\/wp-content\/uploads\/2016\/04\/p-5210-Sobre_Heroes_y_T_4ea70357e597f.jpg",1313,2048,false],"woocommerce_archive_thumbnail":["https:\/\/ajupe.com.uy\/web\/wp-content\/uploads\/2016\/04\/p-5210-Sobre_Heroes_y_T_4ea70357e597f-300x450.jpg",300,450,true],"woocommerce_thumbnail":["https:\/\/ajupe.com.uy\/web\/wp-content\/uploads\/2016\/04\/p-5210-Sobre_Heroes_y_T_4ea70357e597f-300x300.jpg",300,300,true],"woocommerce_single":["https:\/\/ajupe.com.uy\/web\/wp-content\/uploads\/2016\/04\/p-5210-Sobre_Heroes_y_T_4ea70357e597f-300x468.jpg",300,468,true],"woocommerce_gallery_thumbnail":["https:\/\/ajupe.com.uy\/web\/wp-content\/uploads\/2016\/04\/p-5210-Sobre_Heroes_y_T_4ea70357e597f-100x100.jpg",100,100,true]},"post_excerpt_stackable_v2":"<p>Existe cierto tipo de ficciones mediante las cuales el autor intenta liberarse de una obsesi\u00f3n que no resulta clara ni para \u00e9l mismo. Para bien y para mal, son las \u00fanicas que puedo escribir. M\u00e1s, todav\u00eda, son las incomprensibles historias que me vi forzado a escribir desde que era un adolescente. Por ventura fui parco en su publicaci\u00f3n, y reci\u00e9n en 1948 me decid\u00ed a publicar una de ellas: El t\u00fanel. En los trece a\u00f1os que transcurrieron luego, segu\u00ed explorando ese oscuro laberinto que conduce al secreto central de nuestra vida. Una y otra vez trat\u00e9 de expresar el resultado&hellip;<\/p>\n","category_list_v2":"","author_info_v2":{"name":"","url":""},"comments_num_v2":"0 comentarios","_links":{"self":[{"href":"https:\/\/ajupe.com.uy\/web\/wp-json\/wp\/v2\/product\/5210","targetHints":{"allow":["GET"]}}],"collection":[{"href":"https:\/\/ajupe.com.uy\/web\/wp-json\/wp\/v2\/product"}],"about":[{"href":"https:\/\/ajupe.com.uy\/web\/wp-json\/wp\/v2\/types\/product"}],"wp:featuredmedia":[{"embeddable":true,"href":"https:\/\/ajupe.com.uy\/web\/wp-json\/wp\/v2\/media\/5211"}],"wp:attachment":[{"href":"https:\/\/ajupe.com.uy\/web\/wp-json\/wp\/v2\/media?parent=5210"}],"wp:term":[{"taxonomy":"product_brand","embeddable":true,"href":"https:\/\/ajupe.com.uy\/web\/wp-json\/wp\/v2\/product_brand?post=5210"},{"taxonomy":"product_cat","embeddable":true,"href":"https:\/\/ajupe.com.uy\/web\/wp-json\/wp\/v2\/product_cat?post=5210"},{"taxonomy":"product_tag","embeddable":true,"href":"https:\/\/ajupe.com.uy\/web\/wp-json\/wp\/v2\/product_tag?post=5210"}],"curies":[{"name":"wp","href":"https:\/\/api.w.org\/{rel}","templated":true}]}}