{"id":5261,"date":"2011-10-25T20:11:00","date_gmt":"2011-10-25T23:11:00","guid":{"rendered":"http:\/\/ajupe.com.uy\/web\/?post_type=product&#038;p=5261"},"modified":"2011-10-27T17:30:05","modified_gmt":"2011-10-27T20:30:05","slug":"el-libro-de-autor-nacional-y-su-divulgacion","status":"publish","type":"product","link":"https:\/\/ajupe.com.uy\/web\/biblioteca\/el-libro-de-autor-nacional-y-su-divulgacion\/","title":{"rendered":"El Libro de Autor nacional y su divulgacion"},"content":{"rendered":"<p>Ponencia presentada al \u201c2do Congreso de escritores del interior\u201d realizado los d\u00edas 4, 5 y 6 de noviembre de 1988 en las ciudades de Pan de Az\u00facar y Piri\u00e1polis.<\/p>\n","protected":false},"excerpt":{"rendered":"<p>Ponencia presentada al \u201c2do Congreso de escritores del interior\u201d realizado los d\u00edas 4, 5 y 6 de noviembre de 1988 en las ciudades de Pan de Az\u00facar y Piri\u00e1polis.<\/p>\n","protected":false},"featured_media":5262,"template":"","meta":[],"product_brand":[754],"product_cat":[47,45],"product_tag":[],"class_list":{"0":"post-5261","1":"product","2":"type-product","3":"status-publish","4":"has-post-thumbnail","6":"product_brand-jose-rios","7":"product_cat-ensayo","8":"product_cat-uruguayo","10":"first","11":"instock","12":"purchasable","13":"product-type-simple"},"featured_image_urls_v2":{"full":["https:\/\/ajupe.com.uy\/web\/wp-content\/uploads\/2016\/04\/p-5261-El_Libro_de_Auto_4ea717d476010.jpg",1513,2007,false],"thumbnail":["https:\/\/ajupe.com.uy\/web\/wp-content\/uploads\/2016\/04\/p-5261-El_Libro_de_Auto_4ea717d476010.jpg",150,150,true],"medium":["https:\/\/ajupe.com.uy\/web\/wp-content\/uploads\/2016\/04\/p-5261-El_Libro_de_Auto_4ea717d476010.jpg",300,214,true],"medium_large":["https:\/\/ajupe.com.uy\/web\/wp-content\/uploads\/2016\/04\/p-5261-El_Libro_de_Auto_4ea717d476010.jpg",768,1019,false],"large":["https:\/\/ajupe.com.uy\/web\/wp-content\/uploads\/2016\/04\/p-5261-El_Libro_de_Auto_4ea717d476010.jpg",772,1024,false],"1536x1536":["https:\/\/ajupe.com.uy\/web\/wp-content\/uploads\/2016\/04\/p-5261-El_Libro_de_Auto_4ea717d476010.jpg",1158,1536,false],"2048x2048":["https:\/\/ajupe.com.uy\/web\/wp-content\/uploads\/2016\/04\/p-5261-El_Libro_de_Auto_4ea717d476010.jpg",1513,2007,false],"woocommerce_archive_thumbnail":["https:\/\/ajupe.com.uy\/web\/wp-content\/uploads\/2016\/04\/p-5261-El_Libro_de_Auto_4ea717d476010-300x450.jpg",300,450,true],"woocommerce_thumbnail":["https:\/\/ajupe.com.uy\/web\/wp-content\/uploads\/2016\/04\/p-5261-El_Libro_de_Auto_4ea717d476010-300x300.jpg",300,300,true],"woocommerce_single":["https:\/\/ajupe.com.uy\/web\/wp-content\/uploads\/2016\/04\/p-5261-El_Libro_de_Auto_4ea717d476010-300x398.jpg",300,398,true],"woocommerce_gallery_thumbnail":["https:\/\/ajupe.com.uy\/web\/wp-content\/uploads\/2016\/04\/p-5261-El_Libro_de_Auto_4ea717d476010-100x100.jpg",100,100,true]},"post_excerpt_stackable_v2":"<p>Ponencia presentada al \u201c2do Congreso de escritores del interior\u201d realizado los d\u00edas 4, 5 y 6 de noviembre de 1988 en las ciudades de Pan de Az\u00facar y Piri\u00e1polis.<\/p>\n","category_list_v2":"","author_info_v2":{"name":"","url":""},"comments_num_v2":"0 comentarios","_links":{"self":[{"href":"https:\/\/ajupe.com.uy\/web\/wp-json\/wp\/v2\/product\/5261","targetHints":{"allow":["GET"]}}],"collection":[{"href":"https:\/\/ajupe.com.uy\/web\/wp-json\/wp\/v2\/product"}],"about":[{"href":"https:\/\/ajupe.com.uy\/web\/wp-json\/wp\/v2\/types\/product"}],"wp:featuredmedia":[{"embeddable":true,"href":"https:\/\/ajupe.com.uy\/web\/wp-json\/wp\/v2\/media\/5262"}],"wp:attachment":[{"href":"https:\/\/ajupe.com.uy\/web\/wp-json\/wp\/v2\/media?parent=5261"}],"wp:term":[{"taxonomy":"product_brand","embeddable":true,"href":"https:\/\/ajupe.com.uy\/web\/wp-json\/wp\/v2\/product_brand?post=5261"},{"taxonomy":"product_cat","embeddable":true,"href":"https:\/\/ajupe.com.uy\/web\/wp-json\/wp\/v2\/product_cat?post=5261"},{"taxonomy":"product_tag","embeddable":true,"href":"https:\/\/ajupe.com.uy\/web\/wp-json\/wp\/v2\/product_tag?post=5261"}],"curies":[{"name":"wp","href":"https:\/\/api.w.org\/{rel}","templated":true}]}}