{"id":5333,"date":"2011-10-26T20:00:34","date_gmt":"2011-10-26T23:00:34","guid":{"rendered":"http:\/\/ajupe.com.uy\/web\/?post_type=product&#038;p=5333"},"modified":"2012-02-06T20:49:39","modified_gmt":"2012-02-06T23:49:39","slug":"noche-cerrada-en-bergen","status":"publish","type":"product","link":"https:\/\/ajupe.com.uy\/web\/biblioteca\/noche-cerrada-en-bergen\/","title":{"rendered":"Noche cerrada en Bergen"},"content":{"rendered":"<p>Durante unas fr\u00edas navidades, la psic\u00f3loga y profiler Inger Johanne Vik  se encuentra, junto a su familia, involucrada en la investigaci\u00f3n de  unos desagradables cr\u00edmenes. Su marido, el detective Yngvar Stub\u00f8, ha  sido enviado a Bergen tras el asesinato de la obispo local, Eva Karin  Lysgaard. Mientras, en Oslo, se suceden una serie de asesinatos de  diversa naturaleza. A pesar de que no hay un v\u00ednculo aparente entre  ellos, Inger Johanne Vik acabar\u00e1 descubriendo la relaci\u00f3n existente.<\/p>\n","protected":false},"excerpt":{"rendered":"<p>La cuarta entrega de la serie de Vik\/Stub\u00f8 es una emocionante novela negra que aborda temas actuales. Noche cerrada en Bergen va m\u00e1s all\u00e1 de la investigaci\u00f3n criminal al uso al invitar a la reflexi\u00f3n acerca de temas pol\u00edticos, religiosos y de derechos hum<\/p>\n","protected":false},"featured_media":5334,"template":"","meta":[],"product_brand":[499],"product_cat":[30],"product_tag":[],"class_list":{"0":"post-5333","1":"product","2":"type-product","3":"status-publish","4":"has-post-thumbnail","6":"product_brand-anne-holt","7":"product_cat-suspenso","9":"first","10":"instock","11":"purchasable","12":"product-type-simple"},"featured_image_urls_v2":{"full":["https:\/\/ajupe.com.uy\/web\/wp-content\/uploads\/2016\/04\/p-5333-Noche_cerrada_en_4f303ce3db9e2.jpg",225,330,false],"thumbnail":["https:\/\/ajupe.com.uy\/web\/wp-content\/uploads\/2016\/04\/p-5333-Noche_cerrada_en_4f303ce3db9e2.jpg",150,150,true],"medium":["https:\/\/ajupe.com.uy\/web\/wp-content\/uploads\/2016\/04\/p-5333-Noche_cerrada_en_4f303ce3db9e2.jpg",300,214,true],"medium_large":["https:\/\/ajupe.com.uy\/web\/wp-content\/uploads\/2016\/04\/p-5333-Noche_cerrada_en_4f303ce3db9e2.jpg",225,330,false],"large":["https:\/\/ajupe.com.uy\/web\/wp-content\/uploads\/2016\/04\/p-5333-Noche_cerrada_en_4f303ce3db9e2.jpg",225,330,false],"1536x1536":["https:\/\/ajupe.com.uy\/web\/wp-content\/uploads\/2016\/04\/p-5333-Noche_cerrada_en_4f303ce3db9e2.jpg",225,330,false],"2048x2048":["https:\/\/ajupe.com.uy\/web\/wp-content\/uploads\/2016\/04\/p-5333-Noche_cerrada_en_4f303ce3db9e2.jpg",225,330,false],"woocommerce_archive_thumbnail":["https:\/\/ajupe.com.uy\/web\/wp-content\/uploads\/2016\/04\/p-5333-Noche_cerrada_en_4f303ce3db9e2-225x300.jpg",225,300,true],"woocommerce_thumbnail":["https:\/\/ajupe.com.uy\/web\/wp-content\/uploads\/2016\/04\/p-5333-Noche_cerrada_en_4f303ce3db9e2-225x300.jpg",225,300,true],"woocommerce_single":["https:\/\/ajupe.com.uy\/web\/wp-content\/uploads\/2016\/04\/p-5333-Noche_cerrada_en_4f303ce3db9e2.jpg",225,330,false],"woocommerce_gallery_thumbnail":["https:\/\/ajupe.com.uy\/web\/wp-content\/uploads\/2016\/04\/p-5333-Noche_cerrada_en_4f303ce3db9e2-100x100.jpg",100,100,true]},"post_excerpt_stackable_v2":"<p>La cuarta entrega de la serie de Vik\/Stub\u00f8 es una emocionante novela negra que aborda temas actuales. Noche cerrada en Bergen va m\u00e1s all\u00e1 de la investigaci\u00f3n criminal al uso al invitar a la reflexi\u00f3n acerca de temas pol\u00edticos, religiosos y de derechos hum<\/p>\n","category_list_v2":"","author_info_v2":{"name":"","url":""},"comments_num_v2":"0 comentarios","_links":{"self":[{"href":"https:\/\/ajupe.com.uy\/web\/wp-json\/wp\/v2\/product\/5333","targetHints":{"allow":["GET"]}}],"collection":[{"href":"https:\/\/ajupe.com.uy\/web\/wp-json\/wp\/v2\/product"}],"about":[{"href":"https:\/\/ajupe.com.uy\/web\/wp-json\/wp\/v2\/types\/product"}],"wp:featuredmedia":[{"embeddable":true,"href":"https:\/\/ajupe.com.uy\/web\/wp-json\/wp\/v2\/media\/5334"}],"wp:attachment":[{"href":"https:\/\/ajupe.com.uy\/web\/wp-json\/wp\/v2\/media?parent=5333"}],"wp:term":[{"taxonomy":"product_brand","embeddable":true,"href":"https:\/\/ajupe.com.uy\/web\/wp-json\/wp\/v2\/product_brand?post=5333"},{"taxonomy":"product_cat","embeddable":true,"href":"https:\/\/ajupe.com.uy\/web\/wp-json\/wp\/v2\/product_cat?post=5333"},{"taxonomy":"product_tag","embeddable":true,"href":"https:\/\/ajupe.com.uy\/web\/wp-json\/wp\/v2\/product_tag?post=5333"}],"curies":[{"name":"wp","href":"https:\/\/api.w.org\/{rel}","templated":true}]}}