{"id":5348,"date":"2011-10-27T19:13:57","date_gmt":"2011-10-27T22:13:57","guid":{"rendered":"http:\/\/ajupe.com.uy\/web\/?post_type=product&#038;p=5348"},"modified":"2012-02-07T19:40:13","modified_gmt":"2012-02-07T22:40:13","slug":"el-santuario","status":"publish","type":"product","link":"https:\/\/ajupe.com.uy\/web\/biblioteca\/el-santuario\/","title":{"rendered":"El santuario"},"content":{"rendered":"<p>Jo Ellen, una fot\u00f3grafa de \u00e9xito, se ve acosada por un  desconocido que  le env\u00eda fotos perturbadoras, entre las que hay una de su madre,   desaparecida misteriosamente veinte a\u00f1os atr\u00e1s. Es una foto terrible; en  ella,  su madre aparece desnuda, joven y muerta. Desesperada, Jo Ellen  abandona Nueva  York y regresa a su casa en la costa de Georgia. <br \/>Su  familia a\u00fan sigue  marcada por lo que considera un abandono inmotivado  por parte de la madre. La  presencia de Jo Ellen enturbia las cosas,  pero m\u00e1s las enturbia la llegada de un  apuesto y joven arquitecto del  que se enamora y la certeza de que el desconocido  que le env\u00eda fotos la  ha seguido hasta all\u00ed. \u00bfO en realidad \u00e9ste se encuentra en  la propia  mansi\u00f3n familiar? Una intriga rom\u00e1ntica plet\u00f3rica de tensi\u00f3n y   caracteres perfilados con rara penetraci\u00f3n psicol\u00f3gica y humana. Una de  las  mejores obras de esta c\u00e9lebre autora.<\/p>\n","protected":false},"excerpt":{"rendered":"<p>Jo Ellen, una fot\u00f3grafa de \u00e9xito, se ve acosada por un desconocido que le env\u00eda fotos perturbadoras, entre las que hay una de su madre, desaparecida misteriosamente veinte a\u00f1os atr\u00e1s.<\/p>\n","protected":false},"featured_media":5349,"template":"","meta":[],"product_brand":[267],"product_cat":[29],"product_tag":[],"class_list":{"0":"post-5348","1":"product","2":"type-product","3":"status-publish","4":"has-post-thumbnail","6":"product_brand-nora-roberts","7":"product_cat-novela","9":"first","10":"instock","11":"purchasable","12":"product-type-simple"},"featured_image_urls_v2":{"full":["https:\/\/ajupe.com.uy\/web\/wp-content\/uploads\/2016\/04\/p-5348-El_santuario_4f317e1db680d.jpg",182,275,false],"thumbnail":["https:\/\/ajupe.com.uy\/web\/wp-content\/uploads\/2016\/04\/p-5348-El_santuario_4f317e1db680d.jpg",150,150,true],"medium":["https:\/\/ajupe.com.uy\/web\/wp-content\/uploads\/2016\/04\/p-5348-El_santuario_4f317e1db680d.jpg",300,214,true],"medium_large":["https:\/\/ajupe.com.uy\/web\/wp-content\/uploads\/2016\/04\/p-5348-El_santuario_4f317e1db680d.jpg",182,275,false],"large":["https:\/\/ajupe.com.uy\/web\/wp-content\/uploads\/2016\/04\/p-5348-El_santuario_4f317e1db680d.jpg",182,275,false],"1536x1536":["https:\/\/ajupe.com.uy\/web\/wp-content\/uploads\/2016\/04\/p-5348-El_santuario_4f317e1db680d.jpg",182,275,false],"2048x2048":["https:\/\/ajupe.com.uy\/web\/wp-content\/uploads\/2016\/04\/p-5348-El_santuario_4f317e1db680d.jpg",182,275,false],"woocommerce_archive_thumbnail":["https:\/\/ajupe.com.uy\/web\/wp-content\/uploads\/2016\/04\/p-5348-El_santuario_4f317e1db680d.jpg",182,275,false],"woocommerce_thumbnail":["https:\/\/ajupe.com.uy\/web\/wp-content\/uploads\/2016\/04\/p-5348-El_santuario_4f317e1db680d.jpg",182,275,false],"woocommerce_single":["https:\/\/ajupe.com.uy\/web\/wp-content\/uploads\/2016\/04\/p-5348-El_santuario_4f317e1db680d.jpg",182,275,false],"woocommerce_gallery_thumbnail":["https:\/\/ajupe.com.uy\/web\/wp-content\/uploads\/2016\/04\/p-5348-El_santuario_4f317e1db680d-100x100.jpg",100,100,true]},"post_excerpt_stackable_v2":"<p>Jo Ellen, una fot\u00f3grafa de \u00e9xito, se ve acosada por un desconocido que le env\u00eda fotos perturbadoras, entre las que hay una de su madre, desaparecida misteriosamente veinte a\u00f1os atr\u00e1s.<\/p>\n","category_list_v2":"","author_info_v2":{"name":"","url":""},"comments_num_v2":"0 comentarios","_links":{"self":[{"href":"https:\/\/ajupe.com.uy\/web\/wp-json\/wp\/v2\/product\/5348","targetHints":{"allow":["GET"]}}],"collection":[{"href":"https:\/\/ajupe.com.uy\/web\/wp-json\/wp\/v2\/product"}],"about":[{"href":"https:\/\/ajupe.com.uy\/web\/wp-json\/wp\/v2\/types\/product"}],"wp:featuredmedia":[{"embeddable":true,"href":"https:\/\/ajupe.com.uy\/web\/wp-json\/wp\/v2\/media\/5349"}],"wp:attachment":[{"href":"https:\/\/ajupe.com.uy\/web\/wp-json\/wp\/v2\/media?parent=5348"}],"wp:term":[{"taxonomy":"product_brand","embeddable":true,"href":"https:\/\/ajupe.com.uy\/web\/wp-json\/wp\/v2\/product_brand?post=5348"},{"taxonomy":"product_cat","embeddable":true,"href":"https:\/\/ajupe.com.uy\/web\/wp-json\/wp\/v2\/product_cat?post=5348"},{"taxonomy":"product_tag","embeddable":true,"href":"https:\/\/ajupe.com.uy\/web\/wp-json\/wp\/v2\/product_tag?post=5348"}],"curies":[{"name":"wp","href":"https:\/\/api.w.org\/{rel}","templated":true}]}}