{"id":5378,"date":"2011-10-30T21:55:21","date_gmt":"2011-10-31T00:55:21","guid":{"rendered":"http:\/\/ajupe.com.uy\/web\/?post_type=product&#038;p=5378"},"modified":"2011-10-30T21:55:21","modified_gmt":"2011-10-31T00:55:21","slug":"mi-vida","status":"publish","type":"product","link":"https:\/\/ajupe.com.uy\/web\/biblioteca\/mi-vida\/","title":{"rendered":"Mi vida"},"content":{"rendered":"<p>En la autobiograf\u00eda de Clinton hay una buena historia, pero el lector ha de esforzarse por hallarla bajo una espesa hojarasca de detalles innecesarios. La extraordinaria memoria del ex presidente, que le permite recordar a los miles de personas que ha ido encontrando a lo largo de su vida, desde el jard\u00edn de infancia a la Casa Blanca, debe haberle resultado muy \u00fatil en pol\u00edtica, pero es una cualidad muy peligrosa para quien, al escribir sus recuerdos, no quiere dejar de mencionar a ning\u00fan amigo.<\/p>\n","protected":false},"excerpt":{"rendered":"<p>Mi vida, del presidente Clinton, es un impresionante y sorprendentemente honesto retrato de un l\u00edder global que decidi\u00f3 cuando era joven que dedicar\u00eda sus dotes intelectuales y pol\u00edticas, y su extraordinaria capacidad para el trabajo duro, al servicio de <\/p>\n","protected":false},"featured_media":5379,"template":"","meta":[],"product_brand":[1092],"product_cat":[36],"product_tag":[],"class_list":{"0":"post-5378","1":"product","2":"type-product","3":"status-publish","4":"has-post-thumbnail","6":"product_brand-bill-clinton","7":"product_cat-autobiografico","9":"first","10":"instock","11":"purchasable","12":"product-type-simple"},"featured_image_urls_v2":{"full":["https:\/\/ajupe.com.uy\/web\/wp-content\/uploads\/2016\/04\/p-5378-Mi_vida_4eadc7c94471d.jpg",300,300,false],"thumbnail":["https:\/\/ajupe.com.uy\/web\/wp-content\/uploads\/2016\/04\/p-5378-Mi_vida_4eadc7c94471d.jpg",150,150,true],"medium":["https:\/\/ajupe.com.uy\/web\/wp-content\/uploads\/2016\/04\/p-5378-Mi_vida_4eadc7c94471d.jpg",300,214,true],"medium_large":["https:\/\/ajupe.com.uy\/web\/wp-content\/uploads\/2016\/04\/p-5378-Mi_vida_4eadc7c94471d.jpg",300,300,false],"large":["https:\/\/ajupe.com.uy\/web\/wp-content\/uploads\/2016\/04\/p-5378-Mi_vida_4eadc7c94471d.jpg",300,300,false],"1536x1536":["https:\/\/ajupe.com.uy\/web\/wp-content\/uploads\/2016\/04\/p-5378-Mi_vida_4eadc7c94471d.jpg",300,300,false],"2048x2048":["https:\/\/ajupe.com.uy\/web\/wp-content\/uploads\/2016\/04\/p-5378-Mi_vida_4eadc7c94471d.jpg",300,300,false],"woocommerce_archive_thumbnail":["https:\/\/ajupe.com.uy\/web\/wp-content\/uploads\/2016\/04\/p-5378-Mi_vida_4eadc7c94471d.jpg",300,300,false],"woocommerce_thumbnail":["https:\/\/ajupe.com.uy\/web\/wp-content\/uploads\/2016\/04\/p-5378-Mi_vida_4eadc7c94471d.jpg",300,300,false],"woocommerce_single":["https:\/\/ajupe.com.uy\/web\/wp-content\/uploads\/2016\/04\/p-5378-Mi_vida_4eadc7c94471d.jpg",300,300,false],"woocommerce_gallery_thumbnail":["https:\/\/ajupe.com.uy\/web\/wp-content\/uploads\/2016\/04\/p-5378-Mi_vida_4eadc7c94471d-100x100.jpg",100,100,true]},"post_excerpt_stackable_v2":"<p>Mi vida, del presidente Clinton, es un impresionante y sorprendentemente honesto retrato de un l\u00edder global que decidi\u00f3 cuando era joven que dedicar\u00eda sus dotes intelectuales y pol\u00edticas, y su extraordinaria capacidad para el trabajo duro, al servicio de <\/p>\n","category_list_v2":"","author_info_v2":{"name":"","url":""},"comments_num_v2":"0 comentarios","_links":{"self":[{"href":"https:\/\/ajupe.com.uy\/web\/wp-json\/wp\/v2\/product\/5378","targetHints":{"allow":["GET"]}}],"collection":[{"href":"https:\/\/ajupe.com.uy\/web\/wp-json\/wp\/v2\/product"}],"about":[{"href":"https:\/\/ajupe.com.uy\/web\/wp-json\/wp\/v2\/types\/product"}],"wp:featuredmedia":[{"embeddable":true,"href":"https:\/\/ajupe.com.uy\/web\/wp-json\/wp\/v2\/media\/5379"}],"wp:attachment":[{"href":"https:\/\/ajupe.com.uy\/web\/wp-json\/wp\/v2\/media?parent=5378"}],"wp:term":[{"taxonomy":"product_brand","embeddable":true,"href":"https:\/\/ajupe.com.uy\/web\/wp-json\/wp\/v2\/product_brand?post=5378"},{"taxonomy":"product_cat","embeddable":true,"href":"https:\/\/ajupe.com.uy\/web\/wp-json\/wp\/v2\/product_cat?post=5378"},{"taxonomy":"product_tag","embeddable":true,"href":"https:\/\/ajupe.com.uy\/web\/wp-json\/wp\/v2\/product_tag?post=5378"}],"curies":[{"name":"wp","href":"https:\/\/api.w.org\/{rel}","templated":true}]}}