{"id":5381,"date":"2011-10-30T22:05:24","date_gmt":"2011-10-31T01:05:24","guid":{"rendered":"http:\/\/ajupe.com.uy\/web\/?post_type=product&#038;p=5381"},"modified":"2011-10-30T22:05:24","modified_gmt":"2011-10-31T01:05:24","slug":"los-lobos-del-calla","status":"publish","type":"product","link":"https:\/\/ajupe.com.uy\/web\/biblioteca\/los-lobos-del-calla\/","title":{"rendered":"Los lobos del calla"},"content":{"rendered":"<p>Roland Deschain y su ka-tet viajan hacia el sudeste a trav\u00e9s de los bosques del Mundo Medio. El camino les lleva a \u00e9l y sus compa\u00f1eros hasta el Calla Bryn Sturgis, una tranquila comunidad de granjeros y rancheros en las fronteras del Mundo Medio. M\u00e1s all\u00e1 de este pueblo se encuentra Tronido, de donde procede la m\u00e1s terrible de las amenazas: los lobos.<br \/>\n  En el Calla, los viajeros se encuentran con el padre Callahan, otro refugiado de nuestro mundo. \u00c9l tambi\u00e9n es uno de los protectores de la Torre Oscura, en particular de un solar de la Segunda Avenida de Manhattan donde crece una sola rosa roja.<br \/>\n  Los lobos de Tronido se est\u00e1n acercando y por primera vez los habitantes del Calla Bryn Sturgis, entrenados e inspirados por el coraje de Roland y su ka-tet, van a luchar.<\/p>\n","protected":false},"excerpt":{"rendered":"<p>Los lectores de esta serie \u00e9pica de Stephen King conocen bien a Roland, o por lo menos tan bien como este h\u00e9roe enigm\u00e1tico se deja conocer. Tambi\u00e9n reconocer\u00e1n a los compa\u00f1eros de viaje que le acompa\u00f1an en la b\u00fasqueda de la Torre Oscura: Eddie Dean y su m<\/p>\n","protected":false},"featured_media":5382,"template":"","meta":[],"product_brand":[115],"product_cat":[37,29],"product_tag":[],"class_list":{"0":"post-5381","1":"product","2":"type-product","3":"status-publish","4":"has-post-thumbnail","6":"product_brand-stephen-king","7":"product_cat-ficcion","8":"product_cat-novela","10":"first","11":"instock","12":"purchasable","13":"product-type-simple"},"featured_image_urls_v2":{"full":["https:\/\/ajupe.com.uy\/web\/wp-content\/uploads\/2016\/04\/p-5381-Los_lobos_del_ca_4eadca24d97ca.jpg",138,210,false],"thumbnail":["https:\/\/ajupe.com.uy\/web\/wp-content\/uploads\/2016\/04\/p-5381-Los_lobos_del_ca_4eadca24d97ca.jpg",150,150,true],"medium":["https:\/\/ajupe.com.uy\/web\/wp-content\/uploads\/2016\/04\/p-5381-Los_lobos_del_ca_4eadca24d97ca.jpg",300,214,true],"medium_large":["https:\/\/ajupe.com.uy\/web\/wp-content\/uploads\/2016\/04\/p-5381-Los_lobos_del_ca_4eadca24d97ca.jpg",138,210,false],"large":["https:\/\/ajupe.com.uy\/web\/wp-content\/uploads\/2016\/04\/p-5381-Los_lobos_del_ca_4eadca24d97ca.jpg",138,210,false],"1536x1536":["https:\/\/ajupe.com.uy\/web\/wp-content\/uploads\/2016\/04\/p-5381-Los_lobos_del_ca_4eadca24d97ca.jpg",138,210,false],"2048x2048":["https:\/\/ajupe.com.uy\/web\/wp-content\/uploads\/2016\/04\/p-5381-Los_lobos_del_ca_4eadca24d97ca.jpg",138,210,false],"woocommerce_archive_thumbnail":["https:\/\/ajupe.com.uy\/web\/wp-content\/uploads\/2016\/04\/p-5381-Los_lobos_del_ca_4eadca24d97ca.jpg",138,210,false],"woocommerce_thumbnail":["https:\/\/ajupe.com.uy\/web\/wp-content\/uploads\/2016\/04\/p-5381-Los_lobos_del_ca_4eadca24d97ca.jpg",138,210,false],"woocommerce_single":["https:\/\/ajupe.com.uy\/web\/wp-content\/uploads\/2016\/04\/p-5381-Los_lobos_del_ca_4eadca24d97ca.jpg",138,210,false],"woocommerce_gallery_thumbnail":["https:\/\/ajupe.com.uy\/web\/wp-content\/uploads\/2016\/04\/p-5381-Los_lobos_del_ca_4eadca24d97ca-100x100.jpg",100,100,true]},"post_excerpt_stackable_v2":"<p>Los lectores de esta serie \u00e9pica de Stephen King conocen bien a Roland, o por lo menos tan bien como este h\u00e9roe enigm\u00e1tico se deja conocer. Tambi\u00e9n reconocer\u00e1n a los compa\u00f1eros de viaje que le acompa\u00f1an en la b\u00fasqueda de la Torre Oscura: Eddie Dean y su m<\/p>\n","category_list_v2":"","author_info_v2":{"name":"","url":""},"comments_num_v2":"0 comentarios","_links":{"self":[{"href":"https:\/\/ajupe.com.uy\/web\/wp-json\/wp\/v2\/product\/5381","targetHints":{"allow":["GET"]}}],"collection":[{"href":"https:\/\/ajupe.com.uy\/web\/wp-json\/wp\/v2\/product"}],"about":[{"href":"https:\/\/ajupe.com.uy\/web\/wp-json\/wp\/v2\/types\/product"}],"wp:featuredmedia":[{"embeddable":true,"href":"https:\/\/ajupe.com.uy\/web\/wp-json\/wp\/v2\/media\/5382"}],"wp:attachment":[{"href":"https:\/\/ajupe.com.uy\/web\/wp-json\/wp\/v2\/media?parent=5381"}],"wp:term":[{"taxonomy":"product_brand","embeddable":true,"href":"https:\/\/ajupe.com.uy\/web\/wp-json\/wp\/v2\/product_brand?post=5381"},{"taxonomy":"product_cat","embeddable":true,"href":"https:\/\/ajupe.com.uy\/web\/wp-json\/wp\/v2\/product_cat?post=5381"},{"taxonomy":"product_tag","embeddable":true,"href":"https:\/\/ajupe.com.uy\/web\/wp-json\/wp\/v2\/product_tag?post=5381"}],"curies":[{"name":"wp","href":"https:\/\/api.w.org\/{rel}","templated":true}]}}