{"id":5393,"date":"2011-10-30T22:42:36","date_gmt":"2011-10-31T01:42:36","guid":{"rendered":"http:\/\/ajupe.com.uy\/web\/?post_type=product&#038;p=5393"},"modified":"2011-10-30T22:42:36","modified_gmt":"2011-10-31T01:42:36","slug":"ciudadano-del-imperio","status":"publish","type":"product","link":"https:\/\/ajupe.com.uy\/web\/biblioteca\/ciudadano-del-imperio\/","title":{"rendered":"Ciudadano del Imperio"},"content":{"rendered":"<p>Tomando a Herm\u00f3genes como referente, Gillian Bradshaw describe las dificultades con que se encontraba todo aquel que en teor\u00eda disfrutaba del estatus de ciudadano romano en un imperio en el que s\u00f3lo se consideraba as\u00ed al nacido en Roma. Su rico retrato de la vida cotidiana en la Roma imperial confirma la cr\u00edtica elogiosa del The Philadelphia Inquirer, para el que la Historia cobra vida en las expertas manos de Bradshaw.<\/p>\n","protected":false},"excerpt":{"rendered":"<p>Estamos ante una novela interesante y entretenida, y con un realismo hist\u00f3rico bastante apropiado, teniendo en cuenta que se trata s\u00f3lo de una novela, y que se permite algunas licencias<\/p>\n","protected":false},"featured_media":5394,"template":"","meta":[],"product_brand":[1094],"product_cat":[29],"product_tag":[],"class_list":{"0":"post-5393","1":"product","2":"type-product","3":"status-publish","4":"has-post-thumbnail","6":"product_brand-gillian-bradshaw","7":"product_cat-novela","9":"first","10":"instock","11":"purchasable","12":"product-type-simple"},"featured_image_urls_v2":{"full":["https:\/\/ajupe.com.uy\/web\/wp-content\/uploads\/2016\/04\/p-5393-Ciudadano_del_Im_4eadd2dc470ea.jpg",125,200,false],"thumbnail":["https:\/\/ajupe.com.uy\/web\/wp-content\/uploads\/2016\/04\/p-5393-Ciudadano_del_Im_4eadd2dc470ea.jpg",150,150,true],"medium":["https:\/\/ajupe.com.uy\/web\/wp-content\/uploads\/2016\/04\/p-5393-Ciudadano_del_Im_4eadd2dc470ea.jpg",300,214,true],"medium_large":["https:\/\/ajupe.com.uy\/web\/wp-content\/uploads\/2016\/04\/p-5393-Ciudadano_del_Im_4eadd2dc470ea.jpg",125,200,false],"large":["https:\/\/ajupe.com.uy\/web\/wp-content\/uploads\/2016\/04\/p-5393-Ciudadano_del_Im_4eadd2dc470ea.jpg",125,200,false],"1536x1536":["https:\/\/ajupe.com.uy\/web\/wp-content\/uploads\/2016\/04\/p-5393-Ciudadano_del_Im_4eadd2dc470ea.jpg",125,200,false],"2048x2048":["https:\/\/ajupe.com.uy\/web\/wp-content\/uploads\/2016\/04\/p-5393-Ciudadano_del_Im_4eadd2dc470ea.jpg",125,200,false],"woocommerce_archive_thumbnail":["https:\/\/ajupe.com.uy\/web\/wp-content\/uploads\/2016\/04\/p-5393-Ciudadano_del_Im_4eadd2dc470ea.jpg",125,200,false],"woocommerce_thumbnail":["https:\/\/ajupe.com.uy\/web\/wp-content\/uploads\/2016\/04\/p-5393-Ciudadano_del_Im_4eadd2dc470ea.jpg",125,200,false],"woocommerce_single":["https:\/\/ajupe.com.uy\/web\/wp-content\/uploads\/2016\/04\/p-5393-Ciudadano_del_Im_4eadd2dc470ea.jpg",125,200,false],"woocommerce_gallery_thumbnail":["https:\/\/ajupe.com.uy\/web\/wp-content\/uploads\/2016\/04\/p-5393-Ciudadano_del_Im_4eadd2dc470ea-100x100.jpg",100,100,true]},"post_excerpt_stackable_v2":"<p>Estamos ante una novela interesante y entretenida, y con un realismo hist\u00f3rico bastante apropiado, teniendo en cuenta que se trata s\u00f3lo de una novela, y que se permite algunas licencias<\/p>\n","category_list_v2":"","author_info_v2":{"name":"","url":""},"comments_num_v2":"0 comentarios","_links":{"self":[{"href":"https:\/\/ajupe.com.uy\/web\/wp-json\/wp\/v2\/product\/5393","targetHints":{"allow":["GET"]}}],"collection":[{"href":"https:\/\/ajupe.com.uy\/web\/wp-json\/wp\/v2\/product"}],"about":[{"href":"https:\/\/ajupe.com.uy\/web\/wp-json\/wp\/v2\/types\/product"}],"wp:featuredmedia":[{"embeddable":true,"href":"https:\/\/ajupe.com.uy\/web\/wp-json\/wp\/v2\/media\/5394"}],"wp:attachment":[{"href":"https:\/\/ajupe.com.uy\/web\/wp-json\/wp\/v2\/media?parent=5393"}],"wp:term":[{"taxonomy":"product_brand","embeddable":true,"href":"https:\/\/ajupe.com.uy\/web\/wp-json\/wp\/v2\/product_brand?post=5393"},{"taxonomy":"product_cat","embeddable":true,"href":"https:\/\/ajupe.com.uy\/web\/wp-json\/wp\/v2\/product_cat?post=5393"},{"taxonomy":"product_tag","embeddable":true,"href":"https:\/\/ajupe.com.uy\/web\/wp-json\/wp\/v2\/product_tag?post=5393"}],"curies":[{"name":"wp","href":"https:\/\/api.w.org\/{rel}","templated":true}]}}