{"id":5405,"date":"2011-10-30T23:05:00","date_gmt":"2011-10-31T02:05:00","guid":{"rendered":"http:\/\/ajupe.com.uy\/web\/?post_type=product&#038;p=5405"},"modified":"2011-10-30T23:05:00","modified_gmt":"2011-10-31T02:05:00","slug":"juan-manuel-de-rosas","status":"publish","type":"product","link":"https:\/\/ajupe.com.uy\/web\/biblioteca\/juan-manuel-de-rosas\/","title":{"rendered":"Juan Manuel de Rosas"},"content":{"rendered":"<p>Los historiadores liberales repudiaron a Rosas en parte por plantear un proyecto de pa\u00eds distinto al que deseaban. Condenado al infierno de esa versi\u00f3n que se convertir\u00eda en \u00abla oficial\u00bb pas\u00f3 a ser ?sin miramientos? el maldito de nuestra historia. Y nos ense\u00f1aron a odiarlo.<br \/>\nPero \u00bfqui\u00e9n es Juan Manuel de Rosas en el marco de la historia argentina y la formaci\u00f3n del Estado? \u00bfPor qu\u00e9 se soslaya sistem\u00e1ticamente su defensa de la soberan\u00eda nacional frente a Francia e Inglaterra? \u00bfPor qu\u00e9 San Mart\u00edn le leg\u00f3 en su testamento el sable que lo acompa\u00f1\u00f3 en la lucha por la independencia americana? \u00bfPor qu\u00e9 los sectores populares lo amaron hasta la idolatr\u00eda? Con Juan Manuel de Rosas. El maldito de la historia oficial, Pacho O?Donnell plante\u00f3 una nueva forma de relatar la historia.<\/p>\n","protected":false},"excerpt":{"rendered":"<p>Una perspectiva diferente que se aleja de la mirada sesgada e interesada en fudamentar ideas prejuiciosas sobre las figuras y los hechos hist\u00f3ricos.<\/p>\n","protected":false},"featured_media":5406,"template":"","meta":[],"product_brand":[1097],"product_cat":[44],"product_tag":[],"class_list":{"0":"post-5405","1":"product","2":"type-product","3":"status-publish","4":"has-post-thumbnail","6":"product_brand-pacho-o-donnell","7":"product_cat-biografico","9":"first","10":"instock","11":"purchasable","12":"product-type-simple"},"featured_image_urls_v2":{"full":["https:\/\/ajupe.com.uy\/web\/wp-content\/uploads\/2016\/04\/p-5405-Juan_Manuel_de_R_4eadd81c99469.jpg",175,253,false],"thumbnail":["https:\/\/ajupe.com.uy\/web\/wp-content\/uploads\/2016\/04\/p-5405-Juan_Manuel_de_R_4eadd81c99469.jpg",150,150,true],"medium":["https:\/\/ajupe.com.uy\/web\/wp-content\/uploads\/2016\/04\/p-5405-Juan_Manuel_de_R_4eadd81c99469.jpg",300,214,true],"medium_large":["https:\/\/ajupe.com.uy\/web\/wp-content\/uploads\/2016\/04\/p-5405-Juan_Manuel_de_R_4eadd81c99469.jpg",175,253,false],"large":["https:\/\/ajupe.com.uy\/web\/wp-content\/uploads\/2016\/04\/p-5405-Juan_Manuel_de_R_4eadd81c99469.jpg",175,253,false],"1536x1536":["https:\/\/ajupe.com.uy\/web\/wp-content\/uploads\/2016\/04\/p-5405-Juan_Manuel_de_R_4eadd81c99469.jpg",175,253,false],"2048x2048":["https:\/\/ajupe.com.uy\/web\/wp-content\/uploads\/2016\/04\/p-5405-Juan_Manuel_de_R_4eadd81c99469.jpg",175,253,false],"woocommerce_archive_thumbnail":["https:\/\/ajupe.com.uy\/web\/wp-content\/uploads\/2016\/04\/p-5405-Juan_Manuel_de_R_4eadd81c99469.jpg",175,253,false],"woocommerce_thumbnail":["https:\/\/ajupe.com.uy\/web\/wp-content\/uploads\/2016\/04\/p-5405-Juan_Manuel_de_R_4eadd81c99469.jpg",175,253,false],"woocommerce_single":["https:\/\/ajupe.com.uy\/web\/wp-content\/uploads\/2016\/04\/p-5405-Juan_Manuel_de_R_4eadd81c99469.jpg",175,253,false],"woocommerce_gallery_thumbnail":["https:\/\/ajupe.com.uy\/web\/wp-content\/uploads\/2016\/04\/p-5405-Juan_Manuel_de_R_4eadd81c99469-100x100.jpg",100,100,true]},"post_excerpt_stackable_v2":"<p>Una perspectiva diferente que se aleja de la mirada sesgada e interesada en fudamentar ideas prejuiciosas sobre las figuras y los hechos hist\u00f3ricos.<\/p>\n","category_list_v2":"","author_info_v2":{"name":"","url":""},"comments_num_v2":"0 comentarios","_links":{"self":[{"href":"https:\/\/ajupe.com.uy\/web\/wp-json\/wp\/v2\/product\/5405","targetHints":{"allow":["GET"]}}],"collection":[{"href":"https:\/\/ajupe.com.uy\/web\/wp-json\/wp\/v2\/product"}],"about":[{"href":"https:\/\/ajupe.com.uy\/web\/wp-json\/wp\/v2\/types\/product"}],"wp:featuredmedia":[{"embeddable":true,"href":"https:\/\/ajupe.com.uy\/web\/wp-json\/wp\/v2\/media\/5406"}],"wp:attachment":[{"href":"https:\/\/ajupe.com.uy\/web\/wp-json\/wp\/v2\/media?parent=5405"}],"wp:term":[{"taxonomy":"product_brand","embeddable":true,"href":"https:\/\/ajupe.com.uy\/web\/wp-json\/wp\/v2\/product_brand?post=5405"},{"taxonomy":"product_cat","embeddable":true,"href":"https:\/\/ajupe.com.uy\/web\/wp-json\/wp\/v2\/product_cat?post=5405"},{"taxonomy":"product_tag","embeddable":true,"href":"https:\/\/ajupe.com.uy\/web\/wp-json\/wp\/v2\/product_tag?post=5405"}],"curies":[{"name":"wp","href":"https:\/\/api.w.org\/{rel}","templated":true}]}}