{"id":5417,"date":"2011-10-30T23:39:07","date_gmt":"2011-10-31T02:39:07","guid":{"rendered":"http:\/\/ajupe.com.uy\/web\/?post_type=product&#038;p=5417"},"modified":"2011-10-30T23:39:07","modified_gmt":"2011-10-31T02:39:07","slug":"el-viaje-2","status":"publish","type":"product","link":"https:\/\/ajupe.com.uy\/web\/biblioteca\/el-viaje-2\/","title":{"rendered":"El viaje"},"content":{"rendered":"<p>Un hombre j\u00f3ven (poco m\u00e1s que un adolescente) viaja en busca de sus ra\u00edces perdidas en un pueblo en el interior profundo del Uruguay.<br \/>\nEsto genera un \u201cDiario de viaje\u201d que excede la descripci\u00f3n de aspectos materiales, pasa posar una intensa mirada en la compleja realidad socioecon\u00f3mica y cultural en que viven sus habitantes.<br \/>\nEsta visi\u00f3n se entremezcla con una severa introspecci\u00f3n del protagonista que por primera vez comienza  a cuestionar algunos detalles de su vida anterior.<br \/>\nCarlos Motta se ha colocado en serio observador de su pa\u00eds natal. La peque\u00f1a ciudad imaginada llamada \u201cSauce\u201d es fiel representante de otras muy repetidas en el interior del Uruguay, y la idiosincrasia de sus habitantes, reflejada de manera descriptiva, pero tambi\u00e9n en profundidad, es un viaje esta vez interior, por el alma de casi la totalidad de la naci\u00f3n.<\/p>\n","protected":false},"excerpt":{"rendered":"<p>Carlos Motta se ha colocado en serio observador de su pa\u00eds natal. La peque\u00f1a ciudad imaginada llamada \u201cSauce\u201d es fiel representante de otras muy repetidas en el interior del Uruguay<\/p>\n","protected":false},"featured_media":5418,"template":"","meta":[],"product_brand":[1012],"product_cat":[47,29,45],"product_tag":[],"class_list":{"0":"post-5417","1":"product","2":"type-product","3":"status-publish","4":"has-post-thumbnail","6":"product_brand-carlos-motta-niz","7":"product_cat-ensayo","8":"product_cat-novela","9":"product_cat-uruguayo","11":"first","12":"instock","13":"purchasable","14":"product-type-simple"},"featured_image_urls_v2":{"full":["https:\/\/ajupe.com.uy\/web\/wp-content\/uploads\/2016\/04\/p-5417-El_viaje_4eade01b89f82.jpg",202,299,false],"thumbnail":["https:\/\/ajupe.com.uy\/web\/wp-content\/uploads\/2016\/04\/p-5417-El_viaje_4eade01b89f82.jpg",150,150,true],"medium":["https:\/\/ajupe.com.uy\/web\/wp-content\/uploads\/2016\/04\/p-5417-El_viaje_4eade01b89f82.jpg",300,214,true],"medium_large":["https:\/\/ajupe.com.uy\/web\/wp-content\/uploads\/2016\/04\/p-5417-El_viaje_4eade01b89f82.jpg",202,299,false],"large":["https:\/\/ajupe.com.uy\/web\/wp-content\/uploads\/2016\/04\/p-5417-El_viaje_4eade01b89f82.jpg",202,299,false],"1536x1536":["https:\/\/ajupe.com.uy\/web\/wp-content\/uploads\/2016\/04\/p-5417-El_viaje_4eade01b89f82.jpg",202,299,false],"2048x2048":["https:\/\/ajupe.com.uy\/web\/wp-content\/uploads\/2016\/04\/p-5417-El_viaje_4eade01b89f82.jpg",202,299,false],"woocommerce_archive_thumbnail":["https:\/\/ajupe.com.uy\/web\/wp-content\/uploads\/2016\/04\/p-5417-El_viaje_4eade01b89f82.jpg",202,299,false],"woocommerce_thumbnail":["https:\/\/ajupe.com.uy\/web\/wp-content\/uploads\/2016\/04\/p-5417-El_viaje_4eade01b89f82.jpg",202,299,false],"woocommerce_single":["https:\/\/ajupe.com.uy\/web\/wp-content\/uploads\/2016\/04\/p-5417-El_viaje_4eade01b89f82.jpg",202,299,false],"woocommerce_gallery_thumbnail":["https:\/\/ajupe.com.uy\/web\/wp-content\/uploads\/2016\/04\/p-5417-El_viaje_4eade01b89f82-100x100.jpg",100,100,true]},"post_excerpt_stackable_v2":"<p>Carlos Motta se ha colocado en serio observador de su pa\u00eds natal. La peque\u00f1a ciudad imaginada llamada \u201cSauce\u201d es fiel representante de otras muy repetidas en el interior del Uruguay<\/p>\n","category_list_v2":"","author_info_v2":{"name":"","url":""},"comments_num_v2":"0 comentarios","_links":{"self":[{"href":"https:\/\/ajupe.com.uy\/web\/wp-json\/wp\/v2\/product\/5417","targetHints":{"allow":["GET"]}}],"collection":[{"href":"https:\/\/ajupe.com.uy\/web\/wp-json\/wp\/v2\/product"}],"about":[{"href":"https:\/\/ajupe.com.uy\/web\/wp-json\/wp\/v2\/types\/product"}],"wp:featuredmedia":[{"embeddable":true,"href":"https:\/\/ajupe.com.uy\/web\/wp-json\/wp\/v2\/media\/5418"}],"wp:attachment":[{"href":"https:\/\/ajupe.com.uy\/web\/wp-json\/wp\/v2\/media?parent=5417"}],"wp:term":[{"taxonomy":"product_brand","embeddable":true,"href":"https:\/\/ajupe.com.uy\/web\/wp-json\/wp\/v2\/product_brand?post=5417"},{"taxonomy":"product_cat","embeddable":true,"href":"https:\/\/ajupe.com.uy\/web\/wp-json\/wp\/v2\/product_cat?post=5417"},{"taxonomy":"product_tag","embeddable":true,"href":"https:\/\/ajupe.com.uy\/web\/wp-json\/wp\/v2\/product_tag?post=5417"}],"curies":[{"name":"wp","href":"https:\/\/api.w.org\/{rel}","templated":true}]}}