{"id":5420,"date":"2011-10-31T17:45:45","date_gmt":"2011-10-31T20:45:45","guid":{"rendered":"http:\/\/ajupe.com.uy\/web\/?post_type=product&#038;p=5420"},"modified":"2011-10-31T17:45:45","modified_gmt":"2011-10-31T20:45:45","slug":"tierra-de-nadie","status":"publish","type":"product","link":"https:\/\/ajupe.com.uy\/web\/biblioteca\/tierra-de-nadie\/","title":{"rendered":"Tierra de nadie"},"content":{"rendered":"<p>Una novela que captura el pulso multiforme y variado de Buenos Aires. Un grupo de marginados, cuyo \u00fanico deseo es huir de un Buenos Aires desgastado y sucio que ya no los atrae, divaga en torno a una isla polinesia, Faruru, que es el \u00fanico lugar del mundo en el que se puede no hacer nada sin hacerle mal a nadie&#8230; Un para\u00edso para los sue\u00f1os que acaba sucumbiendo ante la cruda realidad que los rodea<\/p>\n","protected":false},"excerpt":{"rendered":"<p>Una novela que captura el pulso multiforme y variado de Buenos Aires. Un grupo de marginados, cuyo \u00fanico deseo es huir de un Buenos Aires desgastado y sucio que ya no los atrae, divaga en torno a una isla polinesia, Faruru, que es el \u00fanico lugar del mundo<\/p>\n","protected":false},"featured_media":5421,"template":"","meta":[],"product_brand":[1056],"product_cat":[29],"product_tag":[],"class_list":{"0":"post-5420","1":"product","2":"type-product","3":"status-publish","4":"has-post-thumbnail","6":"product_brand-juan-carlos-onetti","7":"product_cat-novela","9":"first","10":"instock","11":"purchasable","12":"product-type-simple"},"featured_image_urls_v2":{"full":["https:\/\/ajupe.com.uy\/web\/wp-content\/uploads\/2016\/04\/p-5420-Tierra_de_nadie_4eaedec9434e8.jpg",350,532,false],"thumbnail":["https:\/\/ajupe.com.uy\/web\/wp-content\/uploads\/2016\/04\/p-5420-Tierra_de_nadie_4eaedec9434e8.jpg",150,150,true],"medium":["https:\/\/ajupe.com.uy\/web\/wp-content\/uploads\/2016\/04\/p-5420-Tierra_de_nadie_4eaedec9434e8.jpg",300,214,true],"medium_large":["https:\/\/ajupe.com.uy\/web\/wp-content\/uploads\/2016\/04\/p-5420-Tierra_de_nadie_4eaedec9434e8.jpg",350,532,false],"large":["https:\/\/ajupe.com.uy\/web\/wp-content\/uploads\/2016\/04\/p-5420-Tierra_de_nadie_4eaedec9434e8.jpg",350,532,false],"1536x1536":["https:\/\/ajupe.com.uy\/web\/wp-content\/uploads\/2016\/04\/p-5420-Tierra_de_nadie_4eaedec9434e8.jpg",350,532,false],"2048x2048":["https:\/\/ajupe.com.uy\/web\/wp-content\/uploads\/2016\/04\/p-5420-Tierra_de_nadie_4eaedec9434e8.jpg",350,532,false],"woocommerce_archive_thumbnail":["https:\/\/ajupe.com.uy\/web\/wp-content\/uploads\/2016\/04\/p-5420-Tierra_de_nadie_4eaedec9434e8-300x450.jpg",300,450,true],"woocommerce_thumbnail":["https:\/\/ajupe.com.uy\/web\/wp-content\/uploads\/2016\/04\/p-5420-Tierra_de_nadie_4eaedec9434e8-300x300.jpg",300,300,true],"woocommerce_single":["https:\/\/ajupe.com.uy\/web\/wp-content\/uploads\/2016\/04\/p-5420-Tierra_de_nadie_4eaedec9434e8-300x456.jpg",300,456,true],"woocommerce_gallery_thumbnail":["https:\/\/ajupe.com.uy\/web\/wp-content\/uploads\/2016\/04\/p-5420-Tierra_de_nadie_4eaedec9434e8-100x100.jpg",100,100,true]},"post_excerpt_stackable_v2":"<p>Una novela que captura el pulso multiforme y variado de Buenos Aires. Un grupo de marginados, cuyo \u00fanico deseo es huir de un Buenos Aires desgastado y sucio que ya no los atrae, divaga en torno a una isla polinesia, Faruru, que es el \u00fanico lugar del mundo<\/p>\n","category_list_v2":"","author_info_v2":{"name":"","url":""},"comments_num_v2":"0 comentarios","_links":{"self":[{"href":"https:\/\/ajupe.com.uy\/web\/wp-json\/wp\/v2\/product\/5420","targetHints":{"allow":["GET"]}}],"collection":[{"href":"https:\/\/ajupe.com.uy\/web\/wp-json\/wp\/v2\/product"}],"about":[{"href":"https:\/\/ajupe.com.uy\/web\/wp-json\/wp\/v2\/types\/product"}],"wp:featuredmedia":[{"embeddable":true,"href":"https:\/\/ajupe.com.uy\/web\/wp-json\/wp\/v2\/media\/5421"}],"wp:attachment":[{"href":"https:\/\/ajupe.com.uy\/web\/wp-json\/wp\/v2\/media?parent=5420"}],"wp:term":[{"taxonomy":"product_brand","embeddable":true,"href":"https:\/\/ajupe.com.uy\/web\/wp-json\/wp\/v2\/product_brand?post=5420"},{"taxonomy":"product_cat","embeddable":true,"href":"https:\/\/ajupe.com.uy\/web\/wp-json\/wp\/v2\/product_cat?post=5420"},{"taxonomy":"product_tag","embeddable":true,"href":"https:\/\/ajupe.com.uy\/web\/wp-json\/wp\/v2\/product_tag?post=5420"}],"curies":[{"name":"wp","href":"https:\/\/api.w.org\/{rel}","templated":true}]}}