{"id":5435,"date":"2011-10-31T18:13:50","date_gmt":"2011-10-31T21:13:50","guid":{"rendered":"http:\/\/ajupe.com.uy\/web\/?post_type=product&#038;p=5435"},"modified":"2011-10-31T18:13:50","modified_gmt":"2011-10-31T21:13:50","slug":"si-encuentro-tu-nombre-en-el-fuego","status":"publish","type":"product","link":"https:\/\/ajupe.com.uy\/web\/biblioteca\/si-encuentro-tu-nombre-en-el-fuego\/","title":{"rendered":"Si encuentro tu nombre en el fuego"},"content":{"rendered":"<p>A principios del siglo XIX, Gran Breta\u00f1a encabeza la lucha contra Napole\u00f3n Bonaparte. Los ej\u00e9rcitos brit\u00e1nicos conquistan extensos territorios y sus esp\u00edas, hombres solitarios que trabajan para la Corona Brit\u00e1nica, sirven a ese prop\u00f3sito. William Burton es uno de esos hombres: Capit\u00e1n del Regimiento 71 de Cazadores Escoceses, temerario, aventurero y sin familia ni pasado por el que responder. Se ha infiltrado en los despachos de los m\u00e1s altos pol\u00edticos europeos y en las rec\u00e1maras de algunas de sus mujeres. Es por eso que, cuando lo env\u00edan a Buenos Aires, la misi\u00f3n le sabe a castigo: una ciudad alejada de todo, incluso de las delicias mundanas a las que est\u00e1 acostumbrado. No intuye que es all\u00ed donde va a tropezarse con Paula Yraola, una joven capaz de cambiar sus pensamientos y hasta de devolverle su pasado.Paula forma parte de la sociedad porte\u00f1a y los hombres m\u00e1s ilustres de la ciudad la consultan en su biblioteca, prendados de su belleza. A pesar de estar comprometida con un rico comerciante de Buenos Aires, cuando se tropieza con William, sus convicciones tambalean. Desde siempre ha cre\u00eddo en la libertad de los pueblos: ahora tiene que creer en la libertad de amar a quien desea. Aun si ese hombre es un invasor ingl\u00e9s.<\/p>\n","protected":false},"excerpt":{"rendered":"<p>A principios del siglo XIX, Gran Breta\u00f1a encabeza la lucha contra Napole\u00f3n Bonaparte. Los ej\u00e9rcitos brit\u00e1nicos conquistan extensos territorios y sus esp\u00edas, hombres solitarios que trabajan para la Corona Brit\u00e1nica, sirven a ese prop\u00f3sito. William Burton e<\/p>\n","protected":false},"featured_media":5436,"template":"","meta":[],"product_brand":[659],"product_cat":[31],"product_tag":[],"class_list":{"0":"post-5435","1":"product","2":"type-product","3":"status-publish","4":"has-post-thumbnail","6":"product_brand-gabriela-margall","7":"product_cat-historico","9":"first","10":"instock","11":"purchasable","12":"product-type-simple"},"featured_image_urls_v2":{"full":["https:\/\/ajupe.com.uy\/web\/wp-content\/uploads\/2016\/04\/p-5435-Si_encuentro_tu__4eaee55e2a93d.jpg",268,412,false],"thumbnail":["https:\/\/ajupe.com.uy\/web\/wp-content\/uploads\/2016\/04\/p-5435-Si_encuentro_tu__4eaee55e2a93d.jpg",150,150,true],"medium":["https:\/\/ajupe.com.uy\/web\/wp-content\/uploads\/2016\/04\/p-5435-Si_encuentro_tu__4eaee55e2a93d.jpg",300,214,true],"medium_large":["https:\/\/ajupe.com.uy\/web\/wp-content\/uploads\/2016\/04\/p-5435-Si_encuentro_tu__4eaee55e2a93d.jpg",268,412,false],"large":["https:\/\/ajupe.com.uy\/web\/wp-content\/uploads\/2016\/04\/p-5435-Si_encuentro_tu__4eaee55e2a93d.jpg",268,412,false],"1536x1536":["https:\/\/ajupe.com.uy\/web\/wp-content\/uploads\/2016\/04\/p-5435-Si_encuentro_tu__4eaee55e2a93d.jpg",268,412,false],"2048x2048":["https:\/\/ajupe.com.uy\/web\/wp-content\/uploads\/2016\/04\/p-5435-Si_encuentro_tu__4eaee55e2a93d.jpg",268,412,false],"woocommerce_archive_thumbnail":["https:\/\/ajupe.com.uy\/web\/wp-content\/uploads\/2016\/04\/p-5435-Si_encuentro_tu__4eaee55e2a93d-268x400.jpg",268,400,true],"woocommerce_thumbnail":["https:\/\/ajupe.com.uy\/web\/wp-content\/uploads\/2016\/04\/p-5435-Si_encuentro_tu__4eaee55e2a93d-268x300.jpg",268,300,true],"woocommerce_single":["https:\/\/ajupe.com.uy\/web\/wp-content\/uploads\/2016\/04\/p-5435-Si_encuentro_tu__4eaee55e2a93d.jpg",268,412,false],"woocommerce_gallery_thumbnail":["https:\/\/ajupe.com.uy\/web\/wp-content\/uploads\/2016\/04\/p-5435-Si_encuentro_tu__4eaee55e2a93d-100x100.jpg",100,100,true]},"post_excerpt_stackable_v2":"<p>A principios del siglo XIX, Gran Breta\u00f1a encabeza la lucha contra Napole\u00f3n Bonaparte. Los ej\u00e9rcitos brit\u00e1nicos conquistan extensos territorios y sus esp\u00edas, hombres solitarios que trabajan para la Corona Brit\u00e1nica, sirven a ese prop\u00f3sito. William Burton e<\/p>\n","category_list_v2":"","author_info_v2":{"name":"","url":""},"comments_num_v2":"0 comentarios","_links":{"self":[{"href":"https:\/\/ajupe.com.uy\/web\/wp-json\/wp\/v2\/product\/5435","targetHints":{"allow":["GET"]}}],"collection":[{"href":"https:\/\/ajupe.com.uy\/web\/wp-json\/wp\/v2\/product"}],"about":[{"href":"https:\/\/ajupe.com.uy\/web\/wp-json\/wp\/v2\/types\/product"}],"wp:featuredmedia":[{"embeddable":true,"href":"https:\/\/ajupe.com.uy\/web\/wp-json\/wp\/v2\/media\/5436"}],"wp:attachment":[{"href":"https:\/\/ajupe.com.uy\/web\/wp-json\/wp\/v2\/media?parent=5435"}],"wp:term":[{"taxonomy":"product_brand","embeddable":true,"href":"https:\/\/ajupe.com.uy\/web\/wp-json\/wp\/v2\/product_brand?post=5435"},{"taxonomy":"product_cat","embeddable":true,"href":"https:\/\/ajupe.com.uy\/web\/wp-json\/wp\/v2\/product_cat?post=5435"},{"taxonomy":"product_tag","embeddable":true,"href":"https:\/\/ajupe.com.uy\/web\/wp-json\/wp\/v2\/product_tag?post=5435"}],"curies":[{"name":"wp","href":"https:\/\/api.w.org\/{rel}","templated":true}]}}