{"id":5444,"date":"2011-10-31T18:21:22","date_gmt":"2011-10-31T21:21:22","guid":{"rendered":"http:\/\/ajupe.com.uy\/web\/?post_type=product&#038;p=5444"},"modified":"2011-10-31T18:21:22","modified_gmt":"2011-10-31T21:21:22","slug":"el-mundo-segun-larry","status":"publish","type":"product","link":"https:\/\/ajupe.com.uy\/web\/biblioteca\/el-mundo-segun-larry\/","title":{"rendered":"El Mundo segun Larry"},"content":{"rendered":"<div id=\"Descripcion\" style=\"height: auto;\">\n<div id=\"DescripcionLarga\" style=\"display: block;\">Supongamos  que has decidido crear tu propia p\u00e1gina web para expresar tus  opiniones, pero de modo completamente an\u00f3nimo. \u00bfQu\u00e9 explicar\u00edas?  \u00bfCu\u00e1ntas injusticias denunciar\u00edas? Y ahora imaginemos que tu p\u00e1gina web  se hace inmensamente famosa. Gente de todas las edades, de cada rinc\u00f3n  del pa\u00eds, te busca en la red para leer tus comentarios. Tienes la  oportunidad de contribuir a mejoras las cosas, de hacer algo que valga  la pena. Larry tuvo esa oportunidad. En su p\u00e1gina web escribi\u00f3 brillantes  denuncias contra el consumismo, la mundializaci\u00f3n, la fama&#8230; Pero  mantener unos principios no es sencillo, y el precio del \u00e9xito puede ser  terrible. \u00c9sta es la historia de c\u00f3mo las palabras de un gur\u00fa juvenil  pudieron cambiar el mundo para siempre.  Una novela que no deja a nadie indiferente.  \u00abTashjian ha conseguido algo realmente fresco, que llega a lo m\u00e1s  profundo de los j\u00f3venes.\u00bb Booklist.<\/div>\n<\/div>\n","protected":false},"excerpt":{"rendered":"<p>Supongamos que has decidido crear tu propia p\u00e1gina web para expresar tus opiniones, pero de modo completamente an\u00f3nimo. \u00bfQu\u00e9 explicar\u00edas? \u00bfCu\u00e1ntas injusticias denunciar\u00edas? Y ahora imaginemos que tu p\u00e1gina web se hace inmensamente famosa. Gente de todas las edades, de cada rinc\u00f3n del pa\u00eds, te busca en la red para leer tus comentarios. Tienes la [&hellip;]<\/p>\n","protected":false},"featured_media":5445,"template":"","meta":[],"product_brand":[1100],"product_cat":[34],"product_tag":[],"class_list":{"0":"post-5444","1":"product","2":"type-product","3":"status-publish","4":"has-post-thumbnail","6":"product_brand-janet-tashjian","7":"product_cat-otros","9":"first","10":"instock","11":"purchasable","12":"product-type-simple"},"featured_image_urls_v2":{"full":["https:\/\/ajupe.com.uy\/web\/wp-content\/uploads\/2016\/04\/p-5444-El_Mundo_segun_L_4eaee72225ca4.jpg",210,323,false],"thumbnail":["https:\/\/ajupe.com.uy\/web\/wp-content\/uploads\/2016\/04\/p-5444-El_Mundo_segun_L_4eaee72225ca4.jpg",150,150,true],"medium":["https:\/\/ajupe.com.uy\/web\/wp-content\/uploads\/2016\/04\/p-5444-El_Mundo_segun_L_4eaee72225ca4.jpg",300,214,true],"medium_large":["https:\/\/ajupe.com.uy\/web\/wp-content\/uploads\/2016\/04\/p-5444-El_Mundo_segun_L_4eaee72225ca4.jpg",210,323,false],"large":["https:\/\/ajupe.com.uy\/web\/wp-content\/uploads\/2016\/04\/p-5444-El_Mundo_segun_L_4eaee72225ca4.jpg",210,323,false],"1536x1536":["https:\/\/ajupe.com.uy\/web\/wp-content\/uploads\/2016\/04\/p-5444-El_Mundo_segun_L_4eaee72225ca4.jpg",210,323,false],"2048x2048":["https:\/\/ajupe.com.uy\/web\/wp-content\/uploads\/2016\/04\/p-5444-El_Mundo_segun_L_4eaee72225ca4.jpg",210,323,false],"woocommerce_archive_thumbnail":["https:\/\/ajupe.com.uy\/web\/wp-content\/uploads\/2016\/04\/p-5444-El_Mundo_segun_L_4eaee72225ca4-210x300.jpg",210,300,true],"woocommerce_thumbnail":["https:\/\/ajupe.com.uy\/web\/wp-content\/uploads\/2016\/04\/p-5444-El_Mundo_segun_L_4eaee72225ca4-210x300.jpg",210,300,true],"woocommerce_single":["https:\/\/ajupe.com.uy\/web\/wp-content\/uploads\/2016\/04\/p-5444-El_Mundo_segun_L_4eaee72225ca4.jpg",210,323,false],"woocommerce_gallery_thumbnail":["https:\/\/ajupe.com.uy\/web\/wp-content\/uploads\/2016\/04\/p-5444-El_Mundo_segun_L_4eaee72225ca4-100x100.jpg",100,100,true]},"post_excerpt_stackable_v2":"<p>Supongamos que has decidido crear tu propia p\u00e1gina web para expresar tus opiniones, pero de modo completamente an\u00f3nimo. \u00bfQu\u00e9 explicar\u00edas? \u00bfCu\u00e1ntas injusticias denunciar\u00edas? Y ahora imaginemos que tu p\u00e1gina web se hace inmensamente famosa. Gente de todas las edades, de cada rinc\u00f3n del pa\u00eds, te busca en la red para leer tus comentarios. Tienes la oportunidad de contribuir a mejoras las cosas, de hacer algo que valga la pena. Larry tuvo esa oportunidad. En su p\u00e1gina web escribi\u00f3 brillantes denuncias contra el consumismo, la mundializaci\u00f3n, la fama&#8230; Pero mantener unos principios no es sencillo, y el precio del \u00e9xito puede&hellip;<\/p>\n","category_list_v2":"","author_info_v2":{"name":"","url":""},"comments_num_v2":"0 comentarios","_links":{"self":[{"href":"https:\/\/ajupe.com.uy\/web\/wp-json\/wp\/v2\/product\/5444","targetHints":{"allow":["GET"]}}],"collection":[{"href":"https:\/\/ajupe.com.uy\/web\/wp-json\/wp\/v2\/product"}],"about":[{"href":"https:\/\/ajupe.com.uy\/web\/wp-json\/wp\/v2\/types\/product"}],"wp:featuredmedia":[{"embeddable":true,"href":"https:\/\/ajupe.com.uy\/web\/wp-json\/wp\/v2\/media\/5445"}],"wp:attachment":[{"href":"https:\/\/ajupe.com.uy\/web\/wp-json\/wp\/v2\/media?parent=5444"}],"wp:term":[{"taxonomy":"product_brand","embeddable":true,"href":"https:\/\/ajupe.com.uy\/web\/wp-json\/wp\/v2\/product_brand?post=5444"},{"taxonomy":"product_cat","embeddable":true,"href":"https:\/\/ajupe.com.uy\/web\/wp-json\/wp\/v2\/product_cat?post=5444"},{"taxonomy":"product_tag","embeddable":true,"href":"https:\/\/ajupe.com.uy\/web\/wp-json\/wp\/v2\/product_tag?post=5444"}],"curies":[{"name":"wp","href":"https:\/\/api.w.org\/{rel}","templated":true}]}}