{"id":5447,"date":"2011-10-31T18:25:35","date_gmt":"2011-10-31T21:25:35","guid":{"rendered":"http:\/\/ajupe.com.uy\/web\/?post_type=product&#038;p=5447"},"modified":"2011-10-31T18:25:35","modified_gmt":"2011-10-31T21:25:35","slug":"privado-de-titulo","status":"publish","type":"product","link":"https:\/\/ajupe.com.uy\/web\/biblioteca\/privado-de-titulo\/","title":{"rendered":"Privado de Titulo"},"content":{"rendered":"<p>En una nueva demostraci\u00f3n de sus dotes narrativas, que en esta novela alcanzan nuevas cotas de excelencia, Andrea Camilleri reafirma su categor\u00eda de maestro del retrato psicol\u00f3gico y social. Sin renunciar al tono socarr\u00f3n que lo caracteriza, el gran autor siciliano aborda con rigor la investigaci\u00f3n de unos hechos ver\u00eddicos acaecidos durante las primeras d\u00e9cadas del siglo pasado, exponiendo sin remilgos la capacidad del poder pol\u00edtico para envolver la realidad en un manto de mistificaci\u00f3n y ret\u00f3rica exaltadora, hasta el punto de llevarla al l\u00edmite del absurdo. Corre el a\u00f1o 1941 cuando el narrador asiste con sus compa\u00f1eros de colegio a la conmemoraci\u00f3n de la muerte del joven GiginoGattuso, el \u00ab\u00fanico m\u00e1rtir fascista siciliano\u00bb, que veinte a\u00f1os atr\u00e1s hab\u00eda ca\u00eddo durante un enfrentamiento con un grupo de militantes comunistas. Paso a paso y detalle a detalle, como si de una moviola se tratase, el autor repasa la secuencia de los acontecimientos, alternando la malicia burlona con una magn\u00e1nima compasi\u00f3n por las v\u00edctimas de los dos bandos, a su manera siempre inocentes. Tan inocente es el comunista inculpado como el difunto fascista, obviamente ajeno a la p\u00f3stuma conspiraci\u00f3n pol\u00edtica que lo despoj\u00f3 de la dignidad de simple muerto \u00absin t\u00edtulo\u00bb. Y como si el relato de esta farsa no bastara, Camilleri a\u00f1ade, a modo de colof\u00f3n, la monumental fantochada que supuso el proyecto Mussolinia, la ciudad-jard\u00edn ideada por los jerarcas de Caltagirone para dejar testimonio eterno de la gloria del Duce.<\/p>\n","protected":false},"excerpt":{"rendered":"<p>En una nueva demostraci\u00f3n de sus dotes narrativas, que en esta novela alcanzan nuevas cotas de excelencia, Andrea Camilleri reafirma su categor\u00eda de maestro del retrato psicol\u00f3gico y social. Sin renunciar al tono socarr\u00f3n que lo caracteriza, el gran autor<\/p>\n","protected":false},"featured_media":5448,"template":"","meta":[],"product_brand":[399],"product_cat":[31],"product_tag":[],"class_list":{"0":"post-5447","1":"product","2":"type-product","3":"status-publish","4":"has-post-thumbnail","6":"product_brand-andrea-camilleri","7":"product_cat-historico","9":"first","10":"instock","11":"purchasable","12":"product-type-simple"},"featured_image_urls_v2":{"full":["https:\/\/ajupe.com.uy\/web\/wp-content\/uploads\/2016\/05\/p-5447-Privado_de_Titul_4eaee81f73311.jpg",268,424,false],"thumbnail":["https:\/\/ajupe.com.uy\/web\/wp-content\/uploads\/2016\/05\/p-5447-Privado_de_Titul_4eaee81f73311.jpg",150,150,true],"medium":["https:\/\/ajupe.com.uy\/web\/wp-content\/uploads\/2016\/05\/p-5447-Privado_de_Titul_4eaee81f73311.jpg",300,214,true],"medium_large":["https:\/\/ajupe.com.uy\/web\/wp-content\/uploads\/2016\/05\/p-5447-Privado_de_Titul_4eaee81f73311.jpg",268,424,false],"large":["https:\/\/ajupe.com.uy\/web\/wp-content\/uploads\/2016\/05\/p-5447-Privado_de_Titul_4eaee81f73311.jpg",268,424,false],"1536x1536":["https:\/\/ajupe.com.uy\/web\/wp-content\/uploads\/2016\/05\/p-5447-Privado_de_Titul_4eaee81f73311.jpg",268,424,false],"2048x2048":["https:\/\/ajupe.com.uy\/web\/wp-content\/uploads\/2016\/05\/p-5447-Privado_de_Titul_4eaee81f73311.jpg",268,424,false],"woocommerce_archive_thumbnail":["https:\/\/ajupe.com.uy\/web\/wp-content\/uploads\/2016\/05\/p-5447-Privado_de_Titul_4eaee81f73311-268x400.jpg",268,400,true],"woocommerce_thumbnail":["https:\/\/ajupe.com.uy\/web\/wp-content\/uploads\/2016\/05\/p-5447-Privado_de_Titul_4eaee81f73311-268x300.jpg",268,300,true],"woocommerce_single":["https:\/\/ajupe.com.uy\/web\/wp-content\/uploads\/2016\/05\/p-5447-Privado_de_Titul_4eaee81f73311.jpg",268,424,false],"woocommerce_gallery_thumbnail":["https:\/\/ajupe.com.uy\/web\/wp-content\/uploads\/2016\/05\/p-5447-Privado_de_Titul_4eaee81f73311-100x100.jpg",100,100,true]},"post_excerpt_stackable_v2":"<p>En una nueva demostraci\u00f3n de sus dotes narrativas, que en esta novela alcanzan nuevas cotas de excelencia, Andrea Camilleri reafirma su categor\u00eda de maestro del retrato psicol\u00f3gico y social. Sin renunciar al tono socarr\u00f3n que lo caracteriza, el gran autor<\/p>\n","category_list_v2":"","author_info_v2":{"name":"","url":""},"comments_num_v2":"0 comentarios","_links":{"self":[{"href":"https:\/\/ajupe.com.uy\/web\/wp-json\/wp\/v2\/product\/5447","targetHints":{"allow":["GET"]}}],"collection":[{"href":"https:\/\/ajupe.com.uy\/web\/wp-json\/wp\/v2\/product"}],"about":[{"href":"https:\/\/ajupe.com.uy\/web\/wp-json\/wp\/v2\/types\/product"}],"wp:featuredmedia":[{"embeddable":true,"href":"https:\/\/ajupe.com.uy\/web\/wp-json\/wp\/v2\/media\/5448"}],"wp:attachment":[{"href":"https:\/\/ajupe.com.uy\/web\/wp-json\/wp\/v2\/media?parent=5447"}],"wp:term":[{"taxonomy":"product_brand","embeddable":true,"href":"https:\/\/ajupe.com.uy\/web\/wp-json\/wp\/v2\/product_brand?post=5447"},{"taxonomy":"product_cat","embeddable":true,"href":"https:\/\/ajupe.com.uy\/web\/wp-json\/wp\/v2\/product_cat?post=5447"},{"taxonomy":"product_tag","embeddable":true,"href":"https:\/\/ajupe.com.uy\/web\/wp-json\/wp\/v2\/product_tag?post=5447"}],"curies":[{"name":"wp","href":"https:\/\/api.w.org\/{rel}","templated":true}]}}