{"id":5450,"date":"2011-10-31T18:27:56","date_gmt":"2011-10-31T21:27:56","guid":{"rendered":"http:\/\/ajupe.com.uy\/web\/?post_type=product&#038;p=5450"},"modified":"2011-10-31T20:02:49","modified_gmt":"2011-10-31T23:02:49","slug":"el-hombre-equivocado","status":"publish","type":"product","link":"https:\/\/ajupe.com.uy\/web\/biblioteca\/el-hombre-equivocado\/","title":{"rendered":"El hombre equivocado"},"content":{"rendered":"<p>Ashley Freeman, estudiante de historia del arte en Boston, tiene una relaci\u00f3n de una noche con un desconocido llamado Michael O&#8217;Connell. Al principio prece tratarse simplemente de un admirador insistente, pero poco a poco O&#8217;Connell, un ingenioso hacker, va entrando en la vida no s\u00f3lo de Ashley sino tambi\u00e9n de su padre, un serio profesor universitario, y de su madre, una prestigiosa abogada, demostrando ser un psic\u00f3pata obsesionado por controlar la vida de Ashley. Todo se convierte en una pesadilla. No hay posibilidad de disuadirlo: ni los sobornos ni las amenazas lo detienen. Y cuando el investigador asignado al caso aparece muerto, la familia entera entiende que se enfrenta a algo mucho m\u00e1s serio de lo que han imaginado.<\/p>\n","protected":false},"excerpt":{"rendered":"<p>Ashley Freeman, estudiante de historia del arte en Boston, tiene una relaci\u00f3n de una noche con un desconocido llamado Michael O&#8217;Connell. Al principio prece tratarse simplemente de un admirador insistente, pero poco a poco O&#8217;Connell, un ingenioso hacker, v<\/p>\n","protected":false},"featured_media":5451,"template":"","meta":[],"product_brand":[445],"product_cat":[37],"product_tag":[],"class_list":{"0":"post-5450","1":"product","2":"type-product","3":"status-publish","4":"has-post-thumbnail","6":"product_brand-john-katzenbach","7":"product_cat-ficcion","9":"first","10":"instock","11":"purchasable","12":"product-type-simple"},"featured_image_urls_v2":{"full":["https:\/\/ajupe.com.uy\/web\/wp-content\/uploads\/2016\/05\/p-5450-El_hombre_equivo_4eaee8ac310e8.jpg",254,389,false],"thumbnail":["https:\/\/ajupe.com.uy\/web\/wp-content\/uploads\/2016\/05\/p-5450-El_hombre_equivo_4eaee8ac310e8.jpg",150,150,true],"medium":["https:\/\/ajupe.com.uy\/web\/wp-content\/uploads\/2016\/05\/p-5450-El_hombre_equivo_4eaee8ac310e8.jpg",300,214,true],"medium_large":["https:\/\/ajupe.com.uy\/web\/wp-content\/uploads\/2016\/05\/p-5450-El_hombre_equivo_4eaee8ac310e8.jpg",254,389,false],"large":["https:\/\/ajupe.com.uy\/web\/wp-content\/uploads\/2016\/05\/p-5450-El_hombre_equivo_4eaee8ac310e8.jpg",254,389,false],"1536x1536":["https:\/\/ajupe.com.uy\/web\/wp-content\/uploads\/2016\/05\/p-5450-El_hombre_equivo_4eaee8ac310e8.jpg",254,389,false],"2048x2048":["https:\/\/ajupe.com.uy\/web\/wp-content\/uploads\/2016\/05\/p-5450-El_hombre_equivo_4eaee8ac310e8.jpg",254,389,false],"woocommerce_archive_thumbnail":["https:\/\/ajupe.com.uy\/web\/wp-content\/uploads\/2016\/05\/p-5450-El_hombre_equivo_4eaee8ac310e8-254x300.jpg",254,300,true],"woocommerce_thumbnail":["https:\/\/ajupe.com.uy\/web\/wp-content\/uploads\/2016\/05\/p-5450-El_hombre_equivo_4eaee8ac310e8-254x300.jpg",254,300,true],"woocommerce_single":["https:\/\/ajupe.com.uy\/web\/wp-content\/uploads\/2016\/05\/p-5450-El_hombre_equivo_4eaee8ac310e8.jpg",254,389,false],"woocommerce_gallery_thumbnail":["https:\/\/ajupe.com.uy\/web\/wp-content\/uploads\/2016\/05\/p-5450-El_hombre_equivo_4eaee8ac310e8-100x100.jpg",100,100,true]},"post_excerpt_stackable_v2":"<p>Ashley Freeman, estudiante de historia del arte en Boston, tiene una relaci\u00f3n de una noche con un desconocido llamado Michael O&#8217;Connell. Al principio prece tratarse simplemente de un admirador insistente, pero poco a poco O&#8217;Connell, un ingenioso hacker, v<\/p>\n","category_list_v2":"","author_info_v2":{"name":"","url":""},"comments_num_v2":"0 comentarios","_links":{"self":[{"href":"https:\/\/ajupe.com.uy\/web\/wp-json\/wp\/v2\/product\/5450","targetHints":{"allow":["GET"]}}],"collection":[{"href":"https:\/\/ajupe.com.uy\/web\/wp-json\/wp\/v2\/product"}],"about":[{"href":"https:\/\/ajupe.com.uy\/web\/wp-json\/wp\/v2\/types\/product"}],"wp:featuredmedia":[{"embeddable":true,"href":"https:\/\/ajupe.com.uy\/web\/wp-json\/wp\/v2\/media\/5451"}],"wp:attachment":[{"href":"https:\/\/ajupe.com.uy\/web\/wp-json\/wp\/v2\/media?parent=5450"}],"wp:term":[{"taxonomy":"product_brand","embeddable":true,"href":"https:\/\/ajupe.com.uy\/web\/wp-json\/wp\/v2\/product_brand?post=5450"},{"taxonomy":"product_cat","embeddable":true,"href":"https:\/\/ajupe.com.uy\/web\/wp-json\/wp\/v2\/product_cat?post=5450"},{"taxonomy":"product_tag","embeddable":true,"href":"https:\/\/ajupe.com.uy\/web\/wp-json\/wp\/v2\/product_tag?post=5450"}],"curies":[{"name":"wp","href":"https:\/\/api.w.org\/{rel}","templated":true}]}}