{"id":5453,"date":"2011-10-31T18:30:31","date_gmt":"2011-10-31T21:30:31","guid":{"rendered":"http:\/\/ajupe.com.uy\/web\/?post_type=product&#038;p=5453"},"modified":"2011-10-31T18:30:31","modified_gmt":"2011-10-31T21:30:31","slug":"cronicas-del-900-ii-el-uruguay-en-imagenes-2","status":"publish","type":"product","link":"https:\/\/ajupe.com.uy\/web\/biblioteca\/cronicas-del-900-ii-el-uruguay-en-imagenes-2\/","title":{"rendered":"Cr\u00f3nicas Del 900 (ii) El Uruguay En Im\u00e1genes"},"content":{"rendered":"<p>Cr\u00f3nicas del 900 (II) ofrece una mirada actual a sucesos que fueron conformando diversos aspectos de nuestro ser nacional. Un viaje en el tiempo para comprendernos mejor a trav\u00e9s de las cr\u00f3nicas y el registro fotogr\u00e1fico de periodistas y fot\u00f3grafos de principios del siglo pasado.<br \/>\nConoceremos la historia de leyes y decretos que a\u00fan nos rigen, cr\u00f3nicas sociales, fiestas de gala y hechos policiales de la \u00e9poca, incluyendo el atentado al presidente Jos\u00e9 Batlle y Ord\u00f3\u00f1ez.<br \/>\nTambi\u00e9n, el f\u00fatbol uruguayo y sus enfrentamientos con la Argentin, Emilio Reus y el Gran Hotel Nacional y la vida y las costumbres de las ciudades del interior de nuestro pa\u00eds. Las personalidades que influyeron en esos a\u00f1os, sin olvidar la cr\u00f3nica de la  muerte de Aparicio Saravia, registrada por los corresponsales enviados al frente de combate en 1904. Todo suced\u00eda en ese principio del siglo XX y tambi\u00e9n todo se registraba y se guardaba para la posteridad, para que la memoria no se fuera perdiendo y permaneciera en nosotros.<\/p>\n","protected":false},"excerpt":{"rendered":"<p>Cr\u00f3nicas del 900 (II) ofrece una mirada actual a sucesos que fueron conformando diversos aspectos de nuestro ser nacional. Un viaje en el tiempo para comprendernos mejor a trav\u00e9s de las cr\u00f3nicas y el registro fotogr\u00e1fico de periodistas y fot\u00f3grafos de pri<\/p>\n","protected":false},"featured_media":5454,"template":"","meta":[],"product_brand":[1051],"product_cat":[45],"product_tag":[],"class_list":{"0":"post-5453","1":"product","2":"type-product","3":"status-publish","4":"has-post-thumbnail","6":"product_brand-mercedes-vigil-raul-vallarino","7":"product_cat-uruguayo","9":"first","10":"instock","11":"purchasable","12":"product-type-simple"},"featured_image_urls_v2":{"full":["https:\/\/ajupe.com.uy\/web\/wp-content\/uploads\/2016\/05\/p-5453-Cr__nicas_Del_90_4eaee94750f8d.jpg",166,250,false],"thumbnail":["https:\/\/ajupe.com.uy\/web\/wp-content\/uploads\/2016\/05\/p-5453-Cr__nicas_Del_90_4eaee94750f8d.jpg",150,150,true],"medium":["https:\/\/ajupe.com.uy\/web\/wp-content\/uploads\/2016\/05\/p-5453-Cr__nicas_Del_90_4eaee94750f8d.jpg",300,214,true],"medium_large":["https:\/\/ajupe.com.uy\/web\/wp-content\/uploads\/2016\/05\/p-5453-Cr__nicas_Del_90_4eaee94750f8d.jpg",166,250,false],"large":["https:\/\/ajupe.com.uy\/web\/wp-content\/uploads\/2016\/05\/p-5453-Cr__nicas_Del_90_4eaee94750f8d.jpg",166,250,false],"1536x1536":["https:\/\/ajupe.com.uy\/web\/wp-content\/uploads\/2016\/05\/p-5453-Cr__nicas_Del_90_4eaee94750f8d.jpg",166,250,false],"2048x2048":["https:\/\/ajupe.com.uy\/web\/wp-content\/uploads\/2016\/05\/p-5453-Cr__nicas_Del_90_4eaee94750f8d.jpg",166,250,false],"woocommerce_archive_thumbnail":["https:\/\/ajupe.com.uy\/web\/wp-content\/uploads\/2016\/05\/p-5453-Cr__nicas_Del_90_4eaee94750f8d.jpg",166,250,false],"woocommerce_thumbnail":["https:\/\/ajupe.com.uy\/web\/wp-content\/uploads\/2016\/05\/p-5453-Cr__nicas_Del_90_4eaee94750f8d.jpg",166,250,false],"woocommerce_single":["https:\/\/ajupe.com.uy\/web\/wp-content\/uploads\/2016\/05\/p-5453-Cr__nicas_Del_90_4eaee94750f8d.jpg",166,250,false],"woocommerce_gallery_thumbnail":["https:\/\/ajupe.com.uy\/web\/wp-content\/uploads\/2016\/05\/p-5453-Cr__nicas_Del_90_4eaee94750f8d-100x100.jpg",100,100,true]},"post_excerpt_stackable_v2":"<p>Cr\u00f3nicas del 900 (II) ofrece una mirada actual a sucesos que fueron conformando diversos aspectos de nuestro ser nacional. Un viaje en el tiempo para comprendernos mejor a trav\u00e9s de las cr\u00f3nicas y el registro fotogr\u00e1fico de periodistas y fot\u00f3grafos de pri<\/p>\n","category_list_v2":"","author_info_v2":{"name":"","url":""},"comments_num_v2":"0 comentarios","_links":{"self":[{"href":"https:\/\/ajupe.com.uy\/web\/wp-json\/wp\/v2\/product\/5453","targetHints":{"allow":["GET"]}}],"collection":[{"href":"https:\/\/ajupe.com.uy\/web\/wp-json\/wp\/v2\/product"}],"about":[{"href":"https:\/\/ajupe.com.uy\/web\/wp-json\/wp\/v2\/types\/product"}],"wp:featuredmedia":[{"embeddable":true,"href":"https:\/\/ajupe.com.uy\/web\/wp-json\/wp\/v2\/media\/5454"}],"wp:attachment":[{"href":"https:\/\/ajupe.com.uy\/web\/wp-json\/wp\/v2\/media?parent=5453"}],"wp:term":[{"taxonomy":"product_brand","embeddable":true,"href":"https:\/\/ajupe.com.uy\/web\/wp-json\/wp\/v2\/product_brand?post=5453"},{"taxonomy":"product_cat","embeddable":true,"href":"https:\/\/ajupe.com.uy\/web\/wp-json\/wp\/v2\/product_cat?post=5453"},{"taxonomy":"product_tag","embeddable":true,"href":"https:\/\/ajupe.com.uy\/web\/wp-json\/wp\/v2\/product_tag?post=5453"}],"curies":[{"name":"wp","href":"https:\/\/api.w.org\/{rel}","templated":true}]}}