{"id":5459,"date":"2011-10-31T18:34:32","date_gmt":"2011-10-31T21:34:32","guid":{"rendered":"http:\/\/ajupe.com.uy\/web\/?post_type=product&#038;p=5459"},"modified":"2011-10-31T18:34:32","modified_gmt":"2011-10-31T21:34:32","slug":"el-palacio-de-la-medianoche","status":"publish","type":"product","link":"https:\/\/ajupe.com.uy\/web\/biblioteca\/el-palacio-de-la-medianoche\/","title":{"rendered":"El Palacio de la Medianoche"},"content":{"rendered":"<p>Ben y Sheere son dos hermanos gemelos cuyas vidas tomaron caminos distintos tras su nacimiento:  ella ha seguido una vida errante junto a su abuela, Aryami Bos\u00e9, y \u00e9l ha pasado su infancia en un orfanato. Ambos se reencuentran cuando est\u00e1n a punto de cumplir los diecis\u00e9is a\u00f1os: juntos tienen que evitar caer en manos de Jawahal, un diab\u00f3lico espectro. Para ello los j\u00f3venes contar\u00e1n con la ayuda de la ChowbarSociety, entidad formada por Ben y otros seis hu\u00e9rfanos que se re\u00fanen en el Palacio de la Medianoche y que se han prometido ayuda y protecci\u00f3n en toda circunstancia. Por la Calcuta de 1932 discurren unas pesquisas que les llevar\u00e1n a transitar por los laberintos de viejas historias familiares y que les conducir\u00e1n hasta las ruinas de la vieja estaci\u00f3n de Jheeter&#8217;sGate, en donde deber\u00e1n rendir cuentas con el pasado.<\/p>\n","protected":false},"excerpt":{"rendered":"<p>Ben y Sheere son dos hermanos gemelos cuyas vidas tomaron caminos distintos tras su nacimiento:  ella ha seguido una vida errante junto a su abuela, Aryami Bos\u00e9, y \u00e9l ha pasado su infancia en un orfanato. Ambos se reencuentran cuando est\u00e1n a punto de cump<\/p>\n","protected":false},"featured_media":5460,"template":"","meta":[],"product_brand":[467],"product_cat":[29],"product_tag":[],"class_list":{"0":"post-5459","1":"product","2":"type-product","3":"status-publish","4":"has-post-thumbnail","6":"product_brand-carlos-ruiz-zafon","7":"product_cat-novela","9":"first","10":"instock","11":"purchasable","12":"product-type-simple"},"featured_image_urls_v2":{"full":["https:\/\/ajupe.com.uy\/web\/wp-content\/uploads\/2016\/04\/p-5459-El_Palacio_de_la_4eaeea380d957.jpg",251,380,false],"thumbnail":["https:\/\/ajupe.com.uy\/web\/wp-content\/uploads\/2016\/04\/p-5459-El_Palacio_de_la_4eaeea380d957.jpg",150,150,true],"medium":["https:\/\/ajupe.com.uy\/web\/wp-content\/uploads\/2016\/04\/p-5459-El_Palacio_de_la_4eaeea380d957.jpg",300,214,true],"medium_large":["https:\/\/ajupe.com.uy\/web\/wp-content\/uploads\/2016\/04\/p-5459-El_Palacio_de_la_4eaeea380d957.jpg",251,380,false],"large":["https:\/\/ajupe.com.uy\/web\/wp-content\/uploads\/2016\/04\/p-5459-El_Palacio_de_la_4eaeea380d957.jpg",251,380,false],"1536x1536":["https:\/\/ajupe.com.uy\/web\/wp-content\/uploads\/2016\/04\/p-5459-El_Palacio_de_la_4eaeea380d957.jpg",251,380,false],"2048x2048":["https:\/\/ajupe.com.uy\/web\/wp-content\/uploads\/2016\/04\/p-5459-El_Palacio_de_la_4eaeea380d957.jpg",251,380,false],"woocommerce_archive_thumbnail":["https:\/\/ajupe.com.uy\/web\/wp-content\/uploads\/2016\/04\/p-5459-El_Palacio_de_la_4eaeea380d957-251x300.jpg",251,300,true],"woocommerce_thumbnail":["https:\/\/ajupe.com.uy\/web\/wp-content\/uploads\/2016\/04\/p-5459-El_Palacio_de_la_4eaeea380d957-251x300.jpg",251,300,true],"woocommerce_single":["https:\/\/ajupe.com.uy\/web\/wp-content\/uploads\/2016\/04\/p-5459-El_Palacio_de_la_4eaeea380d957.jpg",251,380,false],"woocommerce_gallery_thumbnail":["https:\/\/ajupe.com.uy\/web\/wp-content\/uploads\/2016\/04\/p-5459-El_Palacio_de_la_4eaeea380d957-100x100.jpg",100,100,true]},"post_excerpt_stackable_v2":"<p>Ben y Sheere son dos hermanos gemelos cuyas vidas tomaron caminos distintos tras su nacimiento:  ella ha seguido una vida errante junto a su abuela, Aryami Bos\u00e9, y \u00e9l ha pasado su infancia en un orfanato. Ambos se reencuentran cuando est\u00e1n a punto de cump<\/p>\n","category_list_v2":"","author_info_v2":{"name":"","url":""},"comments_num_v2":"0 comentarios","_links":{"self":[{"href":"https:\/\/ajupe.com.uy\/web\/wp-json\/wp\/v2\/product\/5459","targetHints":{"allow":["GET"]}}],"collection":[{"href":"https:\/\/ajupe.com.uy\/web\/wp-json\/wp\/v2\/product"}],"about":[{"href":"https:\/\/ajupe.com.uy\/web\/wp-json\/wp\/v2\/types\/product"}],"wp:featuredmedia":[{"embeddable":true,"href":"https:\/\/ajupe.com.uy\/web\/wp-json\/wp\/v2\/media\/5460"}],"wp:attachment":[{"href":"https:\/\/ajupe.com.uy\/web\/wp-json\/wp\/v2\/media?parent=5459"}],"wp:term":[{"taxonomy":"product_brand","embeddable":true,"href":"https:\/\/ajupe.com.uy\/web\/wp-json\/wp\/v2\/product_brand?post=5459"},{"taxonomy":"product_cat","embeddable":true,"href":"https:\/\/ajupe.com.uy\/web\/wp-json\/wp\/v2\/product_cat?post=5459"},{"taxonomy":"product_tag","embeddable":true,"href":"https:\/\/ajupe.com.uy\/web\/wp-json\/wp\/v2\/product_tag?post=5459"}],"curies":[{"name":"wp","href":"https:\/\/api.w.org\/{rel}","templated":true}]}}