{"id":5474,"date":"2011-10-31T18:42:11","date_gmt":"2011-10-31T21:42:11","guid":{"rendered":"http:\/\/ajupe.com.uy\/web\/?post_type=product&#038;p=5474"},"modified":"2011-10-31T18:42:11","modified_gmt":"2011-10-31T21:42:11","slug":"el-zahir","status":"publish","type":"product","link":"https:\/\/ajupe.com.uy\/web\/biblioteca\/el-zahir\/","title":{"rendered":"El Zahir"},"content":{"rendered":"<p>Cuando la ausencia se convierte en obsesi\u00f3n. Un reconocido escritor de  fama mundial descubre un d\u00eda que su mujer, corresponsal de guerra, ha  desaparecido sin dejar rastro. \u00bfHa sido secuestrada, v\u00edctima de un  atentado o simplemente se sent\u00eda insatisfecha con su matrimonio? Cuando  su ausencia se convierte en una obsesi\u00f3n, el narrador se propone  encontrar las respuestas a todas las preguntas que se le han planteado, e  inicia el camino hacia un destino desconocido.<\/p>\n","protected":false},"excerpt":{"rendered":"<p>Cuando la ausencia se convierte en obsesi\u00f3n. Un reconocido escritor de fama mundial descubre un d\u00eda que su mujer, corresponsal de guerra, ha desaparecido sin dejar rastro. \u00bfHa sido secuestrada, v\u00edctima de un atentado o simplemente se sent\u00eda insatisfecha con su matrimonio? Cuando su ausencia se convierte en una obsesi\u00f3n, el narrador se propone encontrar [&hellip;]<\/p>\n","protected":false},"featured_media":5475,"template":"","meta":[],"product_brand":[110],"product_cat":[29],"product_tag":[],"class_list":{"0":"post-5474","1":"product","2":"type-product","3":"status-publish","4":"has-post-thumbnail","6":"product_brand-paulo-coelho","7":"product_cat-novela","9":"first","10":"instock","11":"purchasable","12":"product-type-simple"},"featured_image_urls_v2":{"full":["https:\/\/ajupe.com.uy\/web\/wp-content\/uploads\/2016\/04\/p-5474-El_Zahir_4eaeec033f503.gif",100,150,false],"thumbnail":["https:\/\/ajupe.com.uy\/web\/wp-content\/uploads\/2016\/04\/p-5474-El_Zahir_4eaeec033f503.gif",150,150,true],"medium":["https:\/\/ajupe.com.uy\/web\/wp-content\/uploads\/2016\/04\/p-5474-El_Zahir_4eaeec033f503.gif",300,214,true],"medium_large":["https:\/\/ajupe.com.uy\/web\/wp-content\/uploads\/2016\/04\/p-5474-El_Zahir_4eaeec033f503.gif",100,150,false],"large":["https:\/\/ajupe.com.uy\/web\/wp-content\/uploads\/2016\/04\/p-5474-El_Zahir_4eaeec033f503.gif",100,150,false],"1536x1536":["https:\/\/ajupe.com.uy\/web\/wp-content\/uploads\/2016\/04\/p-5474-El_Zahir_4eaeec033f503.gif",100,150,false],"2048x2048":["https:\/\/ajupe.com.uy\/web\/wp-content\/uploads\/2016\/04\/p-5474-El_Zahir_4eaeec033f503.gif",100,150,false],"woocommerce_archive_thumbnail":["https:\/\/ajupe.com.uy\/web\/wp-content\/uploads\/2016\/04\/p-5474-El_Zahir_4eaeec033f503.gif",100,150,false],"woocommerce_thumbnail":["https:\/\/ajupe.com.uy\/web\/wp-content\/uploads\/2016\/04\/p-5474-El_Zahir_4eaeec033f503.gif",100,150,false],"woocommerce_single":["https:\/\/ajupe.com.uy\/web\/wp-content\/uploads\/2016\/04\/p-5474-El_Zahir_4eaeec033f503.gif",100,150,false],"woocommerce_gallery_thumbnail":["https:\/\/ajupe.com.uy\/web\/wp-content\/uploads\/2016\/04\/p-5474-El_Zahir_4eaeec033f503-100x100.gif",100,100,true]},"post_excerpt_stackable_v2":"<p>Cuando la ausencia se convierte en obsesi\u00f3n. Un reconocido escritor de fama mundial descubre un d\u00eda que su mujer, corresponsal de guerra, ha desaparecido sin dejar rastro. \u00bfHa sido secuestrada, v\u00edctima de un atentado o simplemente se sent\u00eda insatisfecha con su matrimonio? Cuando su ausencia se convierte en una obsesi\u00f3n, el narrador se propone encontrar las respuestas a todas las preguntas que se le han planteado, e inicia el camino hacia un destino desconocido.<\/p>\n","category_list_v2":"","author_info_v2":{"name":"","url":""},"comments_num_v2":"0 comentarios","_links":{"self":[{"href":"https:\/\/ajupe.com.uy\/web\/wp-json\/wp\/v2\/product\/5474","targetHints":{"allow":["GET"]}}],"collection":[{"href":"https:\/\/ajupe.com.uy\/web\/wp-json\/wp\/v2\/product"}],"about":[{"href":"https:\/\/ajupe.com.uy\/web\/wp-json\/wp\/v2\/types\/product"}],"wp:featuredmedia":[{"embeddable":true,"href":"https:\/\/ajupe.com.uy\/web\/wp-json\/wp\/v2\/media\/5475"}],"wp:attachment":[{"href":"https:\/\/ajupe.com.uy\/web\/wp-json\/wp\/v2\/media?parent=5474"}],"wp:term":[{"taxonomy":"product_brand","embeddable":true,"href":"https:\/\/ajupe.com.uy\/web\/wp-json\/wp\/v2\/product_brand?post=5474"},{"taxonomy":"product_cat","embeddable":true,"href":"https:\/\/ajupe.com.uy\/web\/wp-json\/wp\/v2\/product_cat?post=5474"},{"taxonomy":"product_tag","embeddable":true,"href":"https:\/\/ajupe.com.uy\/web\/wp-json\/wp\/v2\/product_tag?post=5474"}],"curies":[{"name":"wp","href":"https:\/\/api.w.org\/{rel}","templated":true}]}}