{"id":5477,"date":"2011-10-31T18:43:17","date_gmt":"2011-10-31T21:43:17","guid":{"rendered":"http:\/\/ajupe.com.uy\/web\/?post_type=product&#038;p=5477"},"modified":"2011-10-31T18:43:17","modified_gmt":"2011-10-31T21:43:17","slug":"el-astillero","status":"publish","type":"product","link":"https:\/\/ajupe.com.uy\/web\/biblioteca\/el-astillero\/","title":{"rendered":"El Astillero"},"content":{"rendered":"<p>Regresar a la alucinada ciudad de Santa Mar\u00eda, emplearse en el astillero de Petrus y enamorar a la hija de \u00e9ste es para Larsen la \u00faltima oportunidad de encontrar un sentido. Sin embargo, muy pronto dicha tentativa se convierte en una rigurosa farsa: no hay nada que hacer en un astillero paralizado y en ruinas, ni es posible amar voluntariamente. A pesar de que la vida lo excluye, Larsen contin\u00faa impert\u00e9rrito en su papel, como si no quisiera mirar a la cara a un mundo en v\u00edas de extinci\u00f3n, o tal vez porque fingir es la \u00fanica salida posible contra la locura.<br \/>\n\u00abEn El astillero Onetti se acerca a un equilibrio casi perfecto, a una econom\u00eda art\u00edstica que resulta algo milagrosa.\u00bb Mario Benedetti<\/p>\n","protected":false},"excerpt":{"rendered":"<p>Regresar a la alucinada ciudad de Santa Mar\u00eda, emplearse en el astillero de Petrus y enamorar a la hija de \u00e9ste es para Larsen la \u00faltima oportunidad de encontrar un sentido. Sin embargo, muy pronto dicha tentativa se convierte en una rigurosa farsa: no ha<\/p>\n","protected":false},"featured_media":5478,"template":"","meta":[],"product_brand":[1056],"product_cat":[33],"product_tag":[],"class_list":{"0":"post-5477","1":"product","2":"type-product","3":"status-publish","4":"has-post-thumbnail","6":"product_brand-juan-carlos-onetti","7":"product_cat-cuentos","9":"first","10":"instock","11":"purchasable","12":"product-type-simple"},"featured_image_urls_v2":{"full":["https:\/\/ajupe.com.uy\/web\/wp-content\/uploads\/2016\/04\/p-5477-El_Astillero_4eaeec4502902.jpg",215,326,false],"thumbnail":["https:\/\/ajupe.com.uy\/web\/wp-content\/uploads\/2016\/04\/p-5477-El_Astillero_4eaeec4502902.jpg",150,150,true],"medium":["https:\/\/ajupe.com.uy\/web\/wp-content\/uploads\/2016\/04\/p-5477-El_Astillero_4eaeec4502902.jpg",300,214,true],"medium_large":["https:\/\/ajupe.com.uy\/web\/wp-content\/uploads\/2016\/04\/p-5477-El_Astillero_4eaeec4502902.jpg",215,326,false],"large":["https:\/\/ajupe.com.uy\/web\/wp-content\/uploads\/2016\/04\/p-5477-El_Astillero_4eaeec4502902.jpg",215,326,false],"1536x1536":["https:\/\/ajupe.com.uy\/web\/wp-content\/uploads\/2016\/04\/p-5477-El_Astillero_4eaeec4502902.jpg",215,326,false],"2048x2048":["https:\/\/ajupe.com.uy\/web\/wp-content\/uploads\/2016\/04\/p-5477-El_Astillero_4eaeec4502902.jpg",215,326,false],"woocommerce_archive_thumbnail":["https:\/\/ajupe.com.uy\/web\/wp-content\/uploads\/2016\/04\/p-5477-El_Astillero_4eaeec4502902-215x300.jpg",215,300,true],"woocommerce_thumbnail":["https:\/\/ajupe.com.uy\/web\/wp-content\/uploads\/2016\/04\/p-5477-El_Astillero_4eaeec4502902-215x300.jpg",215,300,true],"woocommerce_single":["https:\/\/ajupe.com.uy\/web\/wp-content\/uploads\/2016\/04\/p-5477-El_Astillero_4eaeec4502902.jpg",215,326,false],"woocommerce_gallery_thumbnail":["https:\/\/ajupe.com.uy\/web\/wp-content\/uploads\/2016\/04\/p-5477-El_Astillero_4eaeec4502902-100x100.jpg",100,100,true]},"post_excerpt_stackable_v2":"<p>Regresar a la alucinada ciudad de Santa Mar\u00eda, emplearse en el astillero de Petrus y enamorar a la hija de \u00e9ste es para Larsen la \u00faltima oportunidad de encontrar un sentido. Sin embargo, muy pronto dicha tentativa se convierte en una rigurosa farsa: no ha<\/p>\n","category_list_v2":"","author_info_v2":{"name":"","url":""},"comments_num_v2":"0 comentarios","_links":{"self":[{"href":"https:\/\/ajupe.com.uy\/web\/wp-json\/wp\/v2\/product\/5477","targetHints":{"allow":["GET"]}}],"collection":[{"href":"https:\/\/ajupe.com.uy\/web\/wp-json\/wp\/v2\/product"}],"about":[{"href":"https:\/\/ajupe.com.uy\/web\/wp-json\/wp\/v2\/types\/product"}],"wp:featuredmedia":[{"embeddable":true,"href":"https:\/\/ajupe.com.uy\/web\/wp-json\/wp\/v2\/media\/5478"}],"wp:attachment":[{"href":"https:\/\/ajupe.com.uy\/web\/wp-json\/wp\/v2\/media?parent=5477"}],"wp:term":[{"taxonomy":"product_brand","embeddable":true,"href":"https:\/\/ajupe.com.uy\/web\/wp-json\/wp\/v2\/product_brand?post=5477"},{"taxonomy":"product_cat","embeddable":true,"href":"https:\/\/ajupe.com.uy\/web\/wp-json\/wp\/v2\/product_cat?post=5477"},{"taxonomy":"product_tag","embeddable":true,"href":"https:\/\/ajupe.com.uy\/web\/wp-json\/wp\/v2\/product_tag?post=5477"}],"curies":[{"name":"wp","href":"https:\/\/api.w.org\/{rel}","templated":true}]}}