{"id":5504,"date":"2011-11-01T18:42:27","date_gmt":"2011-11-01T21:42:27","guid":{"rendered":"http:\/\/ajupe.com.uy\/web\/?post_type=product&#038;p=5504"},"modified":"2011-11-01T18:42:27","modified_gmt":"2011-11-01T21:42:27","slug":"los-pilates-de-la-tierra","status":"publish","type":"product","link":"https:\/\/ajupe.com.uy\/web\/biblioteca\/los-pilates-de-la-tierra\/","title":{"rendered":"Los Pilates de la Tierra"},"content":{"rendered":"<p>El gran maestro de la narrativa de acci\u00f3n y suspenso nos transporta a la Edad Media, a un fascinante mundo de reyes, damas, caballeros, pugnas feudales, castillos y ciudades amuralladas. El amor y la muerte se entrecruzan vibrantemente en este magistral tapiz cuyo centro es la construcci\u00f3n de una catedral g\u00f3tica. La historia se inicia con el ahorcamiento p\u00fablico de un inocente y finaliza con la humillaci\u00f3n de un rey. Los pilares de la tierra es la obra maestra de Ken Follett y constituye una excepcional evocaci\u00f3n de una \u00e9poca de violentas pasiones<\/p>\n","protected":false},"excerpt":{"rendered":"<p>El gran maestro de la narrativa de acci\u00f3n y suspenso nos transporta a la Edad Media, a un fascinante mundo de reyes, damas, caballeros, pugnas feudales, castillos y ciudades amuralladas. El amor y la muerte se entrecruzan vibrantemente en este magistral tapiz cuyo centro es la construcci\u00f3n de una catedral g\u00f3tica. La historia se inicia [&hellip;]<\/p>\n","protected":false},"featured_media":5505,"template":"","meta":[],"product_brand":[56],"product_cat":[42,29,30],"product_tag":[],"class_list":{"0":"post-5504","1":"product","2":"type-product","3":"status-publish","4":"has-post-thumbnail","6":"product_brand-ken-follett","7":"product_cat-aventura","8":"product_cat-novela","9":"product_cat-suspenso","11":"first","12":"instock","13":"purchasable","14":"product-type-simple"},"featured_image_urls_v2":{"full":["https:\/\/ajupe.com.uy\/web\/wp-content\/uploads\/2016\/04\/p-5504-Los_Pilates_de_l_4eb03d93e12be.jpg",768,1181,false],"thumbnail":["https:\/\/ajupe.com.uy\/web\/wp-content\/uploads\/2016\/04\/p-5504-Los_Pilates_de_l_4eb03d93e12be.jpg",150,150,true],"medium":["https:\/\/ajupe.com.uy\/web\/wp-content\/uploads\/2016\/04\/p-5504-Los_Pilates_de_l_4eb03d93e12be.jpg",300,214,true],"medium_large":["https:\/\/ajupe.com.uy\/web\/wp-content\/uploads\/2016\/04\/p-5504-Los_Pilates_de_l_4eb03d93e12be.jpg",768,1181,false],"large":["https:\/\/ajupe.com.uy\/web\/wp-content\/uploads\/2016\/04\/p-5504-Los_Pilates_de_l_4eb03d93e12be.jpg",666,1024,false],"1536x1536":["https:\/\/ajupe.com.uy\/web\/wp-content\/uploads\/2016\/04\/p-5504-Los_Pilates_de_l_4eb03d93e12be.jpg",768,1181,false],"2048x2048":["https:\/\/ajupe.com.uy\/web\/wp-content\/uploads\/2016\/04\/p-5504-Los_Pilates_de_l_4eb03d93e12be.jpg",768,1181,false],"woocommerce_archive_thumbnail":["https:\/\/ajupe.com.uy\/web\/wp-content\/uploads\/2016\/04\/p-5504-Los_Pilates_de_l_4eb03d93e12be-300x450.jpg",300,450,true],"woocommerce_thumbnail":["https:\/\/ajupe.com.uy\/web\/wp-content\/uploads\/2016\/04\/p-5504-Los_Pilates_de_l_4eb03d93e12be-300x300.jpg",300,300,true],"woocommerce_single":["https:\/\/ajupe.com.uy\/web\/wp-content\/uploads\/2016\/04\/p-5504-Los_Pilates_de_l_4eb03d93e12be-300x461.jpg",300,461,true],"woocommerce_gallery_thumbnail":["https:\/\/ajupe.com.uy\/web\/wp-content\/uploads\/2016\/04\/p-5504-Los_Pilates_de_l_4eb03d93e12be-100x100.jpg",100,100,true]},"post_excerpt_stackable_v2":"<p>El gran maestro de la narrativa de acci\u00f3n y suspenso nos transporta a la Edad Media, a un fascinante mundo de reyes, damas, caballeros, pugnas feudales, castillos y ciudades amuralladas. El amor y la muerte se entrecruzan vibrantemente en este magistral tapiz cuyo centro es la construcci\u00f3n de una catedral g\u00f3tica. La historia se inicia con el ahorcamiento p\u00fablico de un inocente y finaliza con la humillaci\u00f3n de un rey. Los pilares de la tierra es la obra maestra de Ken Follett y constituye una excepcional evocaci\u00f3n de una \u00e9poca de violentas pasiones<\/p>\n","category_list_v2":"","author_info_v2":{"name":"","url":""},"comments_num_v2":"0 comentarios","_links":{"self":[{"href":"https:\/\/ajupe.com.uy\/web\/wp-json\/wp\/v2\/product\/5504","targetHints":{"allow":["GET"]}}],"collection":[{"href":"https:\/\/ajupe.com.uy\/web\/wp-json\/wp\/v2\/product"}],"about":[{"href":"https:\/\/ajupe.com.uy\/web\/wp-json\/wp\/v2\/types\/product"}],"wp:featuredmedia":[{"embeddable":true,"href":"https:\/\/ajupe.com.uy\/web\/wp-json\/wp\/v2\/media\/5505"}],"wp:attachment":[{"href":"https:\/\/ajupe.com.uy\/web\/wp-json\/wp\/v2\/media?parent=5504"}],"wp:term":[{"taxonomy":"product_brand","embeddable":true,"href":"https:\/\/ajupe.com.uy\/web\/wp-json\/wp\/v2\/product_brand?post=5504"},{"taxonomy":"product_cat","embeddable":true,"href":"https:\/\/ajupe.com.uy\/web\/wp-json\/wp\/v2\/product_cat?post=5504"},{"taxonomy":"product_tag","embeddable":true,"href":"https:\/\/ajupe.com.uy\/web\/wp-json\/wp\/v2\/product_tag?post=5504"}],"curies":[{"name":"wp","href":"https:\/\/api.w.org\/{rel}","templated":true}]}}