{"id":5513,"date":"2011-11-01T19:09:57","date_gmt":"2011-11-01T22:09:57","guid":{"rendered":"http:\/\/ajupe.com.uy\/web\/?post_type=product&#038;p=5513"},"modified":"2012-02-07T20:16:50","modified_gmt":"2012-02-07T23:16:50","slug":"pisando-los-talones","status":"publish","type":"product","link":"https:\/\/ajupe.com.uy\/web\/biblioteca\/pisando-los-talones\/","title":{"rendered":"Pisando los talones"},"content":{"rendered":"<p>El inspector Wallander regresa de sus vacaciones de verano y, ya  metido en la rutina, empieza a acusar un extra\u00f1o agotamiento que est\u00e1 a  punto de costarle la vida en un extra\u00f1o accidente de tr\u00e1fico. Cuando  acude al m\u00e9dico, se lleva un buen susto al saber el diagn\u00f3stico. Para  colmo, Svedverg, uno de sus colegas, no aparece a su vuelta de las  vacaciones, y una madre presiona a los agentes para que la busquen a su  hija ; hace ya m\u00e1s de un mes, la joven se march\u00f3 de viaje con unos  amigos de manera imprevista, y todo indica que\u00a0 las postales que han  enviado son falsas. Svedberg, que sigue sin dar se\u00f1ales de vida, \u00bfno  estaba investigando esas desapariciones? Wallander no puede imaginar las  inc\u00f3gnitas que le presentar\u00e1 este caso&#8230; ni los sangrientos cr\u00edmenes  que deber\u00e1 resolver, como le pide el fiscal.<\/p>\n","protected":false},"excerpt":{"rendered":"<p>Uno de los casos m\u00e1s complejos y llenos de suspense de la c\u00e9lebre serie policiaca protagonizda por el inspector Kurt Wallander.<\/p>\n","protected":false},"featured_media":5514,"template":"","meta":[],"product_brand":[996],"product_cat":[29],"product_tag":[],"class_list":{"0":"post-5513","1":"product","2":"type-product","3":"status-publish","4":"has-post-thumbnail","6":"product_brand-henning-mankell","7":"product_cat-novela","9":"first","10":"instock","11":"purchasable","12":"product-type-simple"},"featured_image_urls_v2":{"full":["https:\/\/ajupe.com.uy\/web\/wp-content\/uploads\/2016\/04\/p-5513-Pisando_los_talo_4f3186b23b6ab.jpg",182,279,false],"thumbnail":["https:\/\/ajupe.com.uy\/web\/wp-content\/uploads\/2016\/04\/p-5513-Pisando_los_talo_4f3186b23b6ab.jpg",150,150,true],"medium":["https:\/\/ajupe.com.uy\/web\/wp-content\/uploads\/2016\/04\/p-5513-Pisando_los_talo_4f3186b23b6ab.jpg",300,214,true],"medium_large":["https:\/\/ajupe.com.uy\/web\/wp-content\/uploads\/2016\/04\/p-5513-Pisando_los_talo_4f3186b23b6ab.jpg",182,279,false],"large":["https:\/\/ajupe.com.uy\/web\/wp-content\/uploads\/2016\/04\/p-5513-Pisando_los_talo_4f3186b23b6ab.jpg",182,279,false],"1536x1536":["https:\/\/ajupe.com.uy\/web\/wp-content\/uploads\/2016\/04\/p-5513-Pisando_los_talo_4f3186b23b6ab.jpg",182,279,false],"2048x2048":["https:\/\/ajupe.com.uy\/web\/wp-content\/uploads\/2016\/04\/p-5513-Pisando_los_talo_4f3186b23b6ab.jpg",182,279,false],"woocommerce_archive_thumbnail":["https:\/\/ajupe.com.uy\/web\/wp-content\/uploads\/2016\/04\/p-5513-Pisando_los_talo_4f3186b23b6ab.jpg",182,279,false],"woocommerce_thumbnail":["https:\/\/ajupe.com.uy\/web\/wp-content\/uploads\/2016\/04\/p-5513-Pisando_los_talo_4f3186b23b6ab.jpg",182,279,false],"woocommerce_single":["https:\/\/ajupe.com.uy\/web\/wp-content\/uploads\/2016\/04\/p-5513-Pisando_los_talo_4f3186b23b6ab.jpg",182,279,false],"woocommerce_gallery_thumbnail":["https:\/\/ajupe.com.uy\/web\/wp-content\/uploads\/2016\/04\/p-5513-Pisando_los_talo_4f3186b23b6ab-100x100.jpg",100,100,true]},"post_excerpt_stackable_v2":"<p>Uno de los casos m\u00e1s complejos y llenos de suspense de la c\u00e9lebre serie policiaca protagonizda por el inspector Kurt Wallander.<\/p>\n","category_list_v2":"","author_info_v2":{"name":"","url":""},"comments_num_v2":"0 comentarios","_links":{"self":[{"href":"https:\/\/ajupe.com.uy\/web\/wp-json\/wp\/v2\/product\/5513","targetHints":{"allow":["GET"]}}],"collection":[{"href":"https:\/\/ajupe.com.uy\/web\/wp-json\/wp\/v2\/product"}],"about":[{"href":"https:\/\/ajupe.com.uy\/web\/wp-json\/wp\/v2\/types\/product"}],"wp:featuredmedia":[{"embeddable":true,"href":"https:\/\/ajupe.com.uy\/web\/wp-json\/wp\/v2\/media\/5514"}],"wp:attachment":[{"href":"https:\/\/ajupe.com.uy\/web\/wp-json\/wp\/v2\/media?parent=5513"}],"wp:term":[{"taxonomy":"product_brand","embeddable":true,"href":"https:\/\/ajupe.com.uy\/web\/wp-json\/wp\/v2\/product_brand?post=5513"},{"taxonomy":"product_cat","embeddable":true,"href":"https:\/\/ajupe.com.uy\/web\/wp-json\/wp\/v2\/product_cat?post=5513"},{"taxonomy":"product_tag","embeddable":true,"href":"https:\/\/ajupe.com.uy\/web\/wp-json\/wp\/v2\/product_tag?post=5513"}],"curies":[{"name":"wp","href":"https:\/\/api.w.org\/{rel}","templated":true}]}}