{"id":5522,"date":"2011-11-23T19:03:42","date_gmt":"2011-11-23T22:03:42","guid":{"rendered":"http:\/\/ajupe.com.uy\/web\/?post_type=product&#038;p=5522"},"modified":"2012-02-07T20:34:54","modified_gmt":"2012-02-07T23:34:54","slug":"el-camino-de-steve-jobs","status":"publish","type":"product","link":"https:\/\/ajupe.com.uy\/web\/biblioteca\/el-camino-de-steve-jobs\/","title":{"rendered":"El camino de Steve Jobs"},"content":{"rendered":"<p><em>El camino de Steve Jobs<\/em> presenta las experiencias, los  logros y los retos del hombre que transform\u00f3 el mundo de las  comunicaciones, y ofrece al lector la oportunidad de aplicar esta gran  experiencia en su vida personal y profesional.<\/p>\n<p>Complementado con entrevistas exclusivas a las figuras m\u00e1s  prominentes de la historia de Apple Computer, este libro brinda una  imagen \u00edntima e in\u00e9dita del Steve Jobs que jam\u00e1s se ver\u00e1 en los medios  ni sobre un escenario. El libro explora los principios empresariales del  genio detr\u00e1s de Apple, sus acciones en el dise\u00f1o de producto y el  desarrollo de marcas, los enfrentamientos en las salas de juntas y su  mundo fuera de Silicon Valley. Los lectores conocer\u00e1n al verdadero Steve  jobs, al ni\u00f1o prodigio que cambi\u00f3 para siempre la forma en que  trabajamos, jugamos, consumimos y nos comunicamos. Todo a trav\u00e9s de la  mirada de alguien que trabaj\u00f3 a su lado durante muchos a\u00f1os.<\/p>\n","protected":false},"excerpt":{"rendered":"<p>El camino de Steve Jobs presenta las experiencias, los logros y los retos del hombre que transform\u00f3 el mundo de las comunicaciones, y ofrece al lector la oportunidad de aplicar esta gran experiencia en su vida personal y profesional.<\/p>\n","protected":false},"featured_media":5523,"template":"","meta":[],"product_brand":[1106],"product_cat":[44],"product_tag":[],"class_list":{"0":"post-5522","1":"product","2":"type-product","3":"status-publish","4":"has-post-thumbnail","6":"product_brand-jay-elliot","7":"product_cat-biografico","9":"first","10":"instock","11":"purchasable","12":"product-type-simple"},"featured_image_urls_v2":{"full":["https:\/\/ajupe.com.uy\/web\/wp-content\/uploads\/2016\/04\/p-5522-El_camino_de_Ste_4f318aeebfe17.jpg",220,352,false],"thumbnail":["https:\/\/ajupe.com.uy\/web\/wp-content\/uploads\/2016\/04\/p-5522-El_camino_de_Ste_4f318aeebfe17.jpg",150,150,true],"medium":["https:\/\/ajupe.com.uy\/web\/wp-content\/uploads\/2016\/04\/p-5522-El_camino_de_Ste_4f318aeebfe17.jpg",300,214,true],"medium_large":["https:\/\/ajupe.com.uy\/web\/wp-content\/uploads\/2016\/04\/p-5522-El_camino_de_Ste_4f318aeebfe17.jpg",220,352,false],"large":["https:\/\/ajupe.com.uy\/web\/wp-content\/uploads\/2016\/04\/p-5522-El_camino_de_Ste_4f318aeebfe17.jpg",220,352,false],"1536x1536":["https:\/\/ajupe.com.uy\/web\/wp-content\/uploads\/2016\/04\/p-5522-El_camino_de_Ste_4f318aeebfe17.jpg",220,352,false],"2048x2048":["https:\/\/ajupe.com.uy\/web\/wp-content\/uploads\/2016\/04\/p-5522-El_camino_de_Ste_4f318aeebfe17.jpg",220,352,false],"woocommerce_archive_thumbnail":["https:\/\/ajupe.com.uy\/web\/wp-content\/uploads\/2016\/04\/p-5522-El_camino_de_Ste_4f318aeebfe17-220x300.jpg",220,300,true],"woocommerce_thumbnail":["https:\/\/ajupe.com.uy\/web\/wp-content\/uploads\/2016\/04\/p-5522-El_camino_de_Ste_4f318aeebfe17-220x300.jpg",220,300,true],"woocommerce_single":["https:\/\/ajupe.com.uy\/web\/wp-content\/uploads\/2016\/04\/p-5522-El_camino_de_Ste_4f318aeebfe17.jpg",220,352,false],"woocommerce_gallery_thumbnail":["https:\/\/ajupe.com.uy\/web\/wp-content\/uploads\/2016\/04\/p-5522-El_camino_de_Ste_4f318aeebfe17-100x100.jpg",100,100,true]},"post_excerpt_stackable_v2":"<p>El camino de Steve Jobs presenta las experiencias, los logros y los retos del hombre que transform\u00f3 el mundo de las comunicaciones, y ofrece al lector la oportunidad de aplicar esta gran experiencia en su vida personal y profesional.<\/p>\n","category_list_v2":"","author_info_v2":{"name":"","url":""},"comments_num_v2":"0 comentarios","_links":{"self":[{"href":"https:\/\/ajupe.com.uy\/web\/wp-json\/wp\/v2\/product\/5522","targetHints":{"allow":["GET"]}}],"collection":[{"href":"https:\/\/ajupe.com.uy\/web\/wp-json\/wp\/v2\/product"}],"about":[{"href":"https:\/\/ajupe.com.uy\/web\/wp-json\/wp\/v2\/types\/product"}],"wp:featuredmedia":[{"embeddable":true,"href":"https:\/\/ajupe.com.uy\/web\/wp-json\/wp\/v2\/media\/5523"}],"wp:attachment":[{"href":"https:\/\/ajupe.com.uy\/web\/wp-json\/wp\/v2\/media?parent=5522"}],"wp:term":[{"taxonomy":"product_brand","embeddable":true,"href":"https:\/\/ajupe.com.uy\/web\/wp-json\/wp\/v2\/product_brand?post=5522"},{"taxonomy":"product_cat","embeddable":true,"href":"https:\/\/ajupe.com.uy\/web\/wp-json\/wp\/v2\/product_cat?post=5522"},{"taxonomy":"product_tag","embeddable":true,"href":"https:\/\/ajupe.com.uy\/web\/wp-json\/wp\/v2\/product_tag?post=5522"}],"curies":[{"name":"wp","href":"https:\/\/api.w.org\/{rel}","templated":true}]}}