{"id":5531,"date":"2011-12-14T19:51:59","date_gmt":"2011-12-14T22:51:59","guid":{"rendered":"http:\/\/ajupe.com.uy\/web\/?post_type=product&#038;p=5531"},"modified":"2012-02-22T16:56:28","modified_gmt":"2012-02-22T19:56:28","slug":"el-rostro-y-los-espejos","status":"publish","type":"product","link":"https:\/\/ajupe.com.uy\/web\/biblioteca\/el-rostro-y-los-espejos\/","title":{"rendered":"El rostro y los espejos"},"content":{"rendered":"<div id=\"idTab1\">\n<p style=\"text-align: justify;\"><span style=\"font-size: 10pt;\">Este  libro fue ganador del concurso internacional convocado en 2009 por la  Academia Nacional de Letras y la Biblioteca Nacional sobre el tema:  Juana de Ibarbourou: valoraci\u00f3n actual de su obra. Dicho concurso se  realiz\u00f3 con motivo de cumplirse 30 a\u00f1os de la muerte de la escritora, y  en celebraci\u00f3n de los 80 a\u00f1os de la publicaci\u00f3n de \u201cLas lenguas de  diamante\u201d, y los 80 a\u00f1os de que su autora fuera nominada \u201cJuana de  Am\u00e9rica\u201d.<\/span><\/p>\n<p style=\"text-align: justify;\"><span style=\"font-size: 10pt;\">El  jurado que entendi\u00f3 en el fallo, integrado por los Profesores Silvia  Lago, Ricardo Pallares y Jorge Arbeleche, resolvi\u00f3 otorgar el premio al  trabajo presentado bajo el seud\u00f3nimo Ren\u00e9, que respond\u00eda a los  Profesores Juan Francisco Costa y Marisa Faggiani Dominguez, por  \u201cproponer una lectura de Juana de Ibarbourou que, en el marco de su  singularidad, revela una adecuada fundamentaci\u00f3n conceptual con apoyo en  una bibliograf\u00eda centrada en su particular l\u00ednea interpretativa\u201d.\ufeff\ufeff<\/span><\/p>\n<\/div>\n","protected":false},"excerpt":{"rendered":"<p>Este libro fue ganador del concurso internacional convocado en 2009 por la Academia Nacional de Letras y la Biblioteca Nacional sobre el tema: Juana de Ibarbourou: valoraci\u00f3n actual de su obra.<\/p>\n","protected":false},"featured_media":5532,"template":"","meta":[],"product_brand":[1109],"product_cat":[44],"product_tag":[],"class_list":{"0":"post-5531","1":"product","2":"type-product","3":"status-publish","4":"has-post-thumbnail","6":"product_brand-juan-costa-y-marisa-dominguez","7":"product_cat-biografico","9":"first","10":"instock","11":"purchasable","12":"product-type-simple"},"featured_image_urls_v2":{"full":["https:\/\/ajupe.com.uy\/web\/wp-content\/uploads\/2016\/05\/p-5531-El_rostro_y_los__4f451e3cbb914.jpg",234,335,false],"thumbnail":["https:\/\/ajupe.com.uy\/web\/wp-content\/uploads\/2016\/05\/p-5531-El_rostro_y_los__4f451e3cbb914.jpg",150,150,true],"medium":["https:\/\/ajupe.com.uy\/web\/wp-content\/uploads\/2016\/05\/p-5531-El_rostro_y_los__4f451e3cbb914.jpg",300,214,true],"medium_large":["https:\/\/ajupe.com.uy\/web\/wp-content\/uploads\/2016\/05\/p-5531-El_rostro_y_los__4f451e3cbb914.jpg",234,335,false],"large":["https:\/\/ajupe.com.uy\/web\/wp-content\/uploads\/2016\/05\/p-5531-El_rostro_y_los__4f451e3cbb914.jpg",234,335,false],"1536x1536":["https:\/\/ajupe.com.uy\/web\/wp-content\/uploads\/2016\/05\/p-5531-El_rostro_y_los__4f451e3cbb914.jpg",234,335,false],"2048x2048":["https:\/\/ajupe.com.uy\/web\/wp-content\/uploads\/2016\/05\/p-5531-El_rostro_y_los__4f451e3cbb914.jpg",234,335,false],"woocommerce_archive_thumbnail":["https:\/\/ajupe.com.uy\/web\/wp-content\/uploads\/2016\/05\/p-5531-El_rostro_y_los__4f451e3cbb914-234x300.jpg",234,300,true],"woocommerce_thumbnail":["https:\/\/ajupe.com.uy\/web\/wp-content\/uploads\/2016\/05\/p-5531-El_rostro_y_los__4f451e3cbb914-234x300.jpg",234,300,true],"woocommerce_single":["https:\/\/ajupe.com.uy\/web\/wp-content\/uploads\/2016\/05\/p-5531-El_rostro_y_los__4f451e3cbb914.jpg",234,335,false],"woocommerce_gallery_thumbnail":["https:\/\/ajupe.com.uy\/web\/wp-content\/uploads\/2016\/05\/p-5531-El_rostro_y_los__4f451e3cbb914-100x100.jpg",100,100,true]},"post_excerpt_stackable_v2":"<p>Este libro fue ganador del concurso internacional convocado en 2009 por la Academia Nacional de Letras y la Biblioteca Nacional sobre el tema: Juana de Ibarbourou: valoraci\u00f3n actual de su obra.<\/p>\n","category_list_v2":"","author_info_v2":{"name":"","url":""},"comments_num_v2":"0 comentarios","_links":{"self":[{"href":"https:\/\/ajupe.com.uy\/web\/wp-json\/wp\/v2\/product\/5531","targetHints":{"allow":["GET"]}}],"collection":[{"href":"https:\/\/ajupe.com.uy\/web\/wp-json\/wp\/v2\/product"}],"about":[{"href":"https:\/\/ajupe.com.uy\/web\/wp-json\/wp\/v2\/types\/product"}],"wp:featuredmedia":[{"embeddable":true,"href":"https:\/\/ajupe.com.uy\/web\/wp-json\/wp\/v2\/media\/5532"}],"wp:attachment":[{"href":"https:\/\/ajupe.com.uy\/web\/wp-json\/wp\/v2\/media?parent=5531"}],"wp:term":[{"taxonomy":"product_brand","embeddable":true,"href":"https:\/\/ajupe.com.uy\/web\/wp-json\/wp\/v2\/product_brand?post=5531"},{"taxonomy":"product_cat","embeddable":true,"href":"https:\/\/ajupe.com.uy\/web\/wp-json\/wp\/v2\/product_cat?post=5531"},{"taxonomy":"product_tag","embeddable":true,"href":"https:\/\/ajupe.com.uy\/web\/wp-json\/wp\/v2\/product_tag?post=5531"}],"curies":[{"name":"wp","href":"https:\/\/api.w.org\/{rel}","templated":true}]}}