{"id":5540,"date":"2011-12-14T21:10:32","date_gmt":"2011-12-15T00:10:32","guid":{"rendered":"http:\/\/ajupe.com.uy\/web\/?post_type=product&#038;p=5540"},"modified":"2012-02-22T19:00:19","modified_gmt":"2012-02-22T22:00:19","slug":"la-confesion","status":"publish","type":"product","link":"https:\/\/ajupe.com.uy\/web\/biblioteca\/la-confesion\/","title":{"rendered":"La confesi\u00f3n"},"content":{"rendered":"<p><span style=\"font-size: 10pt;\">Travis Boyette, ex preso en libertad  condicional, se presenta en la iglesia de St. Marks para confesarse por  las agresiones sexuales y violaciones que ha cometido a lo largo de su  vida. Tiene un tumor cerebral y le quedan pocos meses. Pero para limpiar  su alma, Travis debe confesar tambi\u00e9n un crimen por el cual nunca fue  condenado: el asesinato de una chica blanca a\u00f1os atr\u00e1s. En su lugar, un  negro espera en el corredor de la muerte su ejecuci\u00f3n por dicho  homicidio. A pocas horas de que se cumpla la pena, el verdadero autor  del delito decide confesar a las autoridades. \u00bfPodr\u00e1 un hombre culpable  de tantos cr\u00edmenes abominables convencer a los jueces, abogados,  polic\u00edas y pol\u00edticos de que est\u00e1n a punto de ejecutar al hombre  equivocado?\ufeff<\/span><\/p>\n","protected":false},"excerpt":{"rendered":"<p>Travis Boyette, ex preso en libertad condicional, se presenta en la iglesia de St. Marks para confesarse por las agresiones sexuales y violaciones que ha cometido a lo largo de su vida.<\/p>\n","protected":false},"featured_media":5541,"template":"","meta":[],"product_brand":[77],"product_cat":[30],"product_tag":[],"class_list":{"0":"post-5540","1":"product","2":"type-product","3":"status-publish","4":"has-post-thumbnail","6":"product_brand-john-grisham","7":"product_cat-suspenso","9":"first","10":"instock","11":"purchasable","12":"product-type-simple"},"featured_image_urls_v2":{"full":["https:\/\/ajupe.com.uy\/web\/wp-content\/uploads\/2016\/05\/p-5540-La_confesi__n_4f453b4323ba4.jpg",225,335,false],"thumbnail":["https:\/\/ajupe.com.uy\/web\/wp-content\/uploads\/2016\/05\/p-5540-La_confesi__n_4f453b4323ba4.jpg",150,150,true],"medium":["https:\/\/ajupe.com.uy\/web\/wp-content\/uploads\/2016\/05\/p-5540-La_confesi__n_4f453b4323ba4.jpg",300,214,true],"medium_large":["https:\/\/ajupe.com.uy\/web\/wp-content\/uploads\/2016\/05\/p-5540-La_confesi__n_4f453b4323ba4.jpg",225,335,false],"large":["https:\/\/ajupe.com.uy\/web\/wp-content\/uploads\/2016\/05\/p-5540-La_confesi__n_4f453b4323ba4.jpg",225,335,false],"1536x1536":["https:\/\/ajupe.com.uy\/web\/wp-content\/uploads\/2016\/05\/p-5540-La_confesi__n_4f453b4323ba4.jpg",225,335,false],"2048x2048":["https:\/\/ajupe.com.uy\/web\/wp-content\/uploads\/2016\/05\/p-5540-La_confesi__n_4f453b4323ba4.jpg",225,335,false],"woocommerce_archive_thumbnail":["https:\/\/ajupe.com.uy\/web\/wp-content\/uploads\/2016\/05\/p-5540-La_confesi__n_4f453b4323ba4-225x300.jpg",225,300,true],"woocommerce_thumbnail":["https:\/\/ajupe.com.uy\/web\/wp-content\/uploads\/2016\/05\/p-5540-La_confesi__n_4f453b4323ba4-225x300.jpg",225,300,true],"woocommerce_single":["https:\/\/ajupe.com.uy\/web\/wp-content\/uploads\/2016\/05\/p-5540-La_confesi__n_4f453b4323ba4.jpg",225,335,false],"woocommerce_gallery_thumbnail":["https:\/\/ajupe.com.uy\/web\/wp-content\/uploads\/2016\/05\/p-5540-La_confesi__n_4f453b4323ba4-100x100.jpg",100,100,true]},"post_excerpt_stackable_v2":"<p>Travis Boyette, ex preso en libertad condicional, se presenta en la iglesia de St. Marks para confesarse por las agresiones sexuales y violaciones que ha cometido a lo largo de su vida.<\/p>\n","category_list_v2":"","author_info_v2":{"name":"","url":""},"comments_num_v2":"0 comentarios","_links":{"self":[{"href":"https:\/\/ajupe.com.uy\/web\/wp-json\/wp\/v2\/product\/5540","targetHints":{"allow":["GET"]}}],"collection":[{"href":"https:\/\/ajupe.com.uy\/web\/wp-json\/wp\/v2\/product"}],"about":[{"href":"https:\/\/ajupe.com.uy\/web\/wp-json\/wp\/v2\/types\/product"}],"wp:featuredmedia":[{"embeddable":true,"href":"https:\/\/ajupe.com.uy\/web\/wp-json\/wp\/v2\/media\/5541"}],"wp:attachment":[{"href":"https:\/\/ajupe.com.uy\/web\/wp-json\/wp\/v2\/media?parent=5540"}],"wp:term":[{"taxonomy":"product_brand","embeddable":true,"href":"https:\/\/ajupe.com.uy\/web\/wp-json\/wp\/v2\/product_brand?post=5540"},{"taxonomy":"product_cat","embeddable":true,"href":"https:\/\/ajupe.com.uy\/web\/wp-json\/wp\/v2\/product_cat?post=5540"},{"taxonomy":"product_tag","embeddable":true,"href":"https:\/\/ajupe.com.uy\/web\/wp-json\/wp\/v2\/product_tag?post=5540"}],"curies":[{"name":"wp","href":"https:\/\/api.w.org\/{rel}","templated":true}]}}