{"id":5546,"date":"2011-12-15T16:17:12","date_gmt":"2011-12-15T19:17:12","guid":{"rendered":"http:\/\/ajupe.com.uy\/web\/?post_type=product&#038;p=5546"},"modified":"2012-02-22T19:02:37","modified_gmt":"2012-02-22T22:02:37","slug":"la-devocion-del-sospechoso-x","status":"publish","type":"product","link":"https:\/\/ajupe.com.uy\/web\/biblioteca\/la-devocion-del-sospechoso-x\/","title":{"rendered":"La devoci\u00f3n del sospechoso X"},"content":{"rendered":"<p>La trama de este <strong>libro<\/strong> acaba de comenzar con este macabro suceso, luego un vecino al parecer  un poco bondadoso y tas saber la dif\u00edcil historia que pasaron estas dos  mujeres decide darles ayuda para desaparecer el cad\u00e1ver. Sabemos muy  bien que no hay crimen perfecto, luego de un tiempo el fallecido es  identificado y tambi\u00e9n con su correspondiente sospechosa Yasuko, el  ayudante llamado Ishigamu era un compa\u00f1ero del ahora doctor Yukawa, el  ahora colabora con la polic\u00eda forense para resolver distintos casos, y  en esta ocasi\u00f3n se topo con un gran amigo y compa\u00f1ero suyo.<\/p>\n<div style=\"text-align: justify;\">Un <strong>libro<\/strong> que est\u00e1 considerado como Best seller en la tierra del sol naciente, el <strong>libro<\/strong> tambi\u00e9n gano el premio Naoki 2006 a la mejor novela, y adem\u00e1s hay un trabajo cinematogr\u00e1fico muy bien realizado.<\/div>\n","protected":false},"excerpt":{"rendered":"<p>La trama de este libro acaba de comenzar con este macabro suceso, luego un vecino al parecer un poco bondadoso y tas saber la dif\u00edcil historia que pasaron estas dos mujeres decide darles ayuda para desaparecer el cad\u00e1ver.<\/p>\n","protected":false},"featured_media":5547,"template":"","meta":[],"product_brand":[1112],"product_cat":[48],"product_tag":[],"class_list":{"0":"post-5546","1":"product","2":"type-product","3":"status-publish","4":"has-post-thumbnail","6":"product_brand-keigo-higashino","7":"product_cat-thrillers","9":"first","10":"instock","11":"purchasable","12":"product-type-simple"},"featured_image_urls_v2":{"full":["https:\/\/ajupe.com.uy\/web\/wp-content\/uploads\/2016\/04\/p-5546-La_devoci__n_del_4f453bcdd9780.jpg",219,335,false],"thumbnail":["https:\/\/ajupe.com.uy\/web\/wp-content\/uploads\/2016\/04\/p-5546-La_devoci__n_del_4f453bcdd9780.jpg",150,150,true],"medium":["https:\/\/ajupe.com.uy\/web\/wp-content\/uploads\/2016\/04\/p-5546-La_devoci__n_del_4f453bcdd9780.jpg",300,214,true],"medium_large":["https:\/\/ajupe.com.uy\/web\/wp-content\/uploads\/2016\/04\/p-5546-La_devoci__n_del_4f453bcdd9780.jpg",219,335,false],"large":["https:\/\/ajupe.com.uy\/web\/wp-content\/uploads\/2016\/04\/p-5546-La_devoci__n_del_4f453bcdd9780.jpg",219,335,false],"1536x1536":["https:\/\/ajupe.com.uy\/web\/wp-content\/uploads\/2016\/04\/p-5546-La_devoci__n_del_4f453bcdd9780.jpg",219,335,false],"2048x2048":["https:\/\/ajupe.com.uy\/web\/wp-content\/uploads\/2016\/04\/p-5546-La_devoci__n_del_4f453bcdd9780.jpg",219,335,false],"woocommerce_archive_thumbnail":["https:\/\/ajupe.com.uy\/web\/wp-content\/uploads\/2016\/04\/p-5546-La_devoci__n_del_4f453bcdd9780-219x300.jpg",219,300,true],"woocommerce_thumbnail":["https:\/\/ajupe.com.uy\/web\/wp-content\/uploads\/2016\/04\/p-5546-La_devoci__n_del_4f453bcdd9780-219x300.jpg",219,300,true],"woocommerce_single":["https:\/\/ajupe.com.uy\/web\/wp-content\/uploads\/2016\/04\/p-5546-La_devoci__n_del_4f453bcdd9780.jpg",219,335,false],"woocommerce_gallery_thumbnail":["https:\/\/ajupe.com.uy\/web\/wp-content\/uploads\/2016\/04\/p-5546-La_devoci__n_del_4f453bcdd9780-100x100.jpg",100,100,true]},"post_excerpt_stackable_v2":"<p>La trama de este libro acaba de comenzar con este macabro suceso, luego un vecino al parecer un poco bondadoso y tas saber la dif\u00edcil historia que pasaron estas dos mujeres decide darles ayuda para desaparecer el cad\u00e1ver.<\/p>\n","category_list_v2":"","author_info_v2":{"name":"","url":""},"comments_num_v2":"0 comentarios","_links":{"self":[{"href":"https:\/\/ajupe.com.uy\/web\/wp-json\/wp\/v2\/product\/5546","targetHints":{"allow":["GET"]}}],"collection":[{"href":"https:\/\/ajupe.com.uy\/web\/wp-json\/wp\/v2\/product"}],"about":[{"href":"https:\/\/ajupe.com.uy\/web\/wp-json\/wp\/v2\/types\/product"}],"wp:featuredmedia":[{"embeddable":true,"href":"https:\/\/ajupe.com.uy\/web\/wp-json\/wp\/v2\/media\/5547"}],"wp:attachment":[{"href":"https:\/\/ajupe.com.uy\/web\/wp-json\/wp\/v2\/media?parent=5546"}],"wp:term":[{"taxonomy":"product_brand","embeddable":true,"href":"https:\/\/ajupe.com.uy\/web\/wp-json\/wp\/v2\/product_brand?post=5546"},{"taxonomy":"product_cat","embeddable":true,"href":"https:\/\/ajupe.com.uy\/web\/wp-json\/wp\/v2\/product_cat?post=5546"},{"taxonomy":"product_tag","embeddable":true,"href":"https:\/\/ajupe.com.uy\/web\/wp-json\/wp\/v2\/product_tag?post=5546"}],"curies":[{"name":"wp","href":"https:\/\/api.w.org\/{rel}","templated":true}]}}