{"id":5552,"date":"2011-12-15T17:50:57","date_gmt":"2011-12-15T20:50:57","guid":{"rendered":"http:\/\/ajupe.com.uy\/web\/?post_type=product&#038;p=5552"},"modified":"2012-02-22T19:06:14","modified_gmt":"2012-02-22T22:06:14","slug":"el-astro-nocturno","status":"publish","type":"product","link":"https:\/\/ajupe.com.uy\/web\/biblioteca\/el-astro-nocturno\/","title":{"rendered":"El astro nocturno"},"content":{"rendered":"<p>El noble visigodo Atanarik recorre el norte de \u00c1frica buscando tropas  bereberes para iniciar una campa\u00f1a contra el corrupto reino de Toledo.  Recuerda su hu\u00edda de la corte, perseguido por un asesinato que no  cometi\u00f3 y acompa\u00f1ado por una sierva vascona, Alodia, a la que tiempo  atr\u00e1s hab\u00eda rescatado de un sacrificio infame. <br \/>M\u00e1s tarde, tras la ca\u00edda del reino, en las monta\u00f1as de Vindi\u00f3n, un  antiguo gardingo real se levanta, a la cabeza de sus fieles, contra el  gobernador Munuza. Entretanto, en el Pirineo, la poblaci\u00f3n vascona se  enfrenta al nuevo poder opresor. <br \/>En medio de las guerras y la intriga pol\u00edtica, la historia de amor  de la sierva Alodia hacia el noble visigodo Atanarik se va desarrollando  como un r\u00edo de paz en un momento ca\u00f3tico de la historia de la pen\u00ednsula  Ib\u00e9rica.<\/p>\n","protected":false},"excerpt":{"rendered":"<p>Una absorbente historia de amor durante la invasi\u00f3n musulmana del reino visigodo y los inicios de la reconquista cristiana.<\/p>\n","protected":false},"featured_media":5553,"template":"","meta":[],"product_brand":[1114],"product_cat":[29],"product_tag":[],"class_list":{"0":"post-5552","1":"product","2":"type-product","3":"status-publish","4":"has-post-thumbnail","6":"product_brand-maria-gudin","7":"product_cat-novela","9":"first","10":"instock","11":"purchasable","12":"product-type-simple"},"featured_image_urls_v2":{"full":["https:\/\/ajupe.com.uy\/web\/wp-content\/uploads\/2016\/04\/p-5552-El_astro_nocturn_4f453ca680048.jpg",227,347,false],"thumbnail":["https:\/\/ajupe.com.uy\/web\/wp-content\/uploads\/2016\/04\/p-5552-El_astro_nocturn_4f453ca680048.jpg",150,150,true],"medium":["https:\/\/ajupe.com.uy\/web\/wp-content\/uploads\/2016\/04\/p-5552-El_astro_nocturn_4f453ca680048.jpg",300,214,true],"medium_large":["https:\/\/ajupe.com.uy\/web\/wp-content\/uploads\/2016\/04\/p-5552-El_astro_nocturn_4f453ca680048.jpg",227,347,false],"large":["https:\/\/ajupe.com.uy\/web\/wp-content\/uploads\/2016\/04\/p-5552-El_astro_nocturn_4f453ca680048.jpg",227,347,false],"1536x1536":["https:\/\/ajupe.com.uy\/web\/wp-content\/uploads\/2016\/04\/p-5552-El_astro_nocturn_4f453ca680048.jpg",227,347,false],"2048x2048":["https:\/\/ajupe.com.uy\/web\/wp-content\/uploads\/2016\/04\/p-5552-El_astro_nocturn_4f453ca680048.jpg",227,347,false],"woocommerce_archive_thumbnail":["https:\/\/ajupe.com.uy\/web\/wp-content\/uploads\/2016\/04\/p-5552-El_astro_nocturn_4f453ca680048-227x300.jpg",227,300,true],"woocommerce_thumbnail":["https:\/\/ajupe.com.uy\/web\/wp-content\/uploads\/2016\/04\/p-5552-El_astro_nocturn_4f453ca680048-227x300.jpg",227,300,true],"woocommerce_single":["https:\/\/ajupe.com.uy\/web\/wp-content\/uploads\/2016\/04\/p-5552-El_astro_nocturn_4f453ca680048.jpg",227,347,false],"woocommerce_gallery_thumbnail":["https:\/\/ajupe.com.uy\/web\/wp-content\/uploads\/2016\/04\/p-5552-El_astro_nocturn_4f453ca680048-100x100.jpg",100,100,true]},"post_excerpt_stackable_v2":"<p>Una absorbente historia de amor durante la invasi\u00f3n musulmana del reino visigodo y los inicios de la reconquista cristiana.<\/p>\n","category_list_v2":"","author_info_v2":{"name":"","url":""},"comments_num_v2":"0 comentarios","_links":{"self":[{"href":"https:\/\/ajupe.com.uy\/web\/wp-json\/wp\/v2\/product\/5552","targetHints":{"allow":["GET"]}}],"collection":[{"href":"https:\/\/ajupe.com.uy\/web\/wp-json\/wp\/v2\/product"}],"about":[{"href":"https:\/\/ajupe.com.uy\/web\/wp-json\/wp\/v2\/types\/product"}],"wp:featuredmedia":[{"embeddable":true,"href":"https:\/\/ajupe.com.uy\/web\/wp-json\/wp\/v2\/media\/5553"}],"wp:attachment":[{"href":"https:\/\/ajupe.com.uy\/web\/wp-json\/wp\/v2\/media?parent=5552"}],"wp:term":[{"taxonomy":"product_brand","embeddable":true,"href":"https:\/\/ajupe.com.uy\/web\/wp-json\/wp\/v2\/product_brand?post=5552"},{"taxonomy":"product_cat","embeddable":true,"href":"https:\/\/ajupe.com.uy\/web\/wp-json\/wp\/v2\/product_cat?post=5552"},{"taxonomy":"product_tag","embeddable":true,"href":"https:\/\/ajupe.com.uy\/web\/wp-json\/wp\/v2\/product_tag?post=5552"}],"curies":[{"name":"wp","href":"https:\/\/api.w.org\/{rel}","templated":true}]}}